{"id":7881,"date":"2020-11-16T22:16:23","date_gmt":"2020-11-17T03:16:23","guid":{"rendered":"https:\/\/envari.com\/infrastructure-pour-vehicules-electriques\/evaluation-dadaptation-aux-vehicules-electriques-eave\/"},"modified":"2024-02-29T18:21:24","modified_gmt":"2024-02-29T23:21:24","slug":"eave","status":"publish","type":"page","link":"https:\/\/envari.com\/fr\/infrastructure-pour-vehicules-electriques\/eave\/","title":{"rendered":"\u00c9valuation d\u2019adaptation aux v\u00e9hicules \u00e9lectriques (EAVE)"},"content":{"rendered":"<div class=\"wpb-content-wrapper\"><p>[vc_row][vc_column]\t\t\t<script src=\"\/\/envari.com\/wp-content\/plugins\/revslider\/sr6\/assets\/js\/rbtools.min.js?rev=6.7.40\"><\/script>\n\t\t\t<script src=\"\/\/envari.com\/wp-content\/plugins\/revslider\/sr6\/assets\/js\/rs6.min.js?rev=6.7.40\"><\/script>\n\n\t\t\t<!-- START Main Banner Extended REVOLUTION SLIDER 6.7.40 --><p class=\"rs-p-wp-fix\"><\/p>\n\t\t\t<rs-module-wrap id=\"rev_slider_23_1_wrapper\" data-source=\"post\" style=\"visibility:hidden;background:transparent;padding:0;margin:0px auto;margin-top:0;margin-bottom:0;\">\n\t\t\t\t<rs-module id=\"rev_slider_23_1\" style=\"\" data-version=\"6.7.40\">\n\t\t\t\t\t<rs-slides style=\"overflow: hidden; position: absolute;\">\n\t\t\t\t\t\t<rs-slide style=\"position: absolute;\" data-key=\"rs-7881\" data-title=\"\u00c9valuation d\u2019adaptation aux v\u00e9hicules \u00e9lectriques (EAVE)\" data-anim=\"ms:600;r:0;\" data-in=\"o:0;\" data-out=\"a:false;\">\n\t\t\t\t\t\t\t<img decoding=\"async\" src=\"\/\/envari.com\/wp-content\/plugins\/revslider\/sr6\/assets\/assets\/dummy.png\" alt=\"\" title=\"evra-banner-02\" width=\"1920\" height=\"844\" class=\"rev-slidebg tp-rs-img rs-lazyload\" data-lazyload=\"\/\/envari.com\/wp-content\/uploads\/2020\/11\/evra-banner-02.jpg\" data-no-retina>\n<!--\n\t\t\t\t\t\t\t--><rs-layer\n\t\t\t\t\t\t\t\tid=\"slider-23-slide-7881-layer-1\" \n\t\t\t\t\t\t\t\tclass=\"rs-selectable\"\n\t\t\t\t\t\t\t\tdata-type=\"text\"\n\t\t\t\t\t\t\t\tdata-tsh=\"c:rgba(0,19,132,0.3);b:20px,18px,13px,8px;\"\n\t\t\t\t\t\t\t\tdata-rsp_ch=\"on\"\n\t\t\t\t\t\t\t\tdata-xy=\"x:l,l,c,c;xo:-39px,73px,0,0;y:m;\"\n\t\t\t\t\t\t\t\tdata-text=\"w:normal;s:21,21,21,20;l:32,29,30,30;a:left,left,left,center;\"\n\t\t\t\t\t\t\t\tdata-dim=\"w:66%,66%,80%,90%;\"\n\t\t\t\t\t\t\t\tdata-padding=\"t:40,37,30,20;r:40,37,30,20;b:40,37,30,20;l:40,37,30,20;\"\n\t\t\t\t\t\t\t\tdata-frame_0=\"x:left;\"\n\t\t\t\t\t\t\t\tdata-frame_1=\"sp:2000;\"\n\t\t\t\t\t\t\t\tdata-frame_999=\"o:0;st:w;\"\n\t\t\t\t\t\t\t\tstyle=\"z-index:6;background-color:rgba(0,146,188,0.95);font-family:'Roboto';\"\n\t\t\t\t\t\t\t><h1 class=\"banner-title\">\u00c9valuation d\u2019adaptation aux v\u00e9hicules \u00e9lectriques (EAVE)<\/h1>Rendez immeuble plus vert et pr\u00eat pour les v\u00e9hicules de demain. Faites le premier pas en planifiant l\u2019installation de bornes de recharge pour VE. \n\t\t\t\t\t\t\t<\/rs-layer><!--\n\n\t\t\t\t\t\t\t--><rs-layer\n\t\t\t\t\t\t\t\tid=\"slider-23-slide-7881-layer-2\" \n\t\t\t\t\t\t\t\tclass=\"rs-selectable\"\n\t\t\t\t\t\t\t\tdata-type=\"shape\"\n\t\t\t\t\t\t\t\tdata-rsp_ch=\"on\"\n\t\t\t\t\t\t\t\tdata-xy=\"y:b;\"\n\t\t\t\t\t\t\t\tdata-text=\"w:normal;s:20,18,13,8;l:0,23,17,10;\"\n\t\t\t\t\t\t\t\tdata-dim=\"w:100%;h:15px,13px,9px,5px;\"\n\t\t\t\t\t\t\t\tdata-basealign=\"slide\"\n\t\t\t\t\t\t\t\tdata-frame_999=\"o:0;st:w;\"\n\t\t\t\t\t\t\t\tstyle=\"z-index:7;background:linear-gradient(270deg, rgba(242,181,82,1) 0%, rgba(229,124,70,1) 100%);\"\n\t\t\t\t\t\t\t> \n\t\t\t\t\t\t\t<\/rs-layer><!--\n-->\t\t\t\t\t<\/rs-slide>\n\t\t\t\t\t<\/rs-slides>\n\t\t\t\t<\/rs-module>\n\t\t\t\t<script>\n\t\t\t\t\tsetREVStartSize({c: 'rev_slider_23_1',rl:[1240,1024,778,480],el:[415,415,415,415],gw:[1100,1024,778,480],gh:[415,415,415,415],type:'hero',justify:'',layout:'fullwidth',mh:\"0\"});if (window.RS_MODULES!==undefined && window.RS_MODULES.modules!==undefined && window.RS_MODULES.modules[\"revslider231\"]!==undefined) {window.RS_MODULES.modules[\"revslider231\"].once = false;window.revapi23 = undefined;if (window.RS_MODULES.checkMinimal!==undefined) window.RS_MODULES.checkMinimal()}\n\t\t\t\t<\/script>\n\t\t\t<\/rs-module-wrap>\n\t\t\t<!-- END REVOLUTION SLIDER -->\n[\/vc_column][\/vc_row][vc_row content_width=\u00a0\u00bbgrid\u00a0\u00bb content_aligment=\u00a0\u00bbcenter\u00a0\u00bb css=\u00a0\u00bb.vc_custom_1605123391012{margin-bottom: 40px !important;padding-top: 40px !important;padding-bottom: 40px !important;background-color: #1b365d !important;}\u00a0\u00bb el_class=\u00a0\u00bbdark-section\u00a0\u00bb][vc_column][vc_single_image image=\u00a0\u00bb6521&Prime; alignment=\u00a0\u00bbcenter\u00a0\u00bb][vc_column_text css=\u00a0\u00bb.vc_custom_1605583945598{margin-top: 15px !important;margin-bottom: 15px !important;}\u00a0\u00bb]<\/p>\n<h2><strong>L\u2019\u00e9lectrification, une question d\u2019avenir<\/strong><\/h2>\n<p>[\/vc_column_text][vc_column_text]<\/p>\n<h3 style=\"font-weight: normal;\"><span style=\"font-weight: 400;\"><br \/>\nLaissez-nous simplifier le processus d\u2019installation pour vous. Envari offre des solutions cl\u00e9s en main en mati\u00e8re de recharge pour VE, et le tout commence par notre \u00c9valuation d\u2019adaptation aux v\u00e9hicules \u00e9lectriques (EAVE).<br \/>\n<\/span><\/h3>\n<p>[\/vc_column_text][vc_column_text css=\u00a0\u00bb.vc_custom_1605584434033{margin-top: 15px !important;}\u00a0\u00bb]<\/p>\n<h3 style=\"color: #fff;\">Demandez d\u00e8s aujourd\u2019hui une inspection et une analyse du syst\u00e8me \u00e9lectrique de votre immeuble et de la configuration de votre stationnement.<\/h3>\n<p>[\/vc_column_text][\/vc_column][\/vc_row][vc_row content_width=\u00a0\u00bbgrid\u00a0\u00bb css=\u00a0\u00bb.vc_custom_1605719662909{padding-top: 20px !important;}\u00a0\u00bb][vc_column width=\u00a0\u00bb3\/5&Prime;][vc_column_text css=\u00a0\u00bb.vc_custom_1609939101816{margin-bottom: 20px !important;}\u00a0\u00bb]<\/p>\n<h2 style=\"color: #cc4a1d; font-size: 2.2em;\">Notre rapport EAVE est la premi\u00e8re \u00e9tape de planification de votre infrastructure pour VE<\/h2>\n<p>[\/vc_column_text][vc_column_text]Le rapport EAVE d\u2019Envari comprend une inspection et une analyse exhaustives de votre \u00e9quipement de mesurage afin de d\u00e9terminer le nombre, l\u2019emplacement et le type de bornes de recharge qui conviennent au syst\u00e8me \u00e9lectrique de votre immeuble et \u00e0 votre budget. Le rapport fournit les \u00e9l\u00e9ments suivants :<\/p>\n<ul class=\"ev-icons\">\n<li>R\u00e9sum\u00e9 du service \u00e9lectrique de l\u2019immeuble et des emplacements possibles pour les bornes de recharge pour VE<\/li>\n<li>Aper\u00e7u des solutions technologiques disponibles pour la recharge de VE<\/li>\n<li>Options de bornes de recharge pour VE<\/li>\n<li>Estimation des co\u00fbts d\u2019installation d\u2019une infrastructure de bornes de recharge pour VE<\/li>\n<\/ul>\n<p>[\/vc_column_text][\/vc_column][vc_column width=\u00a0\u00bb2\/5&Prime;][vc_raw_html]JTNDZGl2JTIwc3R5bGUlM0QlMjJwYWRkaW5nJTNBMTVweCUyMDE4cHglM0IlMjBiYWNrZ3JvdW5kJTNBJTIzMDY3YjljJTNCJTIwY29sb3IlM0ElMjNmZmYlM0IlMjBmb250LXdlaWdodCUzQWJvbGQlM0IlMjBmb250LXNpemUlM0EyMnB4JTNCJTIwYm9yZGVyLXJhZGl1cyUzQTEwcHglMjAxMHB4JTIwMCUyMDAlM0IlMjBsaW5lLWhlaWdodCUzQTI4cHglM0IlMjIlM0VEZW1hbmRleiUyMGQlQzMlQThzJTIwYXVqb3VyZCVFMiU4MCU5OWh1aSUyMHVuZSUyMCVDMyU4OXZhbHVhdGlvbiUyMGQlRTIlODAlOTlhZGFwdGF0aW9uJTIwYXV4JTIwdiVDMyVBOWhpY3VsZXMlMjAlQzMlQTlsZWN0cmlxdWVzJTNDJTJGZGl2JTNFJTBBJTNDZGl2JTIwc3R5bGUlM0QlMjJwYWRkaW5nJTNBMjBweCUyMDE4cHglMjAzMHB4JTIwMThweCUzQiUyMGJhY2tncm91bmQlM0ElMjNlZWUlM0IlMjBib3JkZXItcmFkaXVzJTNBMCUyMDAlMjAxMHB4JTIwMTBweCUyMiUzRSUwQSUwQSUzQ2lmcmFtZSUyMHNyYyUzRCUyMmh0dHBzJTNBJTJGJTJGZ28uZW52YXJpLmNvbSUyRmwlMkYxMDUyNTQzJTJGMjAyNC0wMi0yOSUyRjQxNzhpJTIyJTIwd2lkdGglM0QlMjIxMDAlMjUlMjIlMjBoZWlnaHQlM0QlMjI1MDAlMjIlMjB0eXBlJTNEJTIydGV4dCUyRmh0bWwlMjIlMjBmcmFtZWJvcmRlciUzRCUyMjAlMjIlMjBhbGxvd1RyYW5zcGFyZW5jeSUzRCUyMnRydWUlMjIlMjBzdHlsZSUzRCUyMmJvcmRlciUzQSUyMDAlMjIlM0UlM0MlMkZpZnJhbWUlM0UlMEElMEElM0MlMkZkaXYlM0U=[\/vc_raw_html][\/vc_column][\/vc_row][vc_row content_width=\u00a0\u00bbgrid\u00a0\u00bb css=\u00a0\u00bb.vc_custom_1605725547490{padding-top: 0px !important;padding-bottom: 40px !important;}\u00a0\u00bb][vc_column][vc_column_text]Vous recevrez par \u00e9crit une \u00e9valuation ainsi que des recommandations relatives aux prochaines \u00e9tapes \u00e0 suivre pour adapter votre immeuble aux besoins d\u2019aujourd\u2019hui et de demain. Notre rapport peut parfaitement \u00eatre inclus dans un plan \u00e0 plus grande \u00e9chelle ou un projet d\u2019immobilisations, ou encore servir \u00e0 proposer des options de recharge pour VE aux locataires.[\/vc_column_text][\/vc_column][\/vc_row][vc_row content_width=\u00a0\u00bbgrid\u00a0\u00bb header_style=\u00a0\u00bbqodef-dark-header\u00a0\u00bb css=\u00a0\u00bb.vc_custom_1605122540713{margin-bottom: 0px !important;padding-top: 50px !important;padding-bottom: 50px !important;background-color: #eeeeee !important;}\u00a0\u00bb][vc_column width=\u00a0\u00bb1\/4&Prime; offset=\u00a0\u00bbvc_col-xs-12 vc_hidden-xs\u00a0\u00bb css=\u00a0\u00bb.vc_custom_1588272977471{padding-right: 5px !important;}\u00a0\u00bb][vc_single_image image=\u00a0\u00bb6588&Prime; img_size=\u00a0\u00bb222&#215;222&Prime; css=\u00a0\u00bb.vc_custom_1623961242970{padding-right: 20px !important;padding-left: 20px !important;}\u00a0\u00bb][\/vc_column][vc_column width=\u00a0\u00bb3\/4&Prime;][vc_column_text css=\u00a0\u00bb.vc_custom_1588094550596{padding-bottom: 10px !important;}\u00a0\u00bb]<\/p>\n<h2 class=\"non-collapsible-title\">\u00c0 propos d\u2019Envari<\/h2>\n<p>[\/vc_column_text][vc_column_text]Nous sommes les experts en transformation d\u2019\u00e9nergie \u00e0 Ottawa. Nous offrons un vaste \u00e9ventail de solutions \u00e9nerg\u00e9tiques qui aident les entreprises \u2013 comme la v\u00f4tre \u2013 \u00e0 modifier consid\u00e9rablement leur consommation d\u2019\u00e9nergie. Nos clients r\u00e9alisent d\u2019importantes \u00e9conomies, rendent leur environnement plus vert et b\u00e9n\u00e9ficient d\u2019une dur\u00e9e de vie accrue de leurs actifs. Notre vaste r\u00e9seau de partenaires, notre influence dans l\u2019industrie et notre r\u00e9putation t\u00e9moignent de la priorit\u00e9 absolue que nous accordons \u00e0 la satisfaction de nos clients.<\/p>\n<p>Les clients font appel \u00e0 nous pour obtenir de l\u2019expertise et des connaissances en lien avec tous les incitatifs financiers gouvernementaux et r\u00e9glementaires qui sont actuellement offerts ou dont le lancement est pr\u00e9vu.<\/p>\n<p>Ayez l\u2019esprit plus tranquille en sachant que vous avez efficacement tir\u00e9 parti des incitatifs financiers en mati\u00e8re de conservation d\u2019\u00e9nergie, de mises \u00e0 niveau et de projets \u00e9co\u00e9nerg\u00e9tiques. Vos avantages\u00a0: un maximum d\u2019\u00e9conomies et la plus courte p\u00e9riode de r\u00e9cup\u00e9ration du capital investi.<\/p>\n<p>Envari est une soci\u00e9t\u00e9 affili\u00e9e d\u2019Hydro Ottawa. Apprenez-en davantage \u00e0 Envari.com ou contactez-nous \u00e0 <u><a href=\"mailto:Sales@Envari.com\">Sales@Envari.com<\/a><\/u> ou au 613\u00a0321-VARI (8274).[\/vc_column_text][\/vc_column][\/vc_row]<\/p>\n<\/div>","protected":false},"excerpt":{"rendered":"<p>[vc_row][vc_column][\/vc_column][\/vc_row][vc_row content_width=\u00a0\u00bbgrid\u00a0\u00bb content_aligment=\u00a0\u00bbcenter\u00a0\u00bb css=\u00a0\u00bb.vc_custom_1605123391012{margin-bottom: 40px !important;padding-top: 40px !important;padding-bottom: 40px !important;background-color: #1b365d !important;}\u00a0\u00bb el_class=\u00a0\u00bbdark-section\u00a0\u00bb][vc_column][vc_single_image image=\u00a0\u00bb6521&Prime; alignment=\u00a0\u00bbcenter\u00a0\u00bb][vc_column_text css=\u00a0\u00bb.vc_custom_1605583945598{margin-top: 15px !important;margin-bottom: 15px !important;}\u00a0\u00bb] L\u2019\u00e9lectrification, une question d\u2019avenir [\/vc_column_text][vc_column_text] Laissez-nous simplifier le processus d\u2019installation pour vous. Envari offre des solutions cl\u00e9s en main en mati\u00e8re de recharge pour VE,&#8230;<\/p>\n","protected":false},"author":15,"featured_media":6542,"parent":7776,"menu_order":0,"comment_status":"closed","ping_status":"closed","template":"full-width.php","meta":{"inline_featured_image":false,"footnotes":""},"class_list":["post-7881","page","type-page","status-publish","has-post-thumbnail","hentry"],"yoast_head":"<!-- This site is optimized with the Yoast SEO plugin v27.3 - https:\/\/yoast.com\/product\/yoast-seo-wordpress\/ -->\n<title>\u00c9valuation d\u2019adaptation aux v\u00e9hicules \u00e9lectriques (EAVE) - Envari Solutions \u00e9nerg\u00e9tiques<\/title>\n<meta name=\"robots\" content=\"noindex, nofollow\" \/>\n<meta property=\"og:locale\" content=\"fr_FR\" \/>\n<meta property=\"og:type\" content=\"article\" \/>\n<meta property=\"og:title\" content=\"\u00c9valuation d\u2019adaptation aux v\u00e9hicules \u00e9lectriques (EAVE) - Envari Solutions \u00e9nerg\u00e9tiques\" \/>\n<meta property=\"og:description\" content=\"[vc_row][vc_column][\/vc_column][\/vc_row][vc_row content_width=\u00a0\u00bbgrid\u00a0\u00bb content_aligment=\u00a0\u00bbcenter\u00a0\u00bb css=\u00a0\u00bb.vc_custom_1605123391012{margin-bottom: 40px !important;padding-top: 40px !important;padding-bottom: 40px !important;background-color: #1b365d !important;}\u00a0\u00bb el_class=\u00a0\u00bbdark-section\u00a0\u00bb][vc_column][vc_single_image image=\u00a0\u00bb6521&Prime; alignment=\u00a0\u00bbcenter\u00a0\u00bb][vc_column_text css=\u00a0\u00bb.vc_custom_1605583945598{margin-top: 15px !important;margin-bottom: 15px !important;}\u00a0\u00bb] L\u2019\u00e9lectrification, une question d\u2019avenir [\/vc_column_text][vc_column_text] Laissez-nous simplifier le processus d\u2019installation pour vous. Envari offre des solutions cl\u00e9s en main en mati\u00e8re de recharge pour VE,...\" \/>\n<meta property=\"og:url\" content=\"https:\/\/staging.envari.com\/fr\/infrastructure-pour-vehicules-electriques\/eave\/\" \/>\n<meta property=\"og:site_name\" content=\"Envari Solutions \u00e9nerg\u00e9tiques\" \/>\n<meta property=\"article:modified_time\" content=\"2024-02-29T23:21:24+00:00\" \/>\n<meta property=\"og:image\" content=\"https:\/\/staging.envari.com\/wp-content\/uploads\/2020\/11\/evra-banner-02.jpg\" \/>\n\t<meta property=\"og:image:width\" content=\"1920\" \/>\n\t<meta property=\"og:image:height\" content=\"844\" \/>\n\t<meta property=\"og:image:type\" content=\"image\/jpeg\" \/>\n<meta name=\"twitter:card\" content=\"summary_large_image\" \/>\n<meta name=\"twitter:label1\" content=\"Dur\u00e9e de lecture estim\u00e9e\" \/>\n\t<meta name=\"twitter:data1\" content=\"3 minutes\" \/>\n<script type=\"application\/ld+json\" class=\"yoast-schema-graph\">{\"@context\":\"https:\\\/\\\/schema.org\",\"@graph\":[{\"@type\":\"WebPage\",\"@id\":\"https:\\\/\\\/staging.envari.com\\\/fr\\\/infrastructure-pour-vehicules-electriques\\\/eave\\\/\",\"url\":\"https:\\\/\\\/staging.envari.com\\\/fr\\\/infrastructure-pour-vehicules-electriques\\\/eave\\\/\",\"name\":\"\u00c9valuation d\u2019adaptation aux v\u00e9hicules \u00e9lectriques (EAVE) - Envari Solutions \u00e9nerg\u00e9tiques\",\"isPartOf\":{\"@id\":\"https:\\\/\\\/staging.envari.com\\\/#website\"},\"primaryImageOfPage\":{\"@id\":\"https:\\\/\\\/staging.envari.com\\\/fr\\\/infrastructure-pour-vehicules-electriques\\\/eave\\\/#primaryimage\"},\"image\":{\"@id\":\"https:\\\/\\\/staging.envari.com\\\/fr\\\/infrastructure-pour-vehicules-electriques\\\/eave\\\/#primaryimage\"},\"thumbnailUrl\":\"https:\\\/\\\/envari.com\\\/wp-content\\\/uploads\\\/2020\\\/11\\\/evra-banner-02.jpg\",\"datePublished\":\"2020-11-17T03:16:23+00:00\",\"dateModified\":\"2024-02-29T23:21:24+00:00\",\"breadcrumb\":{\"@id\":\"https:\\\/\\\/staging.envari.com\\\/fr\\\/infrastructure-pour-vehicules-electriques\\\/eave\\\/#breadcrumb\"},\"inLanguage\":\"fr-FR\",\"potentialAction\":[{\"@type\":\"ReadAction\",\"target\":[\"https:\\\/\\\/staging.envari.com\\\/fr\\\/infrastructure-pour-vehicules-electriques\\\/eave\\\/\"]}]},{\"@type\":\"ImageObject\",\"inLanguage\":\"fr-FR\",\"@id\":\"https:\\\/\\\/staging.envari.com\\\/fr\\\/infrastructure-pour-vehicules-electriques\\\/eave\\\/#primaryimage\",\"url\":\"https:\\\/\\\/envari.com\\\/wp-content\\\/uploads\\\/2020\\\/11\\\/evra-banner-02.jpg\",\"contentUrl\":\"https:\\\/\\\/envari.com\\\/wp-content\\\/uploads\\\/2020\\\/11\\\/evra-banner-02.jpg\",\"width\":1920,\"height\":844},{\"@type\":\"BreadcrumbList\",\"@id\":\"https:\\\/\\\/staging.envari.com\\\/fr\\\/infrastructure-pour-vehicules-electriques\\\/eave\\\/#breadcrumb\",\"itemListElement\":[{\"@type\":\"ListItem\",\"position\":1,\"name\":\"Home\",\"item\":\"https:\\\/\\\/staging.envari.com\\\/fr\\\/\"},{\"@type\":\"ListItem\",\"position\":2,\"name\":\"Infrastructure pour v\u00e9hicules \u00e9lectriques\",\"item\":\"https:\\\/\\\/staging.envari.com\\\/fr\\\/infrastructure-pour-vehicules-electriques\\\/\"},{\"@type\":\"ListItem\",\"position\":3,\"name\":\"\u00c9valuation d\u2019adaptation aux v\u00e9hicules \u00e9lectriques (EAVE)\"}]},{\"@type\":\"WebSite\",\"@id\":\"https:\\\/\\\/staging.envari.com\\\/#website\",\"url\":\"https:\\\/\\\/staging.envari.com\\\/\",\"name\":\"Envari Solutions \u00e9nerg\u00e9tiques\",\"description\":\"Energy transformation specialists offering a wide range of energy management solutions to commercial, utility and government clients.\",\"potentialAction\":[{\"@type\":\"SearchAction\",\"target\":{\"@type\":\"EntryPoint\",\"urlTemplate\":\"https:\\\/\\\/staging.envari.com\\\/?s={search_term_string}\"},\"query-input\":{\"@type\":\"PropertyValueSpecification\",\"valueRequired\":true,\"valueName\":\"search_term_string\"}}],\"inLanguage\":\"fr-FR\"}]}<\/script>\n<!-- \/ Yoast SEO plugin. -->","yoast_head_json":{"title":"\u00c9valuation d\u2019adaptation aux v\u00e9hicules \u00e9lectriques (EAVE) - Envari Solutions \u00e9nerg\u00e9tiques","robots":{"index":"noindex","follow":"nofollow"},"og_locale":"fr_FR","og_type":"article","og_title":"\u00c9valuation d\u2019adaptation aux v\u00e9hicules \u00e9lectriques (EAVE) - Envari Solutions \u00e9nerg\u00e9tiques","og_description":"[vc_row][vc_column][\/vc_column][\/vc_row][vc_row content_width=\u00a0\u00bbgrid\u00a0\u00bb content_aligment=\u00a0\u00bbcenter\u00a0\u00bb css=\u00a0\u00bb.vc_custom_1605123391012{margin-bottom: 40px !important;padding-top: 40px !important;padding-bottom: 40px !important;background-color: #1b365d !important;}\u00a0\u00bb el_class=\u00a0\u00bbdark-section\u00a0\u00bb][vc_column][vc_single_image image=\u00a0\u00bb6521&Prime; alignment=\u00a0\u00bbcenter\u00a0\u00bb][vc_column_text css=\u00a0\u00bb.vc_custom_1605583945598{margin-top: 15px !important;margin-bottom: 15px !important;}\u00a0\u00bb] L\u2019\u00e9lectrification, une question d\u2019avenir [\/vc_column_text][vc_column_text] Laissez-nous simplifier le processus d\u2019installation pour vous. Envari offre des solutions cl\u00e9s en main en mati\u00e8re de recharge pour VE,...","og_url":"https:\/\/staging.envari.com\/fr\/infrastructure-pour-vehicules-electriques\/eave\/","og_site_name":"Envari Solutions \u00e9nerg\u00e9tiques","article_modified_time":"2024-02-29T23:21:24+00:00","og_image":[{"width":1920,"height":844,"url":"https:\/\/staging.envari.com\/wp-content\/uploads\/2020\/11\/evra-banner-02.jpg","type":"image\/jpeg"}],"twitter_card":"summary_large_image","twitter_misc":{"Dur\u00e9e de lecture estim\u00e9e":"3 minutes"},"schema":{"@context":"https:\/\/schema.org","@graph":[{"@type":"WebPage","@id":"https:\/\/staging.envari.com\/fr\/infrastructure-pour-vehicules-electriques\/eave\/","url":"https:\/\/staging.envari.com\/fr\/infrastructure-pour-vehicules-electriques\/eave\/","name":"\u00c9valuation d\u2019adaptation aux v\u00e9hicules \u00e9lectriques (EAVE) - Envari Solutions \u00e9nerg\u00e9tiques","isPartOf":{"@id":"https:\/\/staging.envari.com\/#website"},"primaryImageOfPage":{"@id":"https:\/\/staging.envari.com\/fr\/infrastructure-pour-vehicules-electriques\/eave\/#primaryimage"},"image":{"@id":"https:\/\/staging.envari.com\/fr\/infrastructure-pour-vehicules-electriques\/eave\/#primaryimage"},"thumbnailUrl":"https:\/\/envari.com\/wp-content\/uploads\/2020\/11\/evra-banner-02.jpg","datePublished":"2020-11-17T03:16:23+00:00","dateModified":"2024-02-29T23:21:24+00:00","breadcrumb":{"@id":"https:\/\/staging.envari.com\/fr\/infrastructure-pour-vehicules-electriques\/eave\/#breadcrumb"},"inLanguage":"fr-FR","potentialAction":[{"@type":"ReadAction","target":["https:\/\/staging.envari.com\/fr\/infrastructure-pour-vehicules-electriques\/eave\/"]}]},{"@type":"ImageObject","inLanguage":"fr-FR","@id":"https:\/\/staging.envari.com\/fr\/infrastructure-pour-vehicules-electriques\/eave\/#primaryimage","url":"https:\/\/envari.com\/wp-content\/uploads\/2020\/11\/evra-banner-02.jpg","contentUrl":"https:\/\/envari.com\/wp-content\/uploads\/2020\/11\/evra-banner-02.jpg","width":1920,"height":844},{"@type":"BreadcrumbList","@id":"https:\/\/staging.envari.com\/fr\/infrastructure-pour-vehicules-electriques\/eave\/#breadcrumb","itemListElement":[{"@type":"ListItem","position":1,"name":"Home","item":"https:\/\/staging.envari.com\/fr\/"},{"@type":"ListItem","position":2,"name":"Infrastructure pour v\u00e9hicules \u00e9lectriques","item":"https:\/\/staging.envari.com\/fr\/infrastructure-pour-vehicules-electriques\/"},{"@type":"ListItem","position":3,"name":"\u00c9valuation d\u2019adaptation aux v\u00e9hicules \u00e9lectriques (EAVE)"}]},{"@type":"WebSite","@id":"https:\/\/staging.envari.com\/#website","url":"https:\/\/staging.envari.com\/","name":"Envari Solutions \u00e9nerg\u00e9tiques","description":"Energy transformation specialists offering a wide range of energy management solutions to commercial, utility and government clients.","potentialAction":[{"@type":"SearchAction","target":{"@type":"EntryPoint","urlTemplate":"https:\/\/staging.envari.com\/?s={search_term_string}"},"query-input":{"@type":"PropertyValueSpecification","valueRequired":true,"valueName":"search_term_string"}}],"inLanguage":"fr-FR"}]}},"_links":{"self":[{"href":"https:\/\/envari.com\/fr\/wp-json\/wp\/v2\/pages\/7881","targetHints":{"allow":["GET"]}}],"collection":[{"href":"https:\/\/envari.com\/fr\/wp-json\/wp\/v2\/pages"}],"about":[{"href":"https:\/\/envari.com\/fr\/wp-json\/wp\/v2\/types\/page"}],"author":[{"embeddable":true,"href":"https:\/\/envari.com\/fr\/wp-json\/wp\/v2\/users\/15"}],"replies":[{"embeddable":true,"href":"https:\/\/envari.com\/fr\/wp-json\/wp\/v2\/comments?post=7881"}],"version-history":[{"count":7,"href":"https:\/\/envari.com\/fr\/wp-json\/wp\/v2\/pages\/7881\/revisions"}],"predecessor-version":[{"id":13633,"href":"https:\/\/envari.com\/fr\/wp-json\/wp\/v2\/pages\/7881\/revisions\/13633"}],"up":[{"embeddable":true,"href":"https:\/\/envari.com\/fr\/wp-json\/wp\/v2\/pages\/7776"}],"wp:featuredmedia":[{"embeddable":true,"href":"https:\/\/envari.com\/fr\/wp-json\/wp\/v2\/media\/6542"}],"wp:attachment":[{"href":"https:\/\/envari.com\/fr\/wp-json\/wp\/v2\/media?parent=7881"}],"curies":[{"name":"wp","href":"https:\/\/api.w.org\/{rel}","templated":true}]}}