{"id":7725,"date":"2020-11-25T12:54:14","date_gmt":"2020-11-25T17:54:14","guid":{"rendered":"https:\/\/envari.com\/services-de-conception-et-dingenierie\/services-pour-chambres-electriques\/le-rapport-dinformation-sur-votre-chambre-electrique\/"},"modified":"2024-03-01T10:56:12","modified_gmt":"2024-03-01T15:56:12","slug":"le-rapport-dinformation-sur-votre-chambre-electrique","status":"publish","type":"page","link":"https:\/\/envari.com\/fr\/services-de-conception-et-dingenierie\/services-pour-chambres-electriques\/le-rapport-dinformation-sur-votre-chambre-electrique\/","title":{"rendered":"Le rapport d\u2019information sur votre chambre \u00e9lectrique"},"content":{"rendered":"<div class=\"wpb-content-wrapper\"><p>[vc_row content_width=\u00a0\u00bbgrid\u00a0\u00bb][vc_column css_animation=\u00a0\u00bbslideInLeft\u00a0\u00bb el_id=\u00a0\u00bbnyv-banner\u00a0\u00bb][vc_column_text css_animation=\u00a0\u00bbnone\u00a0\u00bb el_id=\u00a0\u00bbnyv-banner-text\u00a0\u00bb]<\/p>\n<h1>Pr\u00e9venez les risques avant qu\u2019ils ne se mat\u00e9rialisent.<\/h1>\n<h3>Demandez gratuitement \u00e0 Envari le rapport d\u2019information sur votre chambre \u00e9lectrique.<\/h3>\n<p><a class=\"nyv-cta\" href=\"#form\">DEMANDER VOTRE RAPPORT GRATUIT<\/a>[\/vc_column_text][\/vc_column][\/vc_row][vc_row content_width=\u00a0\u00bbgrid\u00a0\u00bb css_animation=\u00a0\u00bbqodef-element-from-bottom\u00a0\u00bb transition_delay=\u00a0\u00bb1000&Prime; css=\u00a0\u00bb.vc_custom_1606328818323{padding-top: 80px !important;padding-bottom: 40px !important;}\u00a0\u00bb][vc_column css_animation=\u00a0\u00bbnone\u00a0\u00bb width=\u00a0\u00bb2\/5&Prime; css=\u00a0\u00bb.vc_custom_1606328789626{padding-top: 50px !important;padding-right: 40px !important;padding-bottom: 51px !important;padding-left: 0px !important;}\u00a0\u00bb el_class=\u00a0\u00bbnyv-02-blue\u00a0\u00bb][vc_column_text el_class=\u00a0\u00bbnyv-02-blue-text\u00a0\u00bb]LA DUR\u00c9E DE VIE MOYENNE D\u2019UNE CHAMBRE \u00c9LECTRIQUE EST DE <strong>40 ANS<\/strong>[\/vc_column_text][\/vc_column][vc_column css_animation=\u00a0\u00bbnone\u00a0\u00bb width=\u00a0\u00bb3\/5&Prime; css=\u00a0\u00bb.vc_custom_1606328798473{padding-top: 50px !important;padding-right: 50px !important;padding-bottom: 50px !important;padding-left: 50px !important;background-color: #083266 !important;}\u00a0\u00bb][vc_column_text el_class=\u00a0\u00bbwhite-text\u00a0\u00bb]Sans des interventions d\u2019entretien ou des r\u00e9parations appropri\u00e9es, votre chambre peut avoir des r\u00e9percussions co\u00fbteuses sur l\u2019exploitation de votre immeuble et la s\u00e9curit\u00e9 des locataires. C\u2019est le moment id\u00e9al de prendre des mesures proactives pour \u00e9liminer les vuln\u00e9rabilit\u00e9s.[\/vc_column_text][\/vc_column][\/vc_row][vc_row content_width=\u00a0\u00bbgrid\u00a0\u00bb css_animation=\u00a0\u00bbqodef-element-from-bottom\u00a0\u00bb transition_delay=\u00a0\u00bb1000&Prime; css=\u00a0\u00bb.vc_custom_1606328852121{padding-top: 40px !important;padding-bottom: 80px !important;}\u00a0\u00bb][vc_column width=\u00a0\u00bb1\/2&Prime;][vc_column_text css=\u00a0\u00bb.vc_custom_1607117774265{padding-right: 20px !important;padding-bottom: 20px !important;}\u00a0\u00bb]<\/p>\n<h2>Comment Envari peut vous aider<\/h2>\n<h3>\u00c0 l\u2019aide du rapport d\u2019information sur votre chambre \u00e9lectrique \u2013 sans frais ni obligation \u2013, nous vous aiderons \u00e0 rep\u00e9rer tout danger latent dans votre chambre \u00e9lectrique vieillissante et vous \u00e9clairerons sur les \u00e9l\u00e9ments suivants\u00a0:<\/h3>\n<p>[\/vc_column_text][vc_column_text el_class=\u00a0\u00bbnyv-03-checkbox\u00a0\u00bb]QUEL EST L\u2019\u00c2GE DE VOTRE \u00c9QUIPEMENT[\/vc_column_text][vc_column_text el_class=\u00a0\u00bbnyv-03-checkbox\u00a0\u00bb]COMBIEN DE D\u00c9FAILLANCES Y A-T-IL EU AU COURS DES 15\u00a0DERNI\u00c8RES ANN\u00c9ES[\/vc_column_text][\/vc_column][vc_column width=\u00a0\u00bb1\/2&Prime; el_class=\u00a0\u00bbnyv-03-col2&Prime;][vc_column_text el_class=\u00a0\u00bbnyv-03-checkbox\u00a0\u00bb]QUI EST RESPONSABLE D\u2019ENTRETENIR QUEL \u00c9QUIPEMENT DANS LA CHAMBRE[\/vc_column_text][vc_column_text el_class=\u00a0\u00bbnyv-03-checkbox\u00a0\u00bb]EN QUOI CONSISTE L\u2019ENTRETIEN ET \u00c0 QUAND REMONTE LE DERNIER ENTRETIEN[\/vc_column_text][vc_column_text el_class=\u00a0\u00bbnyv-03-checkbox\u00a0\u00bb]QUELS SERAIENT LES CO\u00dbTS D\u2019UN ENTRETIEN OU DES R\u00c9PARATIONS[\/vc_column_text][\/vc_column][\/vc_row][vc_row el_id=\u00a0\u00bbwhy-envari\u00a0\u00bb el_class=\u00a0\u00bbnyv-04-06&Prime; css=\u00a0\u00bb.vc_custom_1606248200564{padding-top: 80px !important;padding-bottom: 80px !important;}\u00a0\u00bb][vc_column][vc_row_inner content_width=\u00a0\u00bbgrid\u00a0\u00bb css_animation=\u00a0\u00bbqodef-element-from-left\u00a0\u00bb][vc_column_inner el_class=\u00a0\u00bbnyv-04&Prime; css=\u00a0\u00bb.vc_custom_1606319614147{border-top-width: 5px !important;border-right-width: 5px !important;border-bottom-width: 5px !important;border-left-width: 5px !important;padding-top: 120px !important;padding-right: 40px !important;padding-bottom: 40px !important;padding-left: 40px !important;background-color: #ffffff !important;border-left-color: #02a8d4 !important;border-left-style: solid !important;border-right-color: #02a8d4 !important;border-right-style: solid !important;border-top-color: #02a8d4 !important;border-top-style: solid !important;border-bottom-color: #02a8d4 !important;border-bottom-style: solid !important;}\u00a0\u00bb][vc_column_text el_class=\u00a0\u00bbnyv-04-title\u00a0\u00bb]<\/p>\n<h2>Pourquoi Envari?<\/h2>\n<p>[\/vc_column_text][vc_column_text]<\/p>\n<h3>Envari a une feuille de route impeccable comme entreprise sp\u00e9cialis\u00e9e en \u00e9quipement de haute tension. Nous aidons efficacement nos clients \u00e0 entretenir, r\u00e9parer ou remplacer leur chambre \u00e9lectrique gr\u00e2ce \u00e0 nos professionnels certifi\u00e9s en gestion de projets et \u00e0 des partenariats avec des entrepreneurs bien \u00e9tablis.<\/h3>\n<p>Notre affiliation avec Hydro Ottawa ainsi que nos ann\u00e9es d\u2019exp\u00e9rience en distribution et en conception de solutions de haute tension font de nous un partenaire exceptionnel pour la p\u00e9rennisation de votre b\u00e2timent.[\/vc_column_text][\/vc_column_inner][\/vc_row_inner][vc_row_inner content_width=\u00a0\u00bbgrid\u00a0\u00bb css_animation=\u00a0\u00bbqodef-element-from-left\u00a0\u00bb][vc_column_inner el_class=\u00a0\u00bbnyv-04&Prime; css=\u00a0\u00bb.vc_custom_1606326786088{margin-top: 80px !important;margin-bottom: 60px !important;border-left-width: 15px !important;padding-top: 40px !important;padding-right: 40px !important;padding-bottom: 30px !important;padding-left: 40px !important;background-color: #ffffff !important;border-left-color: #ff7730 !important;border-left-style: solid !important;}\u00a0\u00bb][vc_column_text]<\/p>\n<h3>N\u2019oubliez pas\u00a0: comme propri\u00e9taire d\u2019immeuble, il est de votre responsabilit\u00e9 de travailler avec un fournisseur qualifi\u00e9 en mati\u00e8re de services de haute tension afin de r\u00e9duire les risques de d\u00e9faillances catastrophiques dans votre chambre \u00e9lectrique. Demandez un rapport d\u2019information sur votre chambre \u00e9lectrique d\u00e8s aujourd\u2019hui.<\/h3>\n<p>[\/vc_column_text][\/vc_column_inner][\/vc_row_inner][vc_row_inner content_width=\u00a0\u00bbgrid\u00a0\u00bb css_animation=\u00a0\u00bbqodef-element-from-bottom\u00a0\u00bb el_class=\u00a0\u00bbwhite-text\u00a0\u00bb el_id=\u00a0\u00bbform\u00a0\u00bb][vc_column_inner el_class=\u00a0\u00bbwhite-text\u00a0\u00bb][vc_raw_html]JTNDaWZyYW1lJTIwc3JjJTNEJTIyaHR0cHMlM0ElMkYlMkZnby5lbnZhcmkuY29tJTJGbCUyRjEwNTI1NDMlMkYyMDI0LTAzLTAxJTJGNDI5ciUyMiUyMHdpZHRoJTNEJTIyMTAwJTI1JTIyJTIwaGVpZ2h0JTNEJTIyNTAwJTIyJTIwdHlwZSUzRCUyMnRleHQlMkZodG1sJTIyJTIwZnJhbWVib3JkZXIlM0QlMjIwJTIyJTIwYWxsb3dUcmFuc3BhcmVuY3klM0QlMjJ0cnVlJTIyJTIwc3R5bGUlM0QlMjJib3JkZXIlM0ElMjAwJTIyJTNFJTNDJTJGaWZyYW1lJTNFJTBBJTNDc2NyaXB0JTIwc3JjJTNEJTIyaHR0cCUzQSUyRiUyRnd3dzIuY2FibGVxLmNvbSUyRnJzJTJGMDY0LVBXUy0xNjQlMkZpbWFnZXMlMkZyZWNhcHRjaGEuanMlMjIlM0UlM0MlMkZzY3JpcHQlM0UlMEElMEElM0MlMjEtLSUwQSUwQSUzQ3N0eWxlJTNFJTIzbWt0b0Zvcm1fMTE2OCUyMC5ta3RvTGFiZWwlN0Jjb2xvciUzQSUyMzAwOTJiYyUzQiU3RC5ta3RvRm9ybSUyMGlucHV0JTVCdHlwZSUzRHRleHQlNUQlMkMlMjAubWt0b0Zvcm0lMjBpbnB1dCU1QnR5cGUlM0R1cmwlNUQlMkMlMjAubWt0b0Zvcm0lMjBpbnB1dCU1QnR5cGUlM0RlbWFpbCU1RCUyQyUyMC5ta3RvRm9ybSUyMGlucHV0JTVCdHlwZSUzRHRlbCU1RCUyQyUyMC5ta3RvRm9ybSUyMGlucHV0JTVCdHlwZSUzRG51bWJlciU1RCUyQyUyMC5ta3RvRm9ybSUyMGlucHV0JTVCdHlwZSUzRGRhdGUlNUQlMkMlMjAubWt0b0Zvcm0lMjBzZWxlY3QubWt0b0ZpZWxkJTJDJTIwLm1rdG9Gb3JtJTIwdGV4dGFyZWEubWt0b0ZpZWxkJTIwJTdCYm94LXNoYWRvdyUzQSUyMDBweCUyMDBweCUyMDBweCUyMDBweCUyMCUyM2NjYyUzQiU3RC5ta3RvRm9ybSUyMC5ta3RvQnV0dG9uV3JhcC5ta3RvQ3VwaWRHcmVlbiUyMC5ta3RvQnV0dG9uJTIwJTdCZm9udCUzQSUyMFJvYm90byUyMENvbmRlbnNlZCUyMCUyMWltcG9ydGFudCUzQiU3RCUyM21rdG9Gb3JtXzExNjglMjBsYWJlbCU3QmNvbG9yJTNBJTIzMDA5MmJjJTdEJTNDJTJGc3R5bGUlM0UtLSUzRQ==[\/vc_raw_html][\/vc_column_inner][\/vc_row_inner][\/vc_column][\/vc_row]<\/p>\n<\/div>","protected":false},"excerpt":{"rendered":"<p>[vc_row content_width=\u00a0\u00bbgrid\u00a0\u00bb][vc_column css_animation=\u00a0\u00bbslideInLeft\u00a0\u00bb el_id=\u00a0\u00bbnyv-banner\u00a0\u00bb][vc_column_text css_animation=\u00a0\u00bbnone\u00a0\u00bb el_id=\u00a0\u00bbnyv-banner-text\u00a0\u00bb] Pr\u00e9venez les risques avant qu\u2019ils ne se mat\u00e9rialisent. Demandez gratuitement \u00e0 Envari le rapport d\u2019information sur votre chambre \u00e9lectrique. DEMANDER VOTRE RAPPORT GRATUIT[\/vc_column_text][\/vc_column][\/vc_row][vc_row content_width=\u00a0\u00bbgrid\u00a0\u00bb css_animation=\u00a0\u00bbqodef-element-from-bottom\u00a0\u00bb transition_delay=\u00a0\u00bb1000&Prime; css=\u00a0\u00bb.vc_custom_1606328818323{padding-top: 80px !important;padding-bottom: 40px !important;}\u00a0\u00bb][vc_column css_animation=\u00a0\u00bbnone\u00a0\u00bb width=\u00a0\u00bb2\/5&Prime; css=\u00a0\u00bb.vc_custom_1606328789626{padding-top: 50px !important;padding-right: 40px !important;padding-bottom: 51px&#8230;<\/p>\n","protected":false},"author":15,"featured_media":6546,"parent":7695,"menu_order":0,"comment_status":"closed","ping_status":"closed","template":"full-width.php","meta":{"inline_featured_image":false,"footnotes":""},"class_list":["post-7725","page","type-page","status-publish","has-post-thumbnail","hentry"],"yoast_head":"<!-- This site is optimized with the Yoast SEO plugin v27.4 - https:\/\/yoast.com\/product\/yoast-seo-wordpress\/ -->\n<title>Le rapport d\u2019information sur votre chambre \u00e9lectrique - Envari Solutions \u00e9nerg\u00e9tiques<\/title>\n<meta name=\"robots\" content=\"index, follow, max-snippet:-1, max-image-preview:large, max-video-preview:-1\" \/>\n<link rel=\"canonical\" href=\"https:\/\/staging.envari.com\/fr\/services-de-conception-et-dingenierie\/services-pour-chambres-electriques\/le-rapport-dinformation-sur-votre-chambre-electrique\/\" \/>\n<meta property=\"og:locale\" content=\"fr_FR\" \/>\n<meta property=\"og:type\" content=\"article\" \/>\n<meta property=\"og:title\" content=\"Le rapport d\u2019information sur votre chambre \u00e9lectrique - Envari Solutions \u00e9nerg\u00e9tiques\" \/>\n<meta property=\"og:description\" content=\"[vc_row content_width=\u00a0\u00bbgrid\u00a0\u00bb][vc_column css_animation=\u00a0\u00bbslideInLeft\u00a0\u00bb el_id=\u00a0\u00bbnyv-banner\u00a0\u00bb][vc_column_text css_animation=\u00a0\u00bbnone\u00a0\u00bb el_id=\u00a0\u00bbnyv-banner-text\u00a0\u00bb] Pr\u00e9venez les risques avant qu\u2019ils ne se mat\u00e9rialisent. Demandez gratuitement \u00e0 Envari le rapport d\u2019information sur votre chambre \u00e9lectrique. DEMANDER VOTRE RAPPORT GRATUIT[\/vc_column_text][\/vc_column][\/vc_row][vc_row content_width=\u00a0\u00bbgrid\u00a0\u00bb css_animation=\u00a0\u00bbqodef-element-from-bottom\u00a0\u00bb transition_delay=\u00a0\u00bb1000&Prime; css=\u00a0\u00bb.vc_custom_1606328818323{padding-top: 80px !important;padding-bottom: 40px !important;}\u00a0\u00bb][vc_column css_animation=\u00a0\u00bbnone\u00a0\u00bb width=\u00a0\u00bb2\/5&Prime; css=\u00a0\u00bb.vc_custom_1606328789626{padding-top: 50px !important;padding-right: 40px !important;padding-bottom: 51px...\" \/>\n<meta property=\"og:url\" content=\"https:\/\/staging.envari.com\/fr\/services-de-conception-et-dingenierie\/services-pour-chambres-electriques\/le-rapport-dinformation-sur-votre-chambre-electrique\/\" \/>\n<meta property=\"og:site_name\" content=\"Envari Solutions \u00e9nerg\u00e9tiques\" \/>\n<meta property=\"article:modified_time\" content=\"2024-03-01T15:56:12+00:00\" \/>\n<meta property=\"og:image\" content=\"https:\/\/staging.envari.com\/wp-content\/uploads\/2020\/11\/nyv-04-06-background.jpg\" \/>\n\t<meta property=\"og:image:width\" content=\"1920\" \/>\n\t<meta property=\"og:image:height\" content=\"596\" \/>\n\t<meta property=\"og:image:type\" content=\"image\/jpeg\" \/>\n<meta name=\"twitter:card\" content=\"summary_large_image\" \/>\n<meta name=\"twitter:label1\" content=\"Dur\u00e9e de lecture estim\u00e9e\" \/>\n\t<meta name=\"twitter:data1\" content=\"3 minutes\" \/>\n<script type=\"application\/ld+json\" class=\"yoast-schema-graph\">{\"@context\":\"https:\\\/\\\/schema.org\",\"@graph\":[{\"@type\":\"WebPage\",\"@id\":\"https:\\\/\\\/staging.envari.com\\\/fr\\\/services-de-conception-et-dingenierie\\\/services-pour-chambres-electriques\\\/le-rapport-dinformation-sur-votre-chambre-electrique\\\/\",\"url\":\"https:\\\/\\\/staging.envari.com\\\/fr\\\/services-de-conception-et-dingenierie\\\/services-pour-chambres-electriques\\\/le-rapport-dinformation-sur-votre-chambre-electrique\\\/\",\"name\":\"Le rapport d\u2019information sur votre chambre \u00e9lectrique - Envari Solutions \u00e9nerg\u00e9tiques\",\"isPartOf\":{\"@id\":\"https:\\\/\\\/staging.envari.com\\\/#website\"},\"primaryImageOfPage\":{\"@id\":\"https:\\\/\\\/staging.envari.com\\\/fr\\\/services-de-conception-et-dingenierie\\\/services-pour-chambres-electriques\\\/le-rapport-dinformation-sur-votre-chambre-electrique\\\/#primaryimage\"},\"image\":{\"@id\":\"https:\\\/\\\/staging.envari.com\\\/fr\\\/services-de-conception-et-dingenierie\\\/services-pour-chambres-electriques\\\/le-rapport-dinformation-sur-votre-chambre-electrique\\\/#primaryimage\"},\"thumbnailUrl\":\"https:\\\/\\\/envari.com\\\/wp-content\\\/uploads\\\/2020\\\/11\\\/nyv-04-06-background.jpg\",\"datePublished\":\"2020-11-25T17:54:14+00:00\",\"dateModified\":\"2024-03-01T15:56:12+00:00\",\"breadcrumb\":{\"@id\":\"https:\\\/\\\/staging.envari.com\\\/fr\\\/services-de-conception-et-dingenierie\\\/services-pour-chambres-electriques\\\/le-rapport-dinformation-sur-votre-chambre-electrique\\\/#breadcrumb\"},\"inLanguage\":\"fr-FR\",\"potentialAction\":[{\"@type\":\"ReadAction\",\"target\":[\"https:\\\/\\\/staging.envari.com\\\/fr\\\/services-de-conception-et-dingenierie\\\/services-pour-chambres-electriques\\\/le-rapport-dinformation-sur-votre-chambre-electrique\\\/\"]}]},{\"@type\":\"ImageObject\",\"inLanguage\":\"fr-FR\",\"@id\":\"https:\\\/\\\/staging.envari.com\\\/fr\\\/services-de-conception-et-dingenierie\\\/services-pour-chambres-electriques\\\/le-rapport-dinformation-sur-votre-chambre-electrique\\\/#primaryimage\",\"url\":\"https:\\\/\\\/envari.com\\\/wp-content\\\/uploads\\\/2020\\\/11\\\/nyv-04-06-background.jpg\",\"contentUrl\":\"https:\\\/\\\/envari.com\\\/wp-content\\\/uploads\\\/2020\\\/11\\\/nyv-04-06-background.jpg\",\"width\":1920,\"height\":596},{\"@type\":\"BreadcrumbList\",\"@id\":\"https:\\\/\\\/staging.envari.com\\\/fr\\\/services-de-conception-et-dingenierie\\\/services-pour-chambres-electriques\\\/le-rapport-dinformation-sur-votre-chambre-electrique\\\/#breadcrumb\",\"itemListElement\":[{\"@type\":\"ListItem\",\"position\":1,\"name\":\"Home\",\"item\":\"https:\\\/\\\/staging.envari.com\\\/fr\\\/\"},{\"@type\":\"ListItem\",\"position\":2,\"name\":\"Services de conception et d\u2019ing\u00e9nierie\",\"item\":\"https:\\\/\\\/staging.envari.com\\\/design-engineering-services\\\/\"},{\"@type\":\"ListItem\",\"position\":3,\"name\":\"Services pour chambres \u00e9lectriques\",\"item\":\"https:\\\/\\\/staging.envari.com\\\/fr\\\/services-de-conception-et-dingenierie\\\/services-pour-chambres-electriques\\\/\"},{\"@type\":\"ListItem\",\"position\":4,\"name\":\"Le rapport d\u2019information sur votre chambre \u00e9lectrique\"}]},{\"@type\":\"WebSite\",\"@id\":\"https:\\\/\\\/staging.envari.com\\\/#website\",\"url\":\"https:\\\/\\\/staging.envari.com\\\/\",\"name\":\"Envari Solutions \u00e9nerg\u00e9tiques\",\"description\":\"Energy transformation specialists offering a wide range of energy management solutions to commercial, utility and government clients.\",\"potentialAction\":[{\"@type\":\"SearchAction\",\"target\":{\"@type\":\"EntryPoint\",\"urlTemplate\":\"https:\\\/\\\/staging.envari.com\\\/?s={search_term_string}\"},\"query-input\":{\"@type\":\"PropertyValueSpecification\",\"valueRequired\":true,\"valueName\":\"search_term_string\"}}],\"inLanguage\":\"fr-FR\"}]}<\/script>\n<!-- \/ Yoast SEO plugin. -->","yoast_head_json":{"title":"Le rapport d\u2019information sur votre chambre \u00e9lectrique - Envari Solutions \u00e9nerg\u00e9tiques","robots":{"index":"index","follow":"follow","max-snippet":"max-snippet:-1","max-image-preview":"max-image-preview:large","max-video-preview":"max-video-preview:-1"},"canonical":"https:\/\/staging.envari.com\/fr\/services-de-conception-et-dingenierie\/services-pour-chambres-electriques\/le-rapport-dinformation-sur-votre-chambre-electrique\/","og_locale":"fr_FR","og_type":"article","og_title":"Le rapport d\u2019information sur votre chambre \u00e9lectrique - Envari Solutions \u00e9nerg\u00e9tiques","og_description":"[vc_row content_width=\u00a0\u00bbgrid\u00a0\u00bb][vc_column css_animation=\u00a0\u00bbslideInLeft\u00a0\u00bb el_id=\u00a0\u00bbnyv-banner\u00a0\u00bb][vc_column_text css_animation=\u00a0\u00bbnone\u00a0\u00bb el_id=\u00a0\u00bbnyv-banner-text\u00a0\u00bb] Pr\u00e9venez les risques avant qu\u2019ils ne se mat\u00e9rialisent. Demandez gratuitement \u00e0 Envari le rapport d\u2019information sur votre chambre \u00e9lectrique. DEMANDER VOTRE RAPPORT GRATUIT[\/vc_column_text][\/vc_column][\/vc_row][vc_row content_width=\u00a0\u00bbgrid\u00a0\u00bb css_animation=\u00a0\u00bbqodef-element-from-bottom\u00a0\u00bb transition_delay=\u00a0\u00bb1000&Prime; css=\u00a0\u00bb.vc_custom_1606328818323{padding-top: 80px !important;padding-bottom: 40px !important;}\u00a0\u00bb][vc_column css_animation=\u00a0\u00bbnone\u00a0\u00bb width=\u00a0\u00bb2\/5&Prime; css=\u00a0\u00bb.vc_custom_1606328789626{padding-top: 50px !important;padding-right: 40px !important;padding-bottom: 51px...","og_url":"https:\/\/staging.envari.com\/fr\/services-de-conception-et-dingenierie\/services-pour-chambres-electriques\/le-rapport-dinformation-sur-votre-chambre-electrique\/","og_site_name":"Envari Solutions \u00e9nerg\u00e9tiques","article_modified_time":"2024-03-01T15:56:12+00:00","og_image":[{"width":1920,"height":596,"url":"https:\/\/staging.envari.com\/wp-content\/uploads\/2020\/11\/nyv-04-06-background.jpg","type":"image\/jpeg"}],"twitter_card":"summary_large_image","twitter_misc":{"Dur\u00e9e de lecture estim\u00e9e":"3 minutes"},"schema":{"@context":"https:\/\/schema.org","@graph":[{"@type":"WebPage","@id":"https:\/\/staging.envari.com\/fr\/services-de-conception-et-dingenierie\/services-pour-chambres-electriques\/le-rapport-dinformation-sur-votre-chambre-electrique\/","url":"https:\/\/staging.envari.com\/fr\/services-de-conception-et-dingenierie\/services-pour-chambres-electriques\/le-rapport-dinformation-sur-votre-chambre-electrique\/","name":"Le rapport d\u2019information sur votre chambre \u00e9lectrique - Envari Solutions \u00e9nerg\u00e9tiques","isPartOf":{"@id":"https:\/\/staging.envari.com\/#website"},"primaryImageOfPage":{"@id":"https:\/\/staging.envari.com\/fr\/services-de-conception-et-dingenierie\/services-pour-chambres-electriques\/le-rapport-dinformation-sur-votre-chambre-electrique\/#primaryimage"},"image":{"@id":"https:\/\/staging.envari.com\/fr\/services-de-conception-et-dingenierie\/services-pour-chambres-electriques\/le-rapport-dinformation-sur-votre-chambre-electrique\/#primaryimage"},"thumbnailUrl":"https:\/\/envari.com\/wp-content\/uploads\/2020\/11\/nyv-04-06-background.jpg","datePublished":"2020-11-25T17:54:14+00:00","dateModified":"2024-03-01T15:56:12+00:00","breadcrumb":{"@id":"https:\/\/staging.envari.com\/fr\/services-de-conception-et-dingenierie\/services-pour-chambres-electriques\/le-rapport-dinformation-sur-votre-chambre-electrique\/#breadcrumb"},"inLanguage":"fr-FR","potentialAction":[{"@type":"ReadAction","target":["https:\/\/staging.envari.com\/fr\/services-de-conception-et-dingenierie\/services-pour-chambres-electriques\/le-rapport-dinformation-sur-votre-chambre-electrique\/"]}]},{"@type":"ImageObject","inLanguage":"fr-FR","@id":"https:\/\/staging.envari.com\/fr\/services-de-conception-et-dingenierie\/services-pour-chambres-electriques\/le-rapport-dinformation-sur-votre-chambre-electrique\/#primaryimage","url":"https:\/\/envari.com\/wp-content\/uploads\/2020\/11\/nyv-04-06-background.jpg","contentUrl":"https:\/\/envari.com\/wp-content\/uploads\/2020\/11\/nyv-04-06-background.jpg","width":1920,"height":596},{"@type":"BreadcrumbList","@id":"https:\/\/staging.envari.com\/fr\/services-de-conception-et-dingenierie\/services-pour-chambres-electriques\/le-rapport-dinformation-sur-votre-chambre-electrique\/#breadcrumb","itemListElement":[{"@type":"ListItem","position":1,"name":"Home","item":"https:\/\/staging.envari.com\/fr\/"},{"@type":"ListItem","position":2,"name":"Services de conception et d\u2019ing\u00e9nierie","item":"https:\/\/staging.envari.com\/design-engineering-services\/"},{"@type":"ListItem","position":3,"name":"Services pour chambres \u00e9lectriques","item":"https:\/\/staging.envari.com\/fr\/services-de-conception-et-dingenierie\/services-pour-chambres-electriques\/"},{"@type":"ListItem","position":4,"name":"Le rapport d\u2019information sur votre chambre \u00e9lectrique"}]},{"@type":"WebSite","@id":"https:\/\/staging.envari.com\/#website","url":"https:\/\/staging.envari.com\/","name":"Envari Solutions \u00e9nerg\u00e9tiques","description":"Energy transformation specialists offering a wide range of energy management solutions to commercial, utility and government clients.","potentialAction":[{"@type":"SearchAction","target":{"@type":"EntryPoint","urlTemplate":"https:\/\/staging.envari.com\/?s={search_term_string}"},"query-input":{"@type":"PropertyValueSpecification","valueRequired":true,"valueName":"search_term_string"}}],"inLanguage":"fr-FR"}]}},"_links":{"self":[{"href":"https:\/\/envari.com\/fr\/wp-json\/wp\/v2\/pages\/7725","targetHints":{"allow":["GET"]}}],"collection":[{"href":"https:\/\/envari.com\/fr\/wp-json\/wp\/v2\/pages"}],"about":[{"href":"https:\/\/envari.com\/fr\/wp-json\/wp\/v2\/types\/page"}],"author":[{"embeddable":true,"href":"https:\/\/envari.com\/fr\/wp-json\/wp\/v2\/users\/15"}],"replies":[{"embeddable":true,"href":"https:\/\/envari.com\/fr\/wp-json\/wp\/v2\/comments?post=7725"}],"version-history":[{"count":21,"href":"https:\/\/envari.com\/fr\/wp-json\/wp\/v2\/pages\/7725\/revisions"}],"predecessor-version":[{"id":13654,"href":"https:\/\/envari.com\/fr\/wp-json\/wp\/v2\/pages\/7725\/revisions\/13654"}],"up":[{"embeddable":true,"href":"https:\/\/envari.com\/fr\/wp-json\/wp\/v2\/pages\/7695"}],"wp:featuredmedia":[{"embeddable":true,"href":"https:\/\/envari.com\/fr\/wp-json\/wp\/v2\/media\/6546"}],"wp:attachment":[{"href":"https:\/\/envari.com\/fr\/wp-json\/wp\/v2\/media?parent=7725"}],"curies":[{"name":"wp","href":"https:\/\/api.w.org\/{rel}","templated":true}]}}