{"id":7654,"date":"2022-04-19T10:20:50","date_gmt":"2022-04-19T14:20:50","guid":{"rendered":"https:\/\/envari.com\/solutions-pour-les-services-publics\/"},"modified":"2022-05-05T16:16:12","modified_gmt":"2022-05-05T20:16:12","slug":"solutions-pour-les-services-publics","status":"publish","type":"page","link":"https:\/\/envari.com\/fr\/solutions-pour-les-services-publics\/","title":{"rendered":"Solutions pour les services publics"},"content":{"rendered":"<div class=\"wpb-content-wrapper\"><p>[vc_row content_width=\u00a0\u00bbgrid\u00a0\u00bb el_class=\u00a0\u00bbent-hero dark grey-text\u00a0\u00bb css=\u00a0\u00bb.vc_custom_1651593795625{background: #0a0a0a url(https:\/\/envari.com\/wp-content\/uploads\/2022\/05\/utility-banner.jpg?id=8208) !important;background-position: center !important;background-repeat: no-repeat !important;background-size: cover !important;}\u00a0\u00bb el_id=\u00a0\u00bbpage-header\u00a0\u00bb][vc_column width=\u00a0\u00bb1\/2&Prime; el_class=\u00a0\u00bbbanner-black-screen\u00a0\u00bb][vc_column_text css=\u00a0\u00bb.vc_custom_1650377848631{margin-bottom: 20px !important;}\u00a0\u00bb]<\/p>\n<h1>Solutions pour les services publics<\/h1>\n<p>[\/vc_column_text][vc_column_text]Envari dispose d\u2019un \u00e9ventail de solutions adapt\u00e9es aux services publics modernes.[\/vc_column_text][\/vc_column][vc_column width=\u00a0\u00bb1\/2&Prime;][\/vc_column][\/vc_row][vc_row content_width=\u00a0\u00bbgrid\u00a0\u00bb content_aligment=\u00a0\u00bbcenter\u00a0\u00bb css=\u00a0\u00bb.vc_custom_1648048809975{padding-top: 40px !important;padding-bottom: 10px !important;}\u00a0\u00bb el_class=\u00a0\u00bbvert-align\u00a0\u00bb][vc_column css=\u00a0\u00bb.vc_custom_1647541085203{padding-right: 6vw !important;}\u00a0\u00bb][vc_column_text css_animation=\u00a0\u00bbleft-to-right\u00a0\u00bb css=\u00a0\u00bb.vc_custom_1650377905717{margin-bottom: 20px !important;}\u00a0\u00bb]<\/p>\n<h2>Prolongez la dur\u00e9e de vie de vos infrastructures et diff\u00e9rez les d\u00e9penses en capital<\/h2>\n<p>[\/vc_column_text][\/vc_column][\/vc_row][vc_row content_width=\u00a0\u00bbgrid\u00a0\u00bb content_aligment=\u00a0\u00bbcenter\u00a0\u00bb css=\u00a0\u00bb.vc_custom_1647972593051{padding-bottom: 30px !important;}\u00a0\u00bb el_class=\u00a0\u00bbent-3-icons\u00a0\u00bb][vc_column css_animation=\u00a0\u00bbfadeInUp\u00a0\u00bb width=\u00a0\u00bb1\/3&Prime;][vc_single_image image=\u00a0\u00bb7803&Prime; img_size=\u00a0\u00bbfull\u00a0\u00bb alignment=\u00a0\u00bbcenter\u00a0\u00bb][vc_column_text]<\/p>\n<h4>Gestion des actifs<\/h4>\n<p>Les soci\u00e9t\u00e9s de distribution d\u2019\u00e9lectricit\u00e9 peuvent b\u00e9n\u00e9ficier des proc\u00e9d\u00e9s de diagnostic des c\u00e2bles exclusifs \u00e0 Envari.[\/vc_column_text][\/vc_column][vc_column css_animation=\u00a0\u00bbfadeInUp\u00a0\u00bb width=\u00a0\u00bb1\/3&Prime;][vc_single_image image=\u00a0\u00bb7801&Prime; img_size=\u00a0\u00bbfull\u00a0\u00bb alignment=\u00a0\u00bbcenter\u00a0\u00bb][vc_column_text]<\/p>\n<h4>Solutions pour les services d\u2019approvisionnement en eau<\/h4>\n<p>Gr\u00e2ce \u00e0 des technologies de comptage et de d\u00e9tection, les solutions d\u2019Envari rep\u00e8rent les fuites dans le r\u00e9seau et transmettent des alertes.[\/vc_column_text][\/vc_column][vc_column css_animation=\u00a0\u00bbfadeInUp\u00a0\u00bb width=\u00a0\u00bb1\/3&Prime;][vc_single_image image=\u00a0\u00bb7749&Prime; img_size=\u00a0\u00bbfull\u00a0\u00bb alignment=\u00a0\u00bbcenter\u00a0\u00bb][vc_column_text]<\/p>\n<h4>\u00c9conomies d\u2019\u00e9nergie<\/h4>\n<p>Des solutions pour aider les services publics modernes \u00e0 g\u00e9rer leurs actifs et \u00e0 prioriser les \u00e9conomies d\u2019\u00e9nergie.[\/vc_column_text][\/vc_column][\/vc_row][vc_row content_width=\u00a0\u00bbgrid\u00a0\u00bb el_class=\u00a0\u00bbdark vert-align grey-text\u00a0\u00bb css=\u00a0\u00bb.vc_custom_1648069683124{padding-bottom: 20px !important;}\u00a0\u00bb][vc_column width=\u00a0\u00bb1\/2&Prime; css=\u00a0\u00bb.vc_custom_1648068125264{padding-top: 30px !important;padding-bottom: 10px !important;}\u00a0\u00bb][vc_single_image image=\u00a0\u00bb8234&Prime; img_size=\u00a0\u00bbfull\u00a0\u00bb css_animation=\u00a0\u00bbfadeIn\u00a0\u00bb][\/vc_column][vc_column width=\u00a0\u00bb1\/2&Prime; css=\u00a0\u00bb.vc_custom_1648068149446{padding-right: 30px !important;padding-bottom: 20px !important;padding-left: 30px !important;}\u00a0\u00bb][vc_column_text css_animation=\u00a0\u00bbfadeIn\u00a0\u00bb]<\/p>\n<h3>La solution Envari<\/h3>\n<p>Envari propose aux soci\u00e9t\u00e9s de distribution d\u2019\u00e9lectricit\u00e9 une technologie de diagnostic des c\u00e2bles non invasive qui s\u2019inscrit dans une strat\u00e9gie efficace de gestion des actifs. Envari offre \u00e9galement des solutions pour l\u2019\u00e9clairage des voies publiques ainsi que des options de mesurage divisionnaire pour l\u2019\u00e9lectricit\u00e9, l\u2019eau et l\u2019\u00e9nergie thermique.<\/p>\n<p>Des solutions diversifi\u00e9es peuvent aider les services publics \u00e0 g\u00e9rer leurs actifs, qu\u2019il s\u2019agisse des c\u00e2bles dont l\u2019\u00e9tat doit \u00eatre \u00e9valu\u00e9 ou de l\u2019infrastructure d\u2019\u00e9clairage des rues qui doit \u00eatre mise \u00e0 niveau.[\/vc_column_text][\/vc_column][\/vc_row][vc_row row_type=\u00a0\u00bbparallax\u00a0\u00bb content_width=\u00a0\u00bbgrid\u00a0\u00bb full_screen_section_height=\u00a0\u00bbno\u00a0\u00bb parallax_background_image=\u00a0\u00bb8070&Prime; parallax_speed=\u00a0\u00bb1&Prime; el_class=\u00a0\u00bbdark vert-align cta-parallax\u00a0\u00bb css=\u00a0\u00bb.vc_custom_1651169349038{padding-top: 50px !important;padding-bottom: 50px !important;background-color: #6ca5c1 !important;}\u00a0\u00bb][vc_column css_animation=\u00a0\u00bbfadeInLeft\u00a0\u00bb width=\u00a0\u00bb1\/2&Prime; css=\u00a0\u00bb.vc_custom_1650382788845{padding-top: 30px !important;padding-bottom: 30px !important;}\u00a0\u00bb][vc_column_text]<\/p>\n<h2>Prolongez la dur\u00e9e de vie de vos actifs.<\/h2>\n<p>Contactez-nous pour savoir comment nos solutions peuvent vous aider.[\/vc_column_text][\/vc_column][vc_column width=\u00a0\u00bb1\/6&Prime;][\/vc_column][vc_column width=\u00a0\u00bb1\/3&Prime;]<a href=\"\/fr\/contactez-nous\/\" target=\"_self\" style=\"color: #ffffff;background-color: #1c59a4;font-size: 20px\" class=\"qodef-btn qodef-btn-large qodef-btn-solid qodef-btn-custom-hover-bg qodef-btn-custom-hover-color btn-blue-rnd qodef-btn-hover-animation\" data-hover-bg-color=\"#1c59a4\" data-hover-color=\"#ffffff\" >\n            <div class=\"qodef-animation-overlay-holder\">\n            <span  style=\"background-color: #50b748\"  class=\"qodef-animation-overlay\"><\/span>\n        <\/div>\n        <span class=\"qodef-btn-text\">Contactez-nous<\/span>\n    <span class=\"qodef-btn-text-icon\"><\/span>\n<\/a>[\/vc_column][\/vc_row][vc_row anchor=\u00a0\u00bbr6&Prime; video=\u00a0\u00bbshow_video\u00a0\u00bb video_webm=\u00a0\u00bb\/wp-content\/uploads\/2022\/04\/blue-energy-wave.webm\u00a0\u00bb video_mp4=\u00a0\u00bb\/wp-content\/uploads\/2022\/04\/blue-energy-wave.mp4&Prime; video_ogv=\u00a0\u00bb\/wp-content\/uploads\/2022\/04\/blue-energy-wave.ogv\u00a0\u00bb css=\u00a0\u00bb.vc_custom_1649946838915{background-color: #000000 !important;background-position: center !important;background-repeat: no-repeat !important;background-size: cover !important;}\u00a0\u00bb el_id=\u00a0\u00bbent-services\u00a0\u00bb el_class=\u00a0\u00bbdark\u00a0\u00bb][vc_column][vc_row_inner content_width=\u00a0\u00bbgrid\u00a0\u00bb css_animation=\u00a0\u00bbqodef-element-from-bottom\u00a0\u00bb transition_delay=\u00a0\u00bb100&Prime;][vc_column_inner css=\u00a0\u00bb.vc_custom_1647623640695{padding-top: 40px !important;padding-right: 7vw !important;padding-bottom: 30px !important;padding-left: 7vw !important;}\u00a0\u00bb][vc_column_text]<\/p>\n<h2 style=\"text-align: center;\">Profitez de possibilit\u00e9s de r\u00e9aliser des \u00e9conomies d\u2019\u00e9nergie consid\u00e9rables<\/h2>\n<p style=\"text-align: center;\">D\u00e9couvrez comment Envari peut vous aider \u00e0 prot\u00e9ger vos pr\u00e9cieux actifs.<\/p>\n<p>&nbsp;<br \/>\n[\/vc_column_text][\/vc_column_inner][\/vc_row_inner][vc_row_inner content_width=\u00a0\u00bbgrid\u00a0\u00bb css_animation=\u00a0\u00bbqodef-element-from-bottom\u00a0\u00bb el_class=\u00a0\u00bbent-services\u00a0\u00bb css=\u00a0\u00bb.vc_custom_1650382360701{padding-top: 10px !important;padding-bottom: 10px !important;}\u00a0\u00bb el_id=\u00a0\u00bbelectrical&amp;water\u00a0\u00bb][vc_column_inner width=\u00a0\u00bb1\/2&Prime; css=\u00a0\u00bb.vc_custom_1647619165710{padding-top: 20px !important;padding-bottom: 20px !important;}\u00a0\u00bb][vc_column_text]<\/p>\n<h4>Soci\u00e9t\u00e9s de distribution d\u2019\u00e9lectricit\u00e9<\/h4>\n<p>Les soci\u00e9t\u00e9s de distribution locales (SDL) doivent chaque jour relever de nouveaux d\u00e9fis : les changements climatiques les mettent \u00e0 dure \u00e9preuve avec des mod\u00e8les m\u00e9t\u00e9orologiques et des temp\u00eates impr\u00e9visibles, lesquels occasionnent des pannes de courant \u00e0 grande \u00e9chelle et endommagent l\u2019infrastructure d\u00e9j\u00e0 vieillissante. Dans cette industrie rigoureusement r\u00e9glement\u00e9e, il est imp\u00e9rieux pour les SDL d\u2019arriver \u00e0 exploiter leur r\u00e9seau de mani\u00e8re responsable au chapitre de l\u2019efficacit\u00e9 et de la sant\u00e9 financi\u00e8re.<\/p>\n<p>Les services d\u2019Envari, dont la technologie de diagnostic des c\u00e2bles et les solutions de suivi de qualit\u00e9 de tension, peuvent procurer aux SDL les donn\u00e9es requises pour prendre des d\u00e9cisions \u00e9clair\u00e9es relativement \u00e0 la planification des immobilisations et aux requ\u00eates tarifaires. Nos services \u00e9liminent les doutes dans l\u2019\u00e9quation et procurent aux SDL des renseignements pertinents pour g\u00e9rer proactivement leur r\u00e9seau de distribution et \u00e9viter les d\u00e9faillances catastrophiques.[\/vc_column_text][\/vc_column_inner][vc_column_inner width=\u00a0\u00bb1\/2&Prime;][vc_column_text css=\u00a0\u00bb.vc_custom_1651779562083{padding-top: 20px !important;padding-bottom: 20px !important;}\u00a0\u00bb]<\/p>\n<h4>Services d\u2019approvisionnement en eau<\/h4>\n<p>Gr\u00e2ce \u00e0 des technologies de comptage et de d\u00e9tection, Envari peut aider \u00e0 rep\u00e9rer les fuites dans le r\u00e9seau et transmettre une alerte d\u00e8s qu\u2019un probl\u00e8me est d\u00e9tect\u00e9.[\/vc_column_text][vc_column_text css_animation=\u00a0\u00bbnone\u00a0\u00bb css=\u00a0\u00bb.vc_custom_1651779571820{padding-top: 20px !important;padding-bottom: 20px !important;}\u00a0\u00bb]<\/p>\n<h4>Soci\u00e9t\u00e9s de distribution de gaz<\/h4>\n<p>Envari offre une solution de comptage divisionnaire pour encourager les \u00e9conomies d\u2019\u00e9nergie.[\/vc_column_text][vc_column_text css=\u00a0\u00bb.vc_custom_1651779580155{padding-top: 20px !important;padding-bottom: 20px !important;}\u00a0\u00bb]<\/p>\n<h4>T\u00e9l\u00e9communications<\/h4>\n<p>Envari a acquis une solide exp\u00e9rience dans le d\u00e9ploiement d\u2019un r\u00e9seau de c\u00e2bles \u00e0 fibre optique autour d\u2019une des plus grandes municipalit\u00e9s du Canada.[\/vc_column_text][\/vc_column_inner][\/vc_row_inner][vc_row_inner content_width=\u00a0\u00bbgrid\u00a0\u00bb css=\u00a0\u00bb.vc_custom_1647635895717{padding-top: 30px !important;padding-bottom: 40px !important;}\u00a0\u00bb el_class=\u00a0\u00bbvert-align\u00a0\u00bb][vc_column_inner width=\u00a0\u00bb1\/2&Prime; css=\u00a0\u00bb.vc_custom_1647619471536{padding-top: 20px !important;padding-bottom: 20px !important;}\u00a0\u00bb][vc_column_text css_animation=\u00a0\u00bbfadeInLeft\u00a0\u00bb]<\/p>\n<h2>Soyez \u00e0 la fine pointe de votre industrie gr\u00e2ce aux services d\u2019Envari.<\/h2>\n<p>[\/vc_column_text][\/vc_column_inner][vc_column_inner width=\u00a0\u00bb1\/6&Prime;][\/vc_column_inner][vc_column_inner width=\u00a0\u00bb2\/6&Prime;]<a href=\"\/fr\/contactez-nous\/\" target=\"_self\" style=\"color: #ffffff;background-color: #1c59a4;font-size: 20px\" class=\"qodef-btn qodef-btn-large qodef-btn-solid qodef-btn-custom-hover-bg qodef-btn-custom-hover-color btn-blue-rnd qodef-btn-hover-animation\" data-hover-bg-color=\"#1c59a4\" data-hover-color=\"#ffffff\" >\n            <div class=\"qodef-animation-overlay-holder\">\n            <span  style=\"background-color: #50b748\"  class=\"qodef-animation-overlay\"><\/span>\n        <\/div>\n        <span class=\"qodef-btn-text\">Contactez-nous<\/span>\n    <span class=\"qodef-btn-text-icon\"><\/span>\n<\/a>[\/vc_column_inner][\/vc_row_inner][\/vc_column][\/vc_row][vc_row content_width=\u00a0\u00bbgrid\u00a0\u00bb content_aligment=\u00a0\u00bbcenter\u00a0\u00bb css=\u00a0\u00bb.vc_custom_1649185243206{padding-top: 20px !important;}\u00a0\u00bb el_class=\u00a0\u00bbent-3-icons hidden\u00a0\u00bb][vc_column css_animation=\u00a0\u00bbfadeInUp\u00a0\u00bb width=\u00a0\u00bb1\/3&Prime; css=\u00a0\u00bb.vc_custom_1649087495268{padding-top: 10px !important;padding-bottom: 10px !important;}\u00a0\u00bb][vc_raw_html]PG9sPg0KIAk8bGk+PG9iamVjdCBkYXRhPSIvd3AtY29udGVudC91cGxvYWRzLzIwMjIvMDQvaWNvbi1lbmdpbmVlcmluZy1saW5rLnN2ZyIgdHlwZT0iaW1hZ2Uvc3ZnK3htbCIgd2lkdGg9IjMwMCIgaGVpZ2h0PSIxNTAiPjwvb2JqZWN0PjwvbGk+DQo8L29sPg==[\/vc_raw_html][vc_column_text]<\/p>\n<h4><a href=\"https:\/\/envari.com\/fr\/services-de-conception-et-dingenierie\/\">Design &amp; Engineering Services<\/a><\/h4>\n<p>Discover why forward-thinking design &amp; engineering can take your building from ordinary to extraordinary.[\/vc_column_text][\/vc_column][vc_column css_animation=\u00a0\u00bbfadeInUp\u00a0\u00bb width=\u00a0\u00bb1\/3&Prime; css=\u00a0\u00bb.vc_custom_1649087507461{padding-top: 10px !important;padding-bottom: 10px !important;}\u00a0\u00bb][vc_raw_html]PG9iamVjdCBkYXRhPSIvd3AtY29udGVudC91cGxvYWRzLzIwMjIvMDQvaWNvbi1lbmVyZ3ktYXVkaXRzLWxpbmstMS5zdmciIHR5cGU9ImltYWdlL3N2Zyt4bWwiIHdpZHRoPSIzMDAiIGhlaWdodD0iMTUwIj48L29iamVjdD4=[\/vc_raw_html][vc_column_text]<\/p>\n<h4><a href=\"https:\/\/envari.com\/fr\/audits-et-evaluations-energetiques\/\">Energy Audits &amp; Assessments<\/a><\/h4>\n<p>The smarter the building, the more future proof it is. Make your building more attractive to own, operate, and lease.[\/vc_column_text][\/vc_column][vc_column css_animation=\u00a0\u00bbfadeInUp\u00a0\u00bb width=\u00a0\u00bb1\/3&Prime; css=\u00a0\u00bb.vc_custom_1649087515544{padding-top: 10px !important;padding-bottom: 10px !important;}\u00a0\u00bb][vc_raw_html]PG9iamVjdCBkYXRhPSIvd3AtY29udGVudC91cGxvYWRzLzIwMjIvMDQvaWNvbi1lbmVyZ3ktbW9uaXRvcmluZy1saW5rLnN2ZyIgdHlwZT0iaW1hZ2Uvc3ZnK3htbCIgd2lkdGg9IjMwMCIgaGVpZ2h0PSIxNTAiPjwvb2JqZWN0Pg==[\/vc_raw_html][vc_column_text]<\/p>\n<h4><a href=\"https:\/\/envari.com\/fr\/tableau-de-bord-energetique-denvari\/\">Energy Monitoring &amp; Automation<\/a><\/h4>\n<p>Optimize energy use for your business. Make informed decisions with real-time data.[\/vc_column_text][\/vc_column][\/vc_row][vc_row content_width=\u00a0\u00bbgrid\u00a0\u00bb content_aligment=\u00a0\u00bbcenter\u00a0\u00bb css=\u00a0\u00bb.vc_custom_1649185251885{padding-top: 10px !important;padding-bottom: 40px !important;}\u00a0\u00bb el_class=\u00a0\u00bbent-3-icons hidden\u00a0\u00bb][vc_column css_animation=\u00a0\u00bbfadeInUp\u00a0\u00bb width=\u00a0\u00bb1\/3&Prime; css=\u00a0\u00bb.vc_custom_1649087523640{padding-top: 10px !important;padding-bottom: 10px !important;}\u00a0\u00bb][vc_raw_html]PG9iamVjdCBkYXRhPSIvd3AtY29udGVudC91cGxvYWRzLzIwMjIvMDQvaWNvbi1jYWJsZS10ZXN0aW5nLWxpbmsuc3ZnIiB0eXBlPSJpbWFnZS9zdmcreG1sIiB3aWR0aD0iMzAwIiBoZWlnaHQ9IjE1MCI+PC9vYmplY3Q+[\/vc_raw_html][vc_column_text]<\/p>\n<h4><a href=\"https:\/\/envari.com\/fr\/diagnostic-de-cables\/\">Cable Testing | CableQ<\/a><\/h4>\n<p>Protect your critical assets. Manage your underground cable effectively with CableQ by Envari.[\/vc_column_text][\/vc_column][vc_column css_animation=\u00a0\u00bbfadeInUp\u00a0\u00bb width=\u00a0\u00bb1\/3&Prime; css=\u00a0\u00bb.vc_custom_1649087530807{padding-top: 10px !important;padding-bottom: 10px !important;}\u00a0\u00bb][vc_raw_html]PG9iamVjdCBkYXRhPSIvd3AtY29udGVudC91cGxvYWRzLzIwMjIvMDQvaWNvbi1ldnMtbGluay5zdmciIHR5cGU9ImltYWdlL3N2Zyt4bWwiIHdpZHRoPSIzMDAiIGhlaWdodD0iMTUwIj48L29iamVjdD4=[\/vc_raw_html][vc_column_text]<\/p>\n<h4><a href=\"https:\/\/envari.com\/fr\/infrastructure-pour-vehicules-electriques\/\">Electric Vehicle Infrastructure<\/a><\/h4>\n<p>Electric Vehicle adoption is on the rise. Take a proactive approach and future-proof your building.[\/vc_column_text][\/vc_column][vc_column css_animation=\u00a0\u00bbfadeInUp\u00a0\u00bb width=\u00a0\u00bb1\/3&Prime; css=\u00a0\u00bb.vc_custom_1649087538526{padding-top: 10px !important;padding-bottom: 10px !important;}\u00a0\u00bb][vc_raw_html]PG9iamVjdCBkYXRhPSIvd3AtY29udGVudC91cGxvYWRzLzIwMjIvMDQvaWNvbi1zdHJlZXRsaWdodGluZy1saW5rLnN2ZyIgdHlwZT0iaW1hZ2Uvc3ZnK3htbCIgd2lkdGg9IjMwMCIgaGVpZ2h0PSIxNTAiPjwvb2JqZWN0Pg==[\/vc_raw_html][vc_column_text]<\/p>\n<h4><a href=\"https:\/\/envari.com\/fr\/eclairage-des-voies-publiques\/\">Streetlighting<\/a><\/h4>\n<p>Decrease your energy costs, and your carbon footprint, while gaining greater connectivity and control.[\/vc_column_text][\/vc_column][\/vc_row]<\/p>\n<\/div>","protected":false},"excerpt":{"rendered":"<p>[vc_row content_width=\u00a0\u00bbgrid\u00a0\u00bb el_class=\u00a0\u00bbent-hero dark grey-text\u00a0\u00bb css=\u00a0\u00bb.vc_custom_1651593795625{background: #0a0a0a url(https:\/\/envari.com\/wp-content\/uploads\/2022\/05\/utility-banner.jpg?id=8208) !important;background-position: center !important;background-repeat: no-repeat !important;background-size: cover !important;}\u00a0\u00bb el_id=\u00a0\u00bbpage-header\u00a0\u00bb][vc_column width=\u00a0\u00bb1\/2&Prime; el_class=\u00a0\u00bbbanner-black-screen\u00a0\u00bb][vc_column_text css=\u00a0\u00bb.vc_custom_1650377848631{margin-bottom: 20px !important;}\u00a0\u00bb] Solutions pour les services publics [\/vc_column_text][vc_column_text]Envari dispose d\u2019un \u00e9ventail de solutions adapt\u00e9es aux services publics modernes.[\/vc_column_text][\/vc_column][vc_column width=\u00a0\u00bb1\/2&Prime;][\/vc_column][\/vc_row][vc_row content_width=\u00a0\u00bbgrid\u00a0\u00bb content_aligment=\u00a0\u00bbcenter\u00a0\u00bb css=\u00a0\u00bb.vc_custom_1648048809975{padding-top: 40px !important;padding-bottom: 10px !important;}\u00a0\u00bb&#8230;<\/p>\n","protected":false},"author":15,"featured_media":0,"parent":0,"menu_order":0,"comment_status":"closed","ping_status":"closed","template":"full-width.php","meta":{"inline_featured_image":false,"footnotes":""},"class_list":["post-7654","page","type-page","status-publish","hentry"],"yoast_head":"<!-- This site is optimized with the Yoast SEO plugin v27.4 - https:\/\/yoast.com\/product\/yoast-seo-wordpress\/ -->\n<title>Solutions pour les services publics - Envari Solutions \u00e9nerg\u00e9tiques<\/title>\n<meta name=\"robots\" content=\"index, follow, max-snippet:-1, max-image-preview:large, max-video-preview:-1\" \/>\n<link rel=\"canonical\" href=\"https:\/\/staging.envari.com\/utility-solutions\/\" \/>\n<meta property=\"og:locale\" content=\"fr_FR\" \/>\n<meta property=\"og:type\" content=\"article\" \/>\n<meta property=\"og:title\" content=\"Solutions pour les services publics - Envari Solutions \u00e9nerg\u00e9tiques\" \/>\n<meta property=\"og:description\" content=\"[vc_row content_width=\u00a0\u00bbgrid\u00a0\u00bb el_class=\u00a0\u00bbent-hero dark grey-text\u00a0\u00bb css=\u00a0\u00bb.vc_custom_1651593795625{background: #0a0a0a url(https:\/\/envari.com\/wp-content\/uploads\/2022\/05\/utility-banner.jpg?id=8208) !important;background-position: center !important;background-repeat: no-repeat !important;background-size: cover !important;}\u00a0\u00bb el_id=\u00a0\u00bbpage-header\u00a0\u00bb][vc_column width=\u00a0\u00bb1\/2&Prime; el_class=\u00a0\u00bbbanner-black-screen\u00a0\u00bb][vc_column_text css=\u00a0\u00bb.vc_custom_1650377848631{margin-bottom: 20px !important;}\u00a0\u00bb] Solutions pour les services publics [\/vc_column_text][vc_column_text]Envari dispose d\u2019un \u00e9ventail de solutions adapt\u00e9es aux services publics modernes.[\/vc_column_text][\/vc_column][vc_column width=\u00a0\u00bb1\/2&Prime;][\/vc_column][\/vc_row][vc_row content_width=\u00a0\u00bbgrid\u00a0\u00bb content_aligment=\u00a0\u00bbcenter\u00a0\u00bb css=\u00a0\u00bb.vc_custom_1648048809975{padding-top: 40px !important;padding-bottom: 10px !important;}\u00a0\u00bb...\" \/>\n<meta property=\"og:url\" content=\"https:\/\/staging.envari.com\/utility-solutions\/\" \/>\n<meta property=\"og:site_name\" content=\"Envari Solutions \u00e9nerg\u00e9tiques\" \/>\n<meta property=\"article:modified_time\" content=\"2022-05-05T20:16:12+00:00\" \/>\n<meta name=\"twitter:card\" content=\"summary_large_image\" \/>\n<meta name=\"twitter:label1\" content=\"Dur\u00e9e de lecture estim\u00e9e\" \/>\n\t<meta name=\"twitter:data1\" content=\"4 minutes\" \/>\n<script type=\"application\/ld+json\" class=\"yoast-schema-graph\">{\"@context\":\"https:\\\/\\\/schema.org\",\"@graph\":[{\"@type\":\"WebPage\",\"@id\":\"https:\\\/\\\/staging.envari.com\\\/utility-solutions\\\/\",\"url\":\"https:\\\/\\\/staging.envari.com\\\/utility-solutions\\\/\",\"name\":\"Solutions pour les services publics - Envari Solutions \u00e9nerg\u00e9tiques\",\"isPartOf\":{\"@id\":\"https:\\\/\\\/staging.envari.com\\\/#website\"},\"datePublished\":\"2022-04-19T14:20:50+00:00\",\"dateModified\":\"2022-05-05T20:16:12+00:00\",\"breadcrumb\":{\"@id\":\"https:\\\/\\\/staging.envari.com\\\/utility-solutions\\\/#breadcrumb\"},\"inLanguage\":\"fr-FR\",\"potentialAction\":[{\"@type\":\"ReadAction\",\"target\":[\"https:\\\/\\\/staging.envari.com\\\/utility-solutions\\\/\"]}]},{\"@type\":\"BreadcrumbList\",\"@id\":\"https:\\\/\\\/staging.envari.com\\\/utility-solutions\\\/#breadcrumb\",\"itemListElement\":[{\"@type\":\"ListItem\",\"position\":1,\"name\":\"Home\",\"item\":\"https:\\\/\\\/staging.envari.com\\\/fr\\\/\"},{\"@type\":\"ListItem\",\"position\":2,\"name\":\"Solutions pour les services publics\"}]},{\"@type\":\"WebSite\",\"@id\":\"https:\\\/\\\/staging.envari.com\\\/#website\",\"url\":\"https:\\\/\\\/staging.envari.com\\\/\",\"name\":\"Envari Solutions \u00e9nerg\u00e9tiques\",\"description\":\"Energy transformation specialists offering a wide range of energy management solutions to commercial, utility and government clients.\",\"potentialAction\":[{\"@type\":\"SearchAction\",\"target\":{\"@type\":\"EntryPoint\",\"urlTemplate\":\"https:\\\/\\\/staging.envari.com\\\/?s={search_term_string}\"},\"query-input\":{\"@type\":\"PropertyValueSpecification\",\"valueRequired\":true,\"valueName\":\"search_term_string\"}}],\"inLanguage\":\"fr-FR\"}]}<\/script>\n<!-- \/ Yoast SEO plugin. -->","yoast_head_json":{"title":"Solutions pour les services publics - Envari Solutions \u00e9nerg\u00e9tiques","robots":{"index":"index","follow":"follow","max-snippet":"max-snippet:-1","max-image-preview":"max-image-preview:large","max-video-preview":"max-video-preview:-1"},"canonical":"https:\/\/staging.envari.com\/utility-solutions\/","og_locale":"fr_FR","og_type":"article","og_title":"Solutions pour les services publics - Envari Solutions \u00e9nerg\u00e9tiques","og_description":"[vc_row content_width=\u00a0\u00bbgrid\u00a0\u00bb el_class=\u00a0\u00bbent-hero dark grey-text\u00a0\u00bb css=\u00a0\u00bb.vc_custom_1651593795625{background: #0a0a0a url(https:\/\/envari.com\/wp-content\/uploads\/2022\/05\/utility-banner.jpg?id=8208) !important;background-position: center !important;background-repeat: no-repeat !important;background-size: cover !important;}\u00a0\u00bb el_id=\u00a0\u00bbpage-header\u00a0\u00bb][vc_column width=\u00a0\u00bb1\/2&Prime; el_class=\u00a0\u00bbbanner-black-screen\u00a0\u00bb][vc_column_text css=\u00a0\u00bb.vc_custom_1650377848631{margin-bottom: 20px !important;}\u00a0\u00bb] Solutions pour les services publics [\/vc_column_text][vc_column_text]Envari dispose d\u2019un \u00e9ventail de solutions adapt\u00e9es aux services publics modernes.[\/vc_column_text][\/vc_column][vc_column width=\u00a0\u00bb1\/2&Prime;][\/vc_column][\/vc_row][vc_row content_width=\u00a0\u00bbgrid\u00a0\u00bb content_aligment=\u00a0\u00bbcenter\u00a0\u00bb css=\u00a0\u00bb.vc_custom_1648048809975{padding-top: 40px !important;padding-bottom: 10px !important;}\u00a0\u00bb...","og_url":"https:\/\/staging.envari.com\/utility-solutions\/","og_site_name":"Envari Solutions \u00e9nerg\u00e9tiques","article_modified_time":"2022-05-05T20:16:12+00:00","twitter_card":"summary_large_image","twitter_misc":{"Dur\u00e9e de lecture estim\u00e9e":"4 minutes"},"schema":{"@context":"https:\/\/schema.org","@graph":[{"@type":"WebPage","@id":"https:\/\/staging.envari.com\/utility-solutions\/","url":"https:\/\/staging.envari.com\/utility-solutions\/","name":"Solutions pour les services publics - Envari Solutions \u00e9nerg\u00e9tiques","isPartOf":{"@id":"https:\/\/staging.envari.com\/#website"},"datePublished":"2022-04-19T14:20:50+00:00","dateModified":"2022-05-05T20:16:12+00:00","breadcrumb":{"@id":"https:\/\/staging.envari.com\/utility-solutions\/#breadcrumb"},"inLanguage":"fr-FR","potentialAction":[{"@type":"ReadAction","target":["https:\/\/staging.envari.com\/utility-solutions\/"]}]},{"@type":"BreadcrumbList","@id":"https:\/\/staging.envari.com\/utility-solutions\/#breadcrumb","itemListElement":[{"@type":"ListItem","position":1,"name":"Home","item":"https:\/\/staging.envari.com\/fr\/"},{"@type":"ListItem","position":2,"name":"Solutions pour les services publics"}]},{"@type":"WebSite","@id":"https:\/\/staging.envari.com\/#website","url":"https:\/\/staging.envari.com\/","name":"Envari Solutions \u00e9nerg\u00e9tiques","description":"Energy transformation specialists offering a wide range of energy management solutions to commercial, utility and government clients.","potentialAction":[{"@type":"SearchAction","target":{"@type":"EntryPoint","urlTemplate":"https:\/\/staging.envari.com\/?s={search_term_string}"},"query-input":{"@type":"PropertyValueSpecification","valueRequired":true,"valueName":"search_term_string"}}],"inLanguage":"fr-FR"}]}},"_links":{"self":[{"href":"https:\/\/envari.com\/fr\/wp-json\/wp\/v2\/pages\/7654","targetHints":{"allow":["GET"]}}],"collection":[{"href":"https:\/\/envari.com\/fr\/wp-json\/wp\/v2\/pages"}],"about":[{"href":"https:\/\/envari.com\/fr\/wp-json\/wp\/v2\/types\/page"}],"author":[{"embeddable":true,"href":"https:\/\/envari.com\/fr\/wp-json\/wp\/v2\/users\/15"}],"replies":[{"embeddable":true,"href":"https:\/\/envari.com\/fr\/wp-json\/wp\/v2\/comments?post=7654"}],"version-history":[{"count":39,"href":"https:\/\/envari.com\/fr\/wp-json\/wp\/v2\/pages\/7654\/revisions"}],"predecessor-version":[{"id":8473,"href":"https:\/\/envari.com\/fr\/wp-json\/wp\/v2\/pages\/7654\/revisions\/8473"}],"wp:attachment":[{"href":"https:\/\/envari.com\/fr\/wp-json\/wp\/v2\/media?parent=7654"}],"curies":[{"name":"wp","href":"https:\/\/api.w.org\/{rel}","templated":true}]}}