{"id":7646,"date":"2022-04-08T15:54:44","date_gmt":"2022-04-08T19:54:44","guid":{"rendered":"https:\/\/envari.com\/solutions-pour-le-secteur-gouvernemental\/"},"modified":"2022-05-16T16:16:43","modified_gmt":"2022-05-16T20:16:43","slug":"solutions-pour-le-secteur-gouvernemental","status":"publish","type":"page","link":"https:\/\/envari.com\/fr\/solutions-pour-le-secteur-gouvernemental\/","title":{"rendered":"Solutions pour le secteur gouvernemental"},"content":{"rendered":"<div class=\"wpb-content-wrapper\"><p>[vc_row content_width=\u00a0\u00bbgrid\u00a0\u00bb css_animation=\u00a0\u00bbqodef-element-from-fade\u00a0\u00bb el_class=\u00a0\u00bbent-hero dark grey-text\u00a0\u00bb css=\u00a0\u00bb.vc_custom_1651592149134{background: #ffffff url(https:\/\/envari.com\/wp-content\/uploads\/2022\/05\/government-banner-02.jpg?id=8210) !important;background-position: center !important;background-repeat: no-repeat !important;background-size: cover !important;}\u00a0\u00bb el_id=\u00a0\u00bbpage-header\u00a0\u00bb][vc_column width=\u00a0\u00bb1\/2&Prime; el_class=\u00a0\u00bbbanner-black-screen\u00a0\u00bb][vc_column_text css=\u00a0\u00bb.vc_custom_1649447366047{margin-bottom: 20px !important;}\u00a0\u00bb]<\/p>\n<h1>Solutions pour le <span class=\"line-break\">secteur gouvernemental<\/span><\/h1>\n<p>[\/vc_column_text][vc_column_text]<!--more-->Des installations de recharge pour v\u00e9hicules \u00e9lectriques jusqu\u2019\u00e0 l\u2019\u00e9clairage intelligent aux DEL pour les voies publiques.<\/p>\n<p>&nbsp;<\/p>\n<p>&nbsp;[\/vc_column_text][\/vc_column][vc_column width=\u00a0\u00bb1\/2&Prime;][\/vc_column][\/vc_row][vc_row content_width=\u00a0\u00bbgrid\u00a0\u00bb content_aligment=\u00a0\u00bbcenter\u00a0\u00bb css=\u00a0\u00bb.vc_custom_1648048809975{padding-top: 40px !important;padding-bottom: 10px !important;}\u00a0\u00bb el_class=\u00a0\u00bbvert-align\u00a0\u00bb][vc_column css=\u00a0\u00bb.vc_custom_1647541085203{padding-right: 6vw !important;}\u00a0\u00bb][vc_column_text css_animation=\u00a0\u00bbleft-to-right\u00a0\u00bb css=\u00a0\u00bb.vc_custom_1649447415872{margin-bottom: 20px !important;}\u00a0\u00bb]<\/p>\n<h2>Envari offre aux gouvernements du Canada des solutions \u00e9nerg\u00e9tiques d\u2019avenir for the future<\/h2>\n<p>[\/vc_column_text][\/vc_column][\/vc_row][vc_row content_width=\u00a0\u00bbgrid\u00a0\u00bb content_aligment=\u00a0\u00bbcenter\u00a0\u00bb css=\u00a0\u00bb.vc_custom_1647972593051{padding-bottom: 30px !important;}\u00a0\u00bb el_class=\u00a0\u00bbent-3-icons\u00a0\u00bb][vc_column css_animation=\u00a0\u00bbfadeInUp\u00a0\u00bb width=\u00a0\u00bb1\/3&Prime;][vc_single_image image=\u00a0\u00bb7749&Prime; img_size=\u00a0\u00bbfull\u00a0\u00bb alignment=\u00a0\u00bbcenter\u00a0\u00bb][vc_column_text]<\/p>\n<h4>Avantages pour l\u2019environnement<\/h4>\n<p>R\u00e9duisez la consommation d\u2019\u00e9nergie et les \u00e9missions de gaz \u00e0 effet de serre tout en encourageant la croissance de certains secteurs, dont l\u2019adoption des v\u00e9hicules \u00e9lectriques.[\/vc_column_text][\/vc_column][vc_column css_animation=\u00a0\u00bbfadeInUp\u00a0\u00bb width=\u00a0\u00bb1\/3&Prime;][vc_single_image image=\u00a0\u00bb7766&Prime; img_size=\u00a0\u00bbfull\u00a0\u00bb alignment=\u00a0\u00bbcenter\u00a0\u00bb][vc_column_text]<\/p>\n<h4>Efficacit\u00e9 et \u00e9conomies<\/h4>\n<p>Envari peut r\u00e9duire les frais d\u2019\u00e9lectricit\u00e9 en tirant parti de la diminution de la demande et des \u00e9conomies r\u00e9alis\u00e9es en p\u00e9riodes de pointe.[\/vc_column_text][\/vc_column][vc_column css_animation=\u00a0\u00bbfadeInUp\u00a0\u00bb width=\u00a0\u00bb1\/3&Prime;][vc_single_image image=\u00a0\u00bb7797&Prime; img_size=\u00a0\u00bbfull\u00a0\u00bb alignment=\u00a0\u00bbcenter\u00a0\u00bb][vc_column_text]<\/p>\n<h4>Solutions \u00e9nerg\u00e9tiques<\/h4>\n<p>Envari peut mettre en place des installations de production d\u2019\u00e9nergie renouvelable et en att\u00e9nuer les co\u00fbts gr\u00e2ce au mesurage net ou encore g\u00e9n\u00e9rer des revenus au moyen de solutions de recharge pour v\u00e9hicules \u00e9lectriques.[\/vc_column_text][\/vc_column][\/vc_row][vc_row content_width=\u00a0\u00bbgrid\u00a0\u00bb css=\u00a0\u00bb.vc_custom_1652731875580{padding-top: 30px !important;padding-bottom: 50px !important;background-color: #eeeeee !important;}\u00a0\u00bb][vc_column width=\u00a0\u00bb1\/6&Prime;][\/vc_column][vc_column width=\u00a0\u00bb2\/3&Prime;][vc_column_text]<\/p>\n<h3>Entreprise de services \u00e9nerg\u00e9tiques (ESE) officielle du gouvernement du Canada<\/h3>\n<p><span style=\"font-weight: 400;\">Envari est fi\u00e8re de son statut d\u2019entreprise de services \u00e9nerg\u00e9tiques (ESE) officielle du gouvernement f\u00e9d\u00e9ral en vertu de la <\/span><a href=\"https:\/\/www.rncan.gc.ca\/efficacite-energetique\/batiments\/services-gouvernement-vert-rncan\/liste-soumissionnaires-qualifies-details\/4508\" target=\"_blank\" rel=\"noopener\"><span style=\"font-weight: 400;\">liste des soumissionnaires qualifi\u00e9s<\/span><\/a><span style=\"font-weight: 400;\"> de Ressources naturelles Canada.<\/span><\/p>\n<p><span style=\"font-weight: 400;\">Qualifi\u00e9e au terme d\u2019un processus d\u2019examen rigoureux, Envari a le plaisir de r\u00e9aliser des contrats de performance \u00e9nerg\u00e9tique (CPE) pouvant atteindre 5\u00a0M$ pour le gouvernement du Canada. Ces contrats consistent \u00e0 mettre en \u0153uvre des mesures de r\u00e9duction de la consommation d\u2019\u00e9nergie et des \u00e9missions de gaz \u00e0 effet de serre dans les b\u00e2timents f\u00e9d\u00e9raux ainsi qu\u2019\u00e0 r\u00e9duire les co\u00fbts d\u2019exploitation des installations et des parcs de v\u00e9hicules.<\/span>[\/vc_column_text][\/vc_column][vc_column width=\u00a0\u00bb1\/6&Prime;][\/vc_column][\/vc_row][vc_row content_width=\u00a0\u00bbgrid\u00a0\u00bb el_class=\u00a0\u00bbdark vert-align grey-text\u00a0\u00bb css=\u00a0\u00bb.vc_custom_1648069683124{padding-bottom: 20px !important;}\u00a0\u00bb][vc_column width=\u00a0\u00bb1\/2&Prime; css=\u00a0\u00bb.vc_custom_1648068125264{padding-top: 30px !important;padding-bottom: 10px !important;}\u00a0\u00bb][vc_single_image image=\u00a0\u00bb8111&Prime; img_size=\u00a0\u00bbfull\u00a0\u00bb css_animation=\u00a0\u00bbfadeIn\u00a0\u00bb][\/vc_column][vc_column width=\u00a0\u00bb1\/2&Prime; css=\u00a0\u00bb.vc_custom_1648068149446{padding-right: 30px !important;padding-bottom: 20px !important;padding-left: 30px !important;}\u00a0\u00bb][vc_column_text css_animation=\u00a0\u00bbfadeIn\u00a0\u00bb]<\/p>\n<h3>La solution Envari<\/h3>\n<p>Envari peut pr\u00eater main-forte aux municipalit\u00e9s et aux gouvernements en planifiant l\u2019\u00e9volution de la question \u00e9nerg\u00e9tique \u00e0 la lumi\u00e8re des objectifs de r\u00e9duction en mati\u00e8re de CO2 et de gaz \u00e0 effet de serre ainsi qu\u2019en r\u00e9alisant des \u00e9valuations \u00e9nerg\u00e9tiques ind\u00e9pendantes.<\/p>\n<p>Envari propose des solutions novatrices, notamment : syst\u00e8mes de t\u00e9l\u00e9gestion programmables pour l\u2019\u00e9clairage des voies publiques aux DEL, installations de recharge pour v\u00e9hicules \u00e9lectriques et solutions d\u2019automatisation des b\u00e2timents aptes \u00e0 r\u00e9duire les \u00e9missions de gaz \u00e0 effet de serre et la consommation d\u2019\u00e9nergie.[\/vc_column_text][\/vc_column][\/vc_row][vc_row row_type=\u00a0\u00bbparallax\u00a0\u00bb content_width=\u00a0\u00bbgrid\u00a0\u00bb full_screen_section_height=\u00a0\u00bbno\u00a0\u00bb parallax_background_image=\u00a0\u00bb8070&Prime; parallax_speed=\u00a0\u00bb1&Prime; el_class=\u00a0\u00bbdark vert-align cta-parallax\u00a0\u00bb css=\u00a0\u00bb.vc_custom_1651168637065{background-color: #6ca5c1 !important;}\u00a0\u00bb][vc_column css_animation=\u00a0\u00bbfadeInLeft\u00a0\u00bb width=\u00a0\u00bb1\/2&Prime; css=\u00a0\u00bb.vc_custom_1649448663160{padding-top: 70px !important;padding-bottom: 60px !important;}\u00a0\u00bb][vc_column_text]<\/p>\n<h2>Laissez Envari vous doter d\u2019un avantage de taille gr\u00e2ce \u00e0 des mesures d\u2019efficacit\u00e9 \u00e9nerg\u00e9tique \u00e9prouv\u00e9es.<\/h2>\n<p>Contactez-nous pour savoir comment nos solutions peuvent vous aider.[\/vc_column_text][\/vc_column][vc_column width=\u00a0\u00bb1\/6&Prime;][\/vc_column][vc_column width=\u00a0\u00bb1\/3&Prime;]<a href=\"\/fr\/contactez-nous\/\" target=\"_self\" style=\"color: #ffffff;background-color: #1c59a4;font-size: 20px\" class=\"qodef-btn qodef-btn-large qodef-btn-solid qodef-btn-custom-hover-bg qodef-btn-custom-hover-color btn-blue-rnd qodef-btn-hover-animation\" data-hover-bg-color=\"#1c59a4\" data-hover-color=\"#ffffff\" >\n            <div class=\"qodef-animation-overlay-holder\">\n            <span  style=\"background-color: #50b748\"  class=\"qodef-animation-overlay\"><\/span>\n        <\/div>\n        <span class=\"qodef-btn-text\">Contactez-nous<\/span>\n    <span class=\"qodef-btn-text-icon\"><\/span>\n<\/a>[\/vc_column][\/vc_row][vc_row anchor=\u00a0\u00bbr5&Prime; video=\u00a0\u00bbshow_video\u00a0\u00bb video_webm=\u00a0\u00bb\/wp-content\/uploads\/2022\/04\/blue-energy-wave.webm\u00a0\u00bb video_mp4=\u00a0\u00bb\/wp-content\/uploads\/2022\/04\/blue-energy-wave.mp4&Prime; video_ogv=\u00a0\u00bb\/wp-content\/uploads\/2022\/04\/blue-energy-wave.ogv\u00a0\u00bb css=\u00a0\u00bb.vc_custom_1649946838915{background-color: #000000 !important;background-position: center !important;background-repeat: no-repeat !important;background-size: cover !important;}\u00a0\u00bb el_id=\u00a0\u00bbent-services\u00a0\u00bb el_class=\u00a0\u00bbdark\u00a0\u00bb][vc_column][vc_row_inner content_width=\u00a0\u00bbgrid\u00a0\u00bb css_animation=\u00a0\u00bbqodef-element-from-bottom\u00a0\u00bb transition_delay=\u00a0\u00bb100&Prime;][vc_column_inner css=\u00a0\u00bb.vc_custom_1647623640695{padding-top: 40px !important;padding-right: 7vw !important;padding-bottom: 30px !important;padding-left: 7vw !important;}\u00a0\u00bb][vc_column_text]<\/p>\n<h2 style=\"text-align: center;\">Profitez de possibilit\u00e9s de r\u00e9aliser des \u00e9conomies d\u2019\u00e9nergie consid\u00e9rables<\/h2>\n<p style=\"text-align: center;\">D\u00e9couvrez comment Envari peut vous aider \u00e0 prot\u00e9ger vos actifs de grande valeur.<\/p>\n<p>[\/vc_column_text][\/vc_column_inner][\/vc_row_inner][vc_row_inner content_width=\u00a0\u00bbgrid\u00a0\u00bb css_animation=\u00a0\u00bbqodef-element-from-bottom\u00a0\u00bb el_class=\u00a0\u00bbent-services\u00a0\u00bb css=\u00a0\u00bb.vc_custom_1649447736579{padding-top: 10px !important;padding-bottom: 10px !important;}\u00a0\u00bb el_id=\u00a0\u00bbeducation&amp;municipalities\u00a0\u00bb][vc_column_inner width=\u00a0\u00bb1\/2&Prime; css=\u00a0\u00bb.vc_custom_1647619165710{padding-top: 20px !important;padding-bottom: 20px !important;}\u00a0\u00bb][vc_column_text]<\/p>\n<h4>\u00c9ducation, mus\u00e9es, gouvernement et soins de sant\u00e9<\/h4>\n<p>Les clients institutionnels constituent un groupe diversifi\u00e9 pr\u00e9sentant des besoins diff\u00e9rents, mais ils ont tous l\u2019occasion de r\u00e9aliser des gains en mati\u00e8re d&rsquo;efficacit\u00e9 \u00e9nerg\u00e9tique gr\u00e2ce aux produits et services d\u2019Envari. En g\u00e9n\u00e9ral, ces clients poss\u00e8dent d\u2019importants campus ou des b\u00e2timents vari\u00e9s, caract\u00e9ris\u00e9s par leur propre mod\u00e8le de consommation et leur propre potentiel d&rsquo;efficacit\u00e9 \u00e9nerg\u00e9tique.<\/p>\n<p>Nos concepteurs et ing\u00e9nieurs experts peuvent \u00e9tudier et recommander des projets visant \u00e0 accro\u00eetre la durabilit\u00e9 et \u00e0 diminuer l\u2019empreinte carbone. \u00c0 l\u2019aide de mises \u00e0 niveau s\u2019appuyant sur la technologie DEL et sur des installations solaires, les clients institutionnels peuvent att\u00e9nuer leur facture d\u2019\u00e9lectricit\u00e9 en r\u00e9duisant leur consommation et en produisant leur propre \u00e9nergie. Et ce n\u2019est qu\u2019un d\u00e9but : Envari peut r\u00e9aliser des \u00e9valuations approfondies et offrir des solutions pertinentes pour une kyrielle de syst\u00e8mes consommant de l\u2019\u00e9nergie.[\/vc_column_text][\/vc_column_inner][vc_column_inner width=\u00a0\u00bb1\/2&Prime; css=\u00a0\u00bb.vc_custom_1647619170925{padding-top: 20px !important;padding-bottom: 20px !important;}\u00a0\u00bb][vc_column_text]<\/p>\n<h4>Municipalit\u00e9s<\/h4>\n<p>Les municipalit\u00e9s ont un imposant parc immobilier \u00e0 g\u00e9rer, et la consommation d\u2019\u00e9nergie et la durabilit\u00e9 environnementale sont des \u00e9l\u00e9ments importants pour la rentabilit\u00e9 de leur administration et pour les citoyens qu\u2019elles servent. Qu\u2019il s\u2019agisse d\u2019immeubles municipaux ou d\u2019infrastructures publiques, il est possible de r\u00e9duire les frais de bien des mani\u00e8res. \u00c0 cet \u00e9gard, Envari dispose de la meilleure \u00e9quipe pour mat\u00e9rialiser ces gains en mati\u00e8re d&rsquo;efficacit\u00e9 \u00e9nerg\u00e9tique. Nos concepteurs et ing\u00e9nieurs sp\u00e9cialis\u00e9s en \u00e9clairage peuvent aider les municipalit\u00e9s \u00e0 maximiser l\u2019utilisation de l\u2019\u00e9nergie gr\u00e2ce \u00e0 des projets de conversion aux DEL, y compris avec des syst\u00e8mes de t\u00e9l\u00e9gestion de variation du flux lumineux con\u00e7us pour fonctionner dans les collectivit\u00e9s connect\u00e9es \u00e0 Internet.<\/p>\n<p>C\u2019est un fait : les municipalit\u00e9s doivent adapter leurs immeubles aux technologies d\u2019avenir et s\u2019efforcent de propulser les collectivit\u00e9s vers des strat\u00e9gies efficaces en mati\u00e8re d\u2019\u00e9nergie renouvelable. \u00c0 ce chapitre, Envari peut les aider \u00e0 atteindre leurs objectifs, notamment au moyen d\u2019installations solaires, d\u2019infrastructures pour VE, de syst\u00e8mes de contr\u00f4le et d\u2019automatisation de l\u2019\u00e9nergie, etc.[\/vc_column_text][\/vc_column_inner][\/vc_row_inner][vc_row_inner content_width=\u00a0\u00bbgrid\u00a0\u00bb css_animation=\u00a0\u00bbqodef-element-from-bottom\u00a0\u00bb el_class=\u00a0\u00bbent-services\u00a0\u00bb el_id=\u00a0\u00bbfederal&amp;provincial\u00a0\u00bb][vc_column_inner width=\u00a0\u00bb1\/2&Prime; css=\u00a0\u00bb.vc_custom_1647619165710{padding-top: 20px !important;padding-bottom: 20px !important;}\u00a0\u00bb][vc_column_text css_animation=\u00a0\u00bbnone\u00a0\u00bb]<\/p>\n<h4>Gouvernement f\u00e9d\u00e9ral (habilitation de s\u00e9curit\u00e9)<\/h4>\n<p>Dans un pays vaste, le gouvernement f\u00e9d\u00e9ral a des probl\u00e8mes uniques \u00e0 r\u00e9soudre. Envari dispose de solutions qui peuvent compenser ou r\u00e9duire les \u00e9missions de gaz \u00e0 effet de serre, diminuer la consommation d\u2019\u00e9nergie et accro\u00eetre la dur\u00e9e de vie du parc immobilier gouvernemental existant.[\/vc_column_text][\/vc_column_inner][vc_column_inner width=\u00a0\u00bb1\/2&Prime; css=\u00a0\u00bb.vc_custom_1647619170925{padding-top: 20px !important;padding-bottom: 20px !important;}\u00a0\u00bb][vc_column_text]<\/p>\n<h4>Gouvernements provinciaux<\/h4>\n<p>Envari a une gamme de solutions pour aider les gouvernements provinciaux \u00e0 att\u00e9nuer leurs co\u00fbts, notamment gr\u00e2ce \u00e0 des syst\u00e8mes d\u2019\u00e9clairage des voies publiques plus efficaces, et \u00e0 stimuler l\u2019adoption de modes de transport verts en mettant en place des installations de recharge pour v\u00e9hicules \u00e9lectriques.[\/vc_column_text][\/vc_column_inner][\/vc_row_inner][vc_row_inner content_width=\u00a0\u00bbgrid\u00a0\u00bb css=\u00a0\u00bb.vc_custom_1647635895717{padding-top: 30px !important;padding-bottom: 40px !important;}\u00a0\u00bb el_class=\u00a0\u00bbvert-align\u00a0\u00bb][vc_column_inner width=\u00a0\u00bb1\/2&Prime; css=\u00a0\u00bb.vc_custom_1647619471536{padding-top: 20px !important;padding-bottom: 20px !important;}\u00a0\u00bb][vc_column_text css_animation=\u00a0\u00bbfadeInLeft\u00a0\u00bb]<\/p>\n<h2>Envari offre aux gouvernements du Canada des solutions \u00e9nerg\u00e9tiques d\u2019avenir.<\/h2>\n<p>[\/vc_column_text][\/vc_column_inner][vc_column_inner width=\u00a0\u00bb1\/6&Prime;][\/vc_column_inner][vc_column_inner width=\u00a0\u00bb2\/6&Prime;]<a href=\"\/fr\/contactez-nous\/\" target=\"_self\" style=\"color: #ffffff;background-color: #1c59a4;font-size: 20px\" class=\"qodef-btn qodef-btn-large qodef-btn-solid qodef-btn-custom-hover-bg qodef-btn-custom-hover-color btn-blue-rnd qodef-btn-hover-animation\" data-hover-bg-color=\"#1c59a4\" data-hover-color=\"#ffffff\" >\n            <div class=\"qodef-animation-overlay-holder\">\n            <span  style=\"background-color: #50b748\"  class=\"qodef-animation-overlay\"><\/span>\n        <\/div>\n        <span class=\"qodef-btn-text\">Contactez-nous<\/span>\n    <span class=\"qodef-btn-text-icon\"><\/span>\n<\/a>[\/vc_column_inner][\/vc_row_inner][\/vc_column][\/vc_row]<\/p>\n<\/div>","protected":false},"excerpt":{"rendered":"<p>[vc_row content_width=\u00a0\u00bbgrid\u00a0\u00bb css_animation=\u00a0\u00bbqodef-element-from-fade\u00a0\u00bb el_class=\u00a0\u00bbent-hero dark grey-text\u00a0\u00bb css=\u00a0\u00bb.vc_custom_1651592149134{background: #ffffff url(https:\/\/envari.com\/wp-content\/uploads\/2022\/05\/government-banner-02.jpg?id=8210) !important;background-position: center !important;background-repeat: no-repeat !important;background-size: cover !important;}\u00a0\u00bb el_id=\u00a0\u00bbpage-header\u00a0\u00bb][vc_column width=\u00a0\u00bb1\/2&Prime; el_class=\u00a0\u00bbbanner-black-screen\u00a0\u00bb][vc_column_text css=\u00a0\u00bb.vc_custom_1649447366047{margin-bottom: 20px !important;}\u00a0\u00bb] Solutions pour le secteur gouvernemental [\/vc_column_text][vc_column_text]<\/p>\n","protected":false},"author":15,"featured_media":0,"parent":0,"menu_order":0,"comment_status":"closed","ping_status":"closed","template":"full-width.php","meta":{"inline_featured_image":false,"footnotes":""},"class_list":["post-7646","page","type-page","status-publish","hentry"],"yoast_head":"<!-- This site is optimized with the Yoast SEO plugin v27.3 - https:\/\/yoast.com\/product\/yoast-seo-wordpress\/ -->\n<title>Solutions pour le secteur gouvernemental - Envari Solutions \u00e9nerg\u00e9tiques<\/title>\n<meta name=\"robots\" content=\"index, follow, max-snippet:-1, max-image-preview:large, max-video-preview:-1\" \/>\n<link rel=\"canonical\" href=\"https:\/\/staging.envari.com\/government-solutions\/\" \/>\n<meta property=\"og:locale\" content=\"fr_FR\" \/>\n<meta property=\"og:type\" content=\"article\" \/>\n<meta property=\"og:title\" content=\"Solutions pour le secteur gouvernemental - Envari Solutions \u00e9nerg\u00e9tiques\" \/>\n<meta property=\"og:description\" content=\"[vc_row content_width=\u00a0\u00bbgrid\u00a0\u00bb css_animation=\u00a0\u00bbqodef-element-from-fade\u00a0\u00bb el_class=\u00a0\u00bbent-hero dark grey-text\u00a0\u00bb css=\u00a0\u00bb.vc_custom_1651592149134{background: #ffffff url(https:\/\/envari.com\/wp-content\/uploads\/2022\/05\/government-banner-02.jpg?id=8210) !important;background-position: center !important;background-repeat: no-repeat !important;background-size: cover !important;}\u00a0\u00bb el_id=\u00a0\u00bbpage-header\u00a0\u00bb][vc_column width=\u00a0\u00bb1\/2&Prime; el_class=\u00a0\u00bbbanner-black-screen\u00a0\u00bb][vc_column_text css=\u00a0\u00bb.vc_custom_1649447366047{margin-bottom: 20px !important;}\u00a0\u00bb] Solutions pour le secteur gouvernemental [\/vc_column_text][vc_column_text]\" \/>\n<meta property=\"og:url\" content=\"https:\/\/staging.envari.com\/government-solutions\/\" \/>\n<meta property=\"og:site_name\" content=\"Envari Solutions \u00e9nerg\u00e9tiques\" \/>\n<meta property=\"article:modified_time\" content=\"2022-05-16T20:16:43+00:00\" \/>\n<meta name=\"twitter:card\" content=\"summary_large_image\" \/>\n<meta name=\"twitter:label1\" content=\"Dur\u00e9e de lecture estim\u00e9e\" \/>\n\t<meta name=\"twitter:data1\" content=\"8 minutes\" \/>\n<script type=\"application\/ld+json\" class=\"yoast-schema-graph\">{\"@context\":\"https:\\\/\\\/schema.org\",\"@graph\":[{\"@type\":\"WebPage\",\"@id\":\"https:\\\/\\\/staging.envari.com\\\/government-solutions\\\/\",\"url\":\"https:\\\/\\\/staging.envari.com\\\/government-solutions\\\/\",\"name\":\"Solutions pour le secteur gouvernemental - Envari Solutions \u00e9nerg\u00e9tiques\",\"isPartOf\":{\"@id\":\"https:\\\/\\\/staging.envari.com\\\/#website\"},\"datePublished\":\"2022-04-08T19:54:44+00:00\",\"dateModified\":\"2022-05-16T20:16:43+00:00\",\"breadcrumb\":{\"@id\":\"https:\\\/\\\/staging.envari.com\\\/government-solutions\\\/#breadcrumb\"},\"inLanguage\":\"fr-FR\",\"potentialAction\":[{\"@type\":\"ReadAction\",\"target\":[\"https:\\\/\\\/staging.envari.com\\\/government-solutions\\\/\"]}]},{\"@type\":\"BreadcrumbList\",\"@id\":\"https:\\\/\\\/staging.envari.com\\\/government-solutions\\\/#breadcrumb\",\"itemListElement\":[{\"@type\":\"ListItem\",\"position\":1,\"name\":\"Home\",\"item\":\"https:\\\/\\\/staging.envari.com\\\/fr\\\/\"},{\"@type\":\"ListItem\",\"position\":2,\"name\":\"Solutions pour le secteur gouvernemental\"}]},{\"@type\":\"WebSite\",\"@id\":\"https:\\\/\\\/staging.envari.com\\\/#website\",\"url\":\"https:\\\/\\\/staging.envari.com\\\/\",\"name\":\"Envari Solutions \u00e9nerg\u00e9tiques\",\"description\":\"Energy transformation specialists offering a wide range of energy management solutions to commercial, utility and government clients.\",\"potentialAction\":[{\"@type\":\"SearchAction\",\"target\":{\"@type\":\"EntryPoint\",\"urlTemplate\":\"https:\\\/\\\/staging.envari.com\\\/?s={search_term_string}\"},\"query-input\":{\"@type\":\"PropertyValueSpecification\",\"valueRequired\":true,\"valueName\":\"search_term_string\"}}],\"inLanguage\":\"fr-FR\"}]}<\/script>\n<!-- \/ Yoast SEO plugin. -->","yoast_head_json":{"title":"Solutions pour le secteur gouvernemental - Envari Solutions \u00e9nerg\u00e9tiques","robots":{"index":"index","follow":"follow","max-snippet":"max-snippet:-1","max-image-preview":"max-image-preview:large","max-video-preview":"max-video-preview:-1"},"canonical":"https:\/\/staging.envari.com\/government-solutions\/","og_locale":"fr_FR","og_type":"article","og_title":"Solutions pour le secteur gouvernemental - Envari Solutions \u00e9nerg\u00e9tiques","og_description":"[vc_row content_width=\u00a0\u00bbgrid\u00a0\u00bb css_animation=\u00a0\u00bbqodef-element-from-fade\u00a0\u00bb el_class=\u00a0\u00bbent-hero dark grey-text\u00a0\u00bb css=\u00a0\u00bb.vc_custom_1651592149134{background: #ffffff url(https:\/\/envari.com\/wp-content\/uploads\/2022\/05\/government-banner-02.jpg?id=8210) !important;background-position: center !important;background-repeat: no-repeat !important;background-size: cover !important;}\u00a0\u00bb el_id=\u00a0\u00bbpage-header\u00a0\u00bb][vc_column width=\u00a0\u00bb1\/2&Prime; el_class=\u00a0\u00bbbanner-black-screen\u00a0\u00bb][vc_column_text css=\u00a0\u00bb.vc_custom_1649447366047{margin-bottom: 20px !important;}\u00a0\u00bb] Solutions pour le secteur gouvernemental [\/vc_column_text][vc_column_text]","og_url":"https:\/\/staging.envari.com\/government-solutions\/","og_site_name":"Envari Solutions \u00e9nerg\u00e9tiques","article_modified_time":"2022-05-16T20:16:43+00:00","twitter_card":"summary_large_image","twitter_misc":{"Dur\u00e9e de lecture estim\u00e9e":"8 minutes"},"schema":{"@context":"https:\/\/schema.org","@graph":[{"@type":"WebPage","@id":"https:\/\/staging.envari.com\/government-solutions\/","url":"https:\/\/staging.envari.com\/government-solutions\/","name":"Solutions pour le secteur gouvernemental - Envari Solutions \u00e9nerg\u00e9tiques","isPartOf":{"@id":"https:\/\/staging.envari.com\/#website"},"datePublished":"2022-04-08T19:54:44+00:00","dateModified":"2022-05-16T20:16:43+00:00","breadcrumb":{"@id":"https:\/\/staging.envari.com\/government-solutions\/#breadcrumb"},"inLanguage":"fr-FR","potentialAction":[{"@type":"ReadAction","target":["https:\/\/staging.envari.com\/government-solutions\/"]}]},{"@type":"BreadcrumbList","@id":"https:\/\/staging.envari.com\/government-solutions\/#breadcrumb","itemListElement":[{"@type":"ListItem","position":1,"name":"Home","item":"https:\/\/staging.envari.com\/fr\/"},{"@type":"ListItem","position":2,"name":"Solutions pour le secteur gouvernemental"}]},{"@type":"WebSite","@id":"https:\/\/staging.envari.com\/#website","url":"https:\/\/staging.envari.com\/","name":"Envari Solutions \u00e9nerg\u00e9tiques","description":"Energy transformation specialists offering a wide range of energy management solutions to commercial, utility and government clients.","potentialAction":[{"@type":"SearchAction","target":{"@type":"EntryPoint","urlTemplate":"https:\/\/staging.envari.com\/?s={search_term_string}"},"query-input":{"@type":"PropertyValueSpecification","valueRequired":true,"valueName":"search_term_string"}}],"inLanguage":"fr-FR"}]}},"_links":{"self":[{"href":"https:\/\/envari.com\/fr\/wp-json\/wp\/v2\/pages\/7646","targetHints":{"allow":["GET"]}}],"collection":[{"href":"https:\/\/envari.com\/fr\/wp-json\/wp\/v2\/pages"}],"about":[{"href":"https:\/\/envari.com\/fr\/wp-json\/wp\/v2\/types\/page"}],"author":[{"embeddable":true,"href":"https:\/\/envari.com\/fr\/wp-json\/wp\/v2\/users\/15"}],"replies":[{"embeddable":true,"href":"https:\/\/envari.com\/fr\/wp-json\/wp\/v2\/comments?post=7646"}],"version-history":[{"count":51,"href":"https:\/\/envari.com\/fr\/wp-json\/wp\/v2\/pages\/7646\/revisions"}],"predecessor-version":[{"id":8620,"href":"https:\/\/envari.com\/fr\/wp-json\/wp\/v2\/pages\/7646\/revisions\/8620"}],"wp:attachment":[{"href":"https:\/\/envari.com\/fr\/wp-json\/wp\/v2\/media?parent=7646"}],"curies":[{"name":"wp","href":"https:\/\/api.w.org\/{rel}","templated":true}]}}