{"id":7500,"date":"2022-04-07T14:00:26","date_gmt":"2022-04-07T18:00:26","guid":{"rendered":"https:\/\/envari.com\/solutions-pour-le-secteur-commercial\/"},"modified":"2022-05-05T14:54:09","modified_gmt":"2022-05-05T18:54:09","slug":"solutions-pour-le-secteur-commercial","status":"publish","type":"page","link":"https:\/\/envari.com\/fr\/solutions-pour-le-secteur-commercial\/","title":{"rendered":"Solutions pour le secteur commercial"},"content":{"rendered":"<div class=\"wpb-content-wrapper\"><p>[vc_row content_width=\u00a0\u00bbgrid\u00a0\u00bb css_animation=\u00a0\u00bbqodef-element-from-fade\u00a0\u00bb el_class=\u00a0\u00bbent-hero dark\u00a0\u00bb css=\u00a0\u00bb.vc_custom_1651604620869{background: #0a0a0a url(https:\/\/envari.com\/wp-content\/uploads\/2022\/05\/commercial-banner-04.jpg?id=8245) !important;background-position: center !important;background-repeat: no-repeat !important;background-size: cover !important;}\u00a0\u00bb el_id=\u00a0\u00bbpage-header\u00a0\u00bb][vc_column width=\u00a0\u00bb1\/2&Prime; el_class=\u00a0\u00bbbanner-black-screen\u00a0\u00bb][vc_column_text css=\u00a0\u00bb.vc_custom_1649354243172{margin-bottom: 20px !important;}\u00a0\u00bb]<\/p>\n<h1>Solutions pour le secteur commercial<\/h1>\n<p>[\/vc_column_text][vc_column_text]R\u00e9duisez votre consommation d\u2019\u00e9nergie et assurez-vous de mener vos activit\u00e9s aussi efficacement que possible.[\/vc_column_text][\/vc_column][vc_column width=\u00a0\u00bb1\/2&Prime;][\/vc_column][\/vc_row][vc_row content_width=\u00a0\u00bbgrid\u00a0\u00bb content_aligment=\u00a0\u00bbcenter\u00a0\u00bb css=\u00a0\u00bb.vc_custom_1648048809975{padding-top: 40px !important;padding-bottom: 10px !important;}\u00a0\u00bb el_class=\u00a0\u00bbvert-align\u00a0\u00bb][vc_column css=\u00a0\u00bb.vc_custom_1647541085203{padding-right: 6vw !important;}\u00a0\u00bb][vc_column_text css_animation=\u00a0\u00bbleft-to-right\u00a0\u00bb css=\u00a0\u00bb.vc_custom_1649354321367{margin-bottom: 20px !important;}\u00a0\u00bb]<\/p>\n<h2>Envari peut r\u00e9aliser une \u00e9valuation exhaustive qui contribuera \u00e0 prioriser des mesures d\u2019efficacit\u00e9 \u00e9nerg\u00e9tique efficiency measures<\/h2>\n<p>[\/vc_column_text][\/vc_column][\/vc_row][vc_row content_width=\u00a0\u00bbgrid\u00a0\u00bb content_aligment=\u00a0\u00bbcenter\u00a0\u00bb css=\u00a0\u00bb.vc_custom_1647972593051{padding-bottom: 30px !important;}\u00a0\u00bb el_class=\u00a0\u00bbent-3-icons\u00a0\u00bb][vc_column css_animation=\u00a0\u00bbfadeInUp\u00a0\u00bb width=\u00a0\u00bb1\/3&Prime;][vc_single_image image=\u00a0\u00bb7768&Prime; img_size=\u00a0\u00bbfull\u00a0\u00bb alignment=\u00a0\u00bbcenter\u00a0\u00bb][vc_column_text]<\/p>\n<h4>Avantages mesurables<\/h4>\n<p>Quantifiez les r\u00e9percussions financi\u00e8res et environnementales de toute solution potentielle.[\/vc_column_text][\/vc_column][vc_column css_animation=\u00a0\u00bbfadeInUp\u00a0\u00bb width=\u00a0\u00bb1\/3&Prime;][vc_single_image image=\u00a0\u00bb7770&Prime; img_size=\u00a0\u00bbfull\u00a0\u00bb alignment=\u00a0\u00bbcenter\u00a0\u00bb][vc_column_text]<\/p>\n<h4>Solutions cl\u00e9s en main<\/h4>\n<p>Nous offrons des solutions cl\u00e9s en main pour les projets de conversion et de mise \u00e0 niveau, et vous accompagnons \u00e0 chaque \u00e9tape de leur r\u00e9alisation en veillant \u00e0 perturber le moins possible les activit\u00e9s de votre entreprise.[\/vc_column_text][\/vc_column][vc_column css_animation=\u00a0\u00bbfadeInUp\u00a0\u00bb width=\u00a0\u00bb1\/3&Prime;][vc_single_image image=\u00a0\u00bb7766&Prime; img_size=\u00a0\u00bbfull\u00a0\u00bb alignment=\u00a0\u00bbcenter\u00a0\u00bb][vc_column_text]<\/p>\n<h4>Efficacit\u00e9 et \u00e9conomies<\/h4>\n<p>Priorisez des mesures d\u2019efficacit\u00e9 \u00e9nerg\u00e9tique et r\u00e9duisez consid\u00e9rablement vos co\u00fbts d\u2019\u00e9nergie.[\/vc_column_text][\/vc_column][\/vc_row][vc_row content_width=\u00a0\u00bbgrid\u00a0\u00bb el_class=\u00a0\u00bbdark vert-align grey-text\u00a0\u00bb css=\u00a0\u00bb.vc_custom_1648069683124{padding-bottom: 20px !important;}\u00a0\u00bb][vc_column width=\u00a0\u00bb1\/2&Prime; css=\u00a0\u00bb.vc_custom_1648068125264{padding-top: 30px !important;padding-bottom: 10px !important;}\u00a0\u00bb][vc_single_image image=\u00a0\u00bb8105&Prime; img_size=\u00a0\u00bbfull\u00a0\u00bb css_animation=\u00a0\u00bbfadeIn\u00a0\u00bb][\/vc_column][vc_column width=\u00a0\u00bb1\/2&Prime; css=\u00a0\u00bb.vc_custom_1648068149446{padding-right: 30px !important;padding-bottom: 20px !important;padding-left: 30px !important;}\u00a0\u00bb][vc_column_text css_animation=\u00a0\u00bbfadeIn\u00a0\u00bb]<\/p>\n<h3>La solution Envari<\/h3>\n<p>Pour les \u00e9tablissements commerciaux, la facture d\u2019\u00e9nergie peut repr\u00e9senter des frais d\u2019exploitation substantiels. Envari peut aider autant les gestionnaires d\u2019immeubles que les locataires commerciaux \u00e0 adopter des mesures proactives de r\u00e9duction de consommation d\u2019\u00e9nergie et \u00e0 s\u2019assurer que leur mode de fonctionnement soit le plus efficace possible.<\/p>\n<p>Envari peut r\u00e9aliser une \u00e9valuation exhaustive et prioriser des mesures d\u2019efficacit\u00e9 \u00e9nerg\u00e9tique tout en quantifiant les r\u00e9percussions financi\u00e8res et environnementales des solutions pouvant \u00eatre mises de l\u2019avant. Envari offre des solutions cl\u00e9s en main pour les projets de conversion et de mise \u00e0 niveau, et peut vous accompagner \u00e0 chaque \u00e9tape de leur r\u00e9alisation en veillant \u00e0 perturber le moins possible les activit\u00e9s de votre entreprise.[\/vc_column_text][\/vc_column][\/vc_row][vc_row row_type=\u00a0\u00bbparallax\u00a0\u00bb content_width=\u00a0\u00bbgrid\u00a0\u00bb full_screen_section_height=\u00a0\u00bbno\u00a0\u00bb parallax_background_image=\u00a0\u00bb8070&Prime; parallax_speed=\u00a0\u00bb1&Prime; el_class=\u00a0\u00bbdark vert-align cta-parallax\u00a0\u00bb css=\u00a0\u00bb.vc_custom_1651168361575{background-color: #6ca5c1 !important;}\u00a0\u00bb][vc_column css_animation=\u00a0\u00bbfadeInLeft\u00a0\u00bb width=\u00a0\u00bb1\/2&Prime; css=\u00a0\u00bb.vc_custom_1649448800902{padding-top: 70px !important;padding-bottom: 60px !important;}\u00a0\u00bb][vc_column_text]<\/p>\n<h2>Laissez Envari vous doter d\u2019un avantage de taille gr\u00e2ce \u00e0 des mesures d\u2019efficacit\u00e9 \u00e9nerg\u00e9tique \u00e9prouv\u00e9es.<\/h2>\n<p>Contactez-nous pour savoir comment nos solutions peuvent vous aider.[\/vc_column_text][\/vc_column][vc_column width=\u00a0\u00bb1\/6&Prime;][\/vc_column][vc_column width=\u00a0\u00bb1\/3&Prime;]<a href=\"\/fr\/contactez-nous\/\" target=\"_self\" style=\"color: #ffffff;background-color: #1c59a4;font-size: 20px\" class=\"qodef-btn qodef-btn-large qodef-btn-solid qodef-btn-custom-hover-bg qodef-btn-custom-hover-color btn-blue-rnd qodef-btn-hover-animation\" data-hover-bg-color=\"#1c59a4\" data-hover-color=\"#ffffff\" >\n            <div class=\"qodef-animation-overlay-holder\">\n            <span  style=\"background-color: #50b748\"  class=\"qodef-animation-overlay\"><\/span>\n        <\/div>\n        <span class=\"qodef-btn-text\">Contactez-nous<\/span>\n    <span class=\"qodef-btn-text-icon\"><\/span>\n<\/a>[\/vc_column][\/vc_row][vc_row anchor=\u00a0\u00bbr4&Prime; video=\u00a0\u00bbshow_video\u00a0\u00bb video_webm=\u00a0\u00bb\/wp-content\/uploads\/2022\/04\/blue-energy-wave.webm\u00a0\u00bb video_mp4=\u00a0\u00bb\/wp-content\/uploads\/2022\/04\/blue-energy-wave.mp4&Prime; video_ogv=\u00a0\u00bb\/wp-content\/uploads\/2022\/04\/blue-energy-wave.ogv\u00a0\u00bb css=\u00a0\u00bb.vc_custom_1649947420753{background-color: #000000 !important;background-position: center !important;background-repeat: no-repeat !important;background-size: cover !important;}\u00a0\u00bb el_id=\u00a0\u00bbent-services\u00a0\u00bb el_class=\u00a0\u00bbdark\u00a0\u00bb][vc_column][vc_row_inner content_width=\u00a0\u00bbgrid\u00a0\u00bb css_animation=\u00a0\u00bbqodef-element-from-bottom\u00a0\u00bb transition_delay=\u00a0\u00bb100&Prime;][vc_column_inner css=\u00a0\u00bb.vc_custom_1647623640695{padding-top: 40px !important;padding-right: 7vw !important;padding-bottom: 30px !important;padding-left: 7vw !important;}\u00a0\u00bb][vc_column_text]<\/p>\n<h2 style=\"text-align: center;\">Profitez de possibilit\u00e9s de r\u00e9aliser des \u00e9conomies d\u2019\u00e9nergie consid\u00e9rables<\/h2>\n<p style=\"text-align: center;\">D\u00e9couvrez comment Envari peut vous aider \u00e0 prot\u00e9ger vos actifs de grande valeur.<\/p>\n<p>[\/vc_column_text][\/vc_column_inner][\/vc_row_inner][vc_row_inner content_width=\u00a0\u00bbgrid\u00a0\u00bb css_animation=\u00a0\u00bbqodef-element-from-bottom\u00a0\u00bb el_class=\u00a0\u00bbent-services\u00a0\u00bb css=\u00a0\u00bb.vc_custom_1649355400550{padding-top: 10px !important;padding-bottom: 10px !important;}\u00a0\u00bb el_id=\u00a0\u00bbindustrial&amp;condo\u00a0\u00bb][vc_column_inner width=\u00a0\u00bb1\/2&Prime; css=\u00a0\u00bb.vc_custom_1647619165710{padding-top: 20px !important;padding-bottom: 20px !important;}\u00a0\u00bb][vc_column_text]<\/p>\n<h4>Secteur industriel<\/h4>\n<p>Les clients des secteurs manufacturier et industriel ont un profil de grands consommateurs d\u2019\u00e9nergie; leurs syst\u00e8mes de traitement, leur \u00e9quipement de fabrication et leurs locaux tr\u00e8s ventil\u00e9s et climatis\u00e9s sont tous exploit\u00e9s sur de longues p\u00e9riodes. Nombreux sont les clients industriels qui sont confront\u00e9s \u00e0 la n\u00e9cessit\u00e9 de r\u00e9duire leurs co\u00fbts et d\u2019accro\u00eetre leur durabilit\u00e9 sur le plan environnemental, et ce, en am\u00e9liorant malgr\u00e9 tout leur comp\u00e9titivit\u00e9 sur le march\u00e9.<\/p>\n<p>Envari propose des \u00e9valuations approfondies en mati\u00e8re de consommation d\u2019\u00e9nergie industrielle aux fins d\u2019une multitude d\u2019applications. Outre l\u2019\u00e9valuation des syst\u00e8mes d\u2019\u00e9clairage DEL et de CVC, nos ing\u00e9nieurs peuvent mesurer les syst\u00e8mes \u00e9lectriques, hydrauliques et thermiques ainsi que les locaux occup\u00e9s par des locataires, ce qui leur permet d\u2019en analyser et \u00e9valuer l\u2019efficacit\u00e9, et de cerner des probl\u00e8mes de rendement. Ils \u00e9laborent ensuite des mises \u00e0 niveau et les mettent en \u0153uvre au moyen de la technologie la mieux adapt\u00e9e aux besoins de chaque client. Nous veillons \u00e0 ce que rien n\u2019entrave l\u2019atteinte des objectifs fix\u00e9s, le tout dans une perspective de durabilit\u00e9 et d\u2019efficacit\u00e9.[\/vc_column_text][\/vc_column_inner][vc_column_inner width=\u00a0\u00bb1\/2&Prime; css=\u00a0\u00bb.vc_custom_1647619170925{padding-top: 20px !important;padding-bottom: 20px !important;}\u00a0\u00bb][vc_column_text]<\/p>\n<h4>Gestion des condominiums et des immeubles d\u2019habitation<\/h4>\n<p>Les associations de copropri\u00e9taires et les gestionnaires d\u2019immeubles doivent composer avec la consommation d\u2019\u00e9nergie des r\u00e9sidents et, id\u00e9alement, identifier des gains d&rsquo;efficacit\u00e9. Cependant, ils ont aussi des occasions en or d\u2019investir dans des projets d\u2019\u00e9conomie d\u2019\u00e9nergie. Qu\u2019il s\u2019agisse de constructions neuves ou d\u2019immeubles plus anciens n\u00e9cessitant des mises \u00e0 niveau, nous avons l\u2019expertise qu\u2019il faut pour recommander des solutions qui se traduiront par un rendement important sur le capital investi.<\/p>\n<p>Envari peut vous aider \u00e0 maintenir votre immeuble \u00e0 niveau et conforme \u00e0 la r\u00e9glementation relative aux codes du b\u00e2timent. Que vous souhaitiez obtenir la certification BOMA BEST ou investir dans une infrastructure adapt\u00e9e aux VE, notre \u00e9quipe de concepteurs, d\u2019ing\u00e9nieurs et de gestionnaires de projets peut se charger de tout, et ce, en vous proposant des options durables et en vous faisant r\u00e9aliser des \u00e9conomies.[\/vc_column_text][\/vc_column_inner][\/vc_row_inner][vc_row_inner content_width=\u00a0\u00bbgrid\u00a0\u00bb css_animation=\u00a0\u00bbqodef-element-from-bottom\u00a0\u00bb el_class=\u00a0\u00bbent-services\u00a0\u00bb el_id=\u00a0\u00bbcommercial&amp;development\u00a0\u00bb][vc_column_inner width=\u00a0\u00bb1\/2&Prime; css=\u00a0\u00bb.vc_custom_1647619165710{padding-top: 20px !important;padding-bottom: 20px !important;}\u00a0\u00bb][vc_column_text css_animation=\u00a0\u00bbnone\u00a0\u00bb]<\/p>\n<h4>Vente au d\u00e9tail<\/h4>\n<p>Envari propose des solutions de sous-comptage pour l\u2019\u00e9lectricit\u00e9, l\u2019eau et l\u2019\u00e9nergie thermique consomm\u00e9e dans des locaux lou\u00e9s. Les occupants peuvent ainsi contr\u00f4ler les co\u00fbts qu\u2019ils engendrent, tandis que le propri\u00e9taire de l\u2019immeuble obtient une meilleure vue d\u2019ensemble du fonctionnement de son b\u00e2timent.<\/p>\n<p>Par ailleurs, compte tenu de l\u2019expertise d\u2019Envari en r\u00e9alisation de mises \u00e0 niveau, il est possible de r\u00e9duire consid\u00e9rablement les co\u00fbts et les frais d\u2019exploitation d\u2019un immeuble tout en accroissant sa valeur.[\/vc_column_text][\/vc_column_inner][vc_column_inner width=\u00a0\u00bb1\/2&Prime; css=\u00a0\u00bb.vc_custom_1647619170925{padding-top: 20px !important;padding-bottom: 20px !important;}\u00a0\u00bb][vc_column_text]<\/p>\n<h4>D\u00e9veloppement immobilier et construction<\/h4>\n<p>Avec des solutions intelligentes, assurez-vous que votre d\u00e9veloppement ait une longueur d\u2019avance sur vos concurrents. Envari a des solutions qui rehaussent l\u2019efficacit\u00e9 des b\u00e2timents et vous permettent de mieux contr\u00f4ler la consommation et les frais d\u2019\u00e9nergie.<\/p>\n<p>Envari ma\u00eetrise les solutions de transformation de l\u2019\u00e9nergie et peut vous pr\u00eater main-forte lors des \u00e9tapes de conception et de construction. R\u00e9sultat : am\u00e9lioration du rendement du b\u00e2timent, de l\u2019automatisation des syst\u00e8mes, du flux lumineux et du contr\u00f4le des occupants relativement \u00e0 leur consommation des services publics.[\/vc_column_text][\/vc_column_inner][\/vc_row_inner][vc_row_inner content_width=\u00a0\u00bbgrid\u00a0\u00bb css=\u00a0\u00bb.vc_custom_1647635895717{padding-top: 30px !important;padding-bottom: 40px !important;}\u00a0\u00bb el_class=\u00a0\u00bbvert-align\u00a0\u00bb][vc_column_inner width=\u00a0\u00bb1\/2&Prime; css=\u00a0\u00bb.vc_custom_1647619471536{padding-top: 20px !important;padding-bottom: 20px !important;}\u00a0\u00bb][vc_column_text css_animation=\u00a0\u00bbfadeInLeft\u00a0\u00bb]<\/p>\n<h2>Soyez \u00e0 la fine pointe de votre industrie gr\u00e2ce aux services d\u2019Envari.<\/h2>\n<p>[\/vc_column_text][\/vc_column_inner][vc_column_inner width=\u00a0\u00bb1\/6&Prime;][\/vc_column_inner][vc_column_inner width=\u00a0\u00bb2\/6&Prime;]<a href=\"\/fr\/contactez-nous\/\" target=\"_self\" style=\"color: #ffffff;background-color: #1c59a4;font-size: 20px\" class=\"qodef-btn qodef-btn-large qodef-btn-solid qodef-btn-custom-hover-bg qodef-btn-custom-hover-color btn-blue-rnd qodef-btn-hover-animation\" data-hover-bg-color=\"#1c59a4\" data-hover-color=\"#ffffff\" >\n            <div class=\"qodef-animation-overlay-holder\">\n            <span  style=\"background-color: #50b748\"  class=\"qodef-animation-overlay\"><\/span>\n        <\/div>\n        <span class=\"qodef-btn-text\">Contactez-nous<\/span>\n    <span class=\"qodef-btn-text-icon\"><\/span>\n<\/a>[\/vc_column_inner][\/vc_row_inner][\/vc_column][\/vc_row]<\/p>\n<\/div>","protected":false},"excerpt":{"rendered":"<p>[vc_row content_width=\u00a0\u00bbgrid\u00a0\u00bb css_animation=\u00a0\u00bbqodef-element-from-fade\u00a0\u00bb el_class=\u00a0\u00bbent-hero dark\u00a0\u00bb css=\u00a0\u00bb.vc_custom_1651604620869{background: #0a0a0a url(https:\/\/envari.com\/wp-content\/uploads\/2022\/05\/commercial-banner-04.jpg?id=8245) !important;background-position: center !important;background-repeat: no-repeat !important;background-size: cover !important;}\u00a0\u00bb el_id=\u00a0\u00bbpage-header\u00a0\u00bb][vc_column width=\u00a0\u00bb1\/2&Prime; el_class=\u00a0\u00bbbanner-black-screen\u00a0\u00bb][vc_column_text css=\u00a0\u00bb.vc_custom_1649354243172{margin-bottom: 20px !important;}\u00a0\u00bb] Solutions pour le secteur commercial [\/vc_column_text][vc_column_text]R\u00e9duisez votre consommation d\u2019\u00e9nergie et assurez-vous de mener vos activit\u00e9s aussi efficacement que possible.[\/vc_column_text][\/vc_column][vc_column width=\u00a0\u00bb1\/2&Prime;][\/vc_column][\/vc_row][vc_row content_width=\u00a0\u00bbgrid\u00a0\u00bb content_aligment=\u00a0\u00bbcenter\u00a0\u00bb css=\u00a0\u00bb.vc_custom_1648048809975{padding-top: 40px&#8230;<\/p>\n","protected":false},"author":15,"featured_media":0,"parent":0,"menu_order":0,"comment_status":"closed","ping_status":"closed","template":"full-width.php","meta":{"inline_featured_image":false,"footnotes":""},"class_list":["post-7500","page","type-page","status-publish","hentry"],"yoast_head":"<!-- This site is optimized with the Yoast SEO plugin v27.3 - https:\/\/yoast.com\/product\/yoast-seo-wordpress\/ -->\n<title>Solutions pour le secteur commercial - Envari Solutions \u00e9nerg\u00e9tiques<\/title>\n<meta name=\"robots\" content=\"index, follow, max-snippet:-1, max-image-preview:large, max-video-preview:-1\" \/>\n<link rel=\"canonical\" href=\"https:\/\/staging.envari.com\/commercial-solutions\/\" \/>\n<meta property=\"og:locale\" content=\"fr_FR\" \/>\n<meta property=\"og:type\" content=\"article\" \/>\n<meta property=\"og:title\" content=\"Solutions pour le secteur commercial - Envari Solutions \u00e9nerg\u00e9tiques\" \/>\n<meta property=\"og:description\" content=\"[vc_row content_width=\u00a0\u00bbgrid\u00a0\u00bb css_animation=\u00a0\u00bbqodef-element-from-fade\u00a0\u00bb el_class=\u00a0\u00bbent-hero dark\u00a0\u00bb css=\u00a0\u00bb.vc_custom_1651604620869{background: #0a0a0a url(https:\/\/envari.com\/wp-content\/uploads\/2022\/05\/commercial-banner-04.jpg?id=8245) !important;background-position: center !important;background-repeat: no-repeat !important;background-size: cover !important;}\u00a0\u00bb el_id=\u00a0\u00bbpage-header\u00a0\u00bb][vc_column width=\u00a0\u00bb1\/2&Prime; el_class=\u00a0\u00bbbanner-black-screen\u00a0\u00bb][vc_column_text css=\u00a0\u00bb.vc_custom_1649354243172{margin-bottom: 20px !important;}\u00a0\u00bb] Solutions pour le secteur commercial [\/vc_column_text][vc_column_text]R\u00e9duisez votre consommation d\u2019\u00e9nergie et assurez-vous de mener vos activit\u00e9s aussi efficacement que possible.[\/vc_column_text][\/vc_column][vc_column width=\u00a0\u00bb1\/2&Prime;][\/vc_column][\/vc_row][vc_row content_width=\u00a0\u00bbgrid\u00a0\u00bb content_aligment=\u00a0\u00bbcenter\u00a0\u00bb css=\u00a0\u00bb.vc_custom_1648048809975{padding-top: 40px...\" \/>\n<meta property=\"og:url\" content=\"https:\/\/staging.envari.com\/commercial-solutions\/\" \/>\n<meta property=\"og:site_name\" content=\"Envari Solutions \u00e9nerg\u00e9tiques\" \/>\n<meta property=\"article:modified_time\" content=\"2022-05-05T18:54:09+00:00\" \/>\n<meta name=\"twitter:card\" content=\"summary_large_image\" \/>\n<meta name=\"twitter:label1\" content=\"Dur\u00e9e de lecture estim\u00e9e\" \/>\n\t<meta name=\"twitter:data1\" content=\"8 minutes\" \/>\n<script type=\"application\/ld+json\" class=\"yoast-schema-graph\">{\"@context\":\"https:\\\/\\\/schema.org\",\"@graph\":[{\"@type\":\"WebPage\",\"@id\":\"https:\\\/\\\/staging.envari.com\\\/commercial-solutions\\\/\",\"url\":\"https:\\\/\\\/staging.envari.com\\\/commercial-solutions\\\/\",\"name\":\"Solutions pour le secteur commercial - Envari Solutions \u00e9nerg\u00e9tiques\",\"isPartOf\":{\"@id\":\"https:\\\/\\\/staging.envari.com\\\/#website\"},\"datePublished\":\"2022-04-07T18:00:26+00:00\",\"dateModified\":\"2022-05-05T18:54:09+00:00\",\"breadcrumb\":{\"@id\":\"https:\\\/\\\/staging.envari.com\\\/commercial-solutions\\\/#breadcrumb\"},\"inLanguage\":\"fr-FR\",\"potentialAction\":[{\"@type\":\"ReadAction\",\"target\":[\"https:\\\/\\\/staging.envari.com\\\/commercial-solutions\\\/\"]}]},{\"@type\":\"BreadcrumbList\",\"@id\":\"https:\\\/\\\/staging.envari.com\\\/commercial-solutions\\\/#breadcrumb\",\"itemListElement\":[{\"@type\":\"ListItem\",\"position\":1,\"name\":\"Home\",\"item\":\"https:\\\/\\\/staging.envari.com\\\/fr\\\/\"},{\"@type\":\"ListItem\",\"position\":2,\"name\":\"Solutions pour le secteur commercial\"}]},{\"@type\":\"WebSite\",\"@id\":\"https:\\\/\\\/staging.envari.com\\\/#website\",\"url\":\"https:\\\/\\\/staging.envari.com\\\/\",\"name\":\"Envari Solutions \u00e9nerg\u00e9tiques\",\"description\":\"Energy transformation specialists offering a wide range of energy management solutions to commercial, utility and government clients.\",\"potentialAction\":[{\"@type\":\"SearchAction\",\"target\":{\"@type\":\"EntryPoint\",\"urlTemplate\":\"https:\\\/\\\/staging.envari.com\\\/?s={search_term_string}\"},\"query-input\":{\"@type\":\"PropertyValueSpecification\",\"valueRequired\":true,\"valueName\":\"search_term_string\"}}],\"inLanguage\":\"fr-FR\"}]}<\/script>\n<!-- \/ Yoast SEO plugin. -->","yoast_head_json":{"title":"Solutions pour le secteur commercial - Envari Solutions \u00e9nerg\u00e9tiques","robots":{"index":"index","follow":"follow","max-snippet":"max-snippet:-1","max-image-preview":"max-image-preview:large","max-video-preview":"max-video-preview:-1"},"canonical":"https:\/\/staging.envari.com\/commercial-solutions\/","og_locale":"fr_FR","og_type":"article","og_title":"Solutions pour le secteur commercial - Envari Solutions \u00e9nerg\u00e9tiques","og_description":"[vc_row content_width=\u00a0\u00bbgrid\u00a0\u00bb css_animation=\u00a0\u00bbqodef-element-from-fade\u00a0\u00bb el_class=\u00a0\u00bbent-hero dark\u00a0\u00bb css=\u00a0\u00bb.vc_custom_1651604620869{background: #0a0a0a url(https:\/\/envari.com\/wp-content\/uploads\/2022\/05\/commercial-banner-04.jpg?id=8245) !important;background-position: center !important;background-repeat: no-repeat !important;background-size: cover !important;}\u00a0\u00bb el_id=\u00a0\u00bbpage-header\u00a0\u00bb][vc_column width=\u00a0\u00bb1\/2&Prime; el_class=\u00a0\u00bbbanner-black-screen\u00a0\u00bb][vc_column_text css=\u00a0\u00bb.vc_custom_1649354243172{margin-bottom: 20px !important;}\u00a0\u00bb] Solutions pour le secteur commercial [\/vc_column_text][vc_column_text]R\u00e9duisez votre consommation d\u2019\u00e9nergie et assurez-vous de mener vos activit\u00e9s aussi efficacement que possible.[\/vc_column_text][\/vc_column][vc_column width=\u00a0\u00bb1\/2&Prime;][\/vc_column][\/vc_row][vc_row content_width=\u00a0\u00bbgrid\u00a0\u00bb content_aligment=\u00a0\u00bbcenter\u00a0\u00bb css=\u00a0\u00bb.vc_custom_1648048809975{padding-top: 40px...","og_url":"https:\/\/staging.envari.com\/commercial-solutions\/","og_site_name":"Envari Solutions \u00e9nerg\u00e9tiques","article_modified_time":"2022-05-05T18:54:09+00:00","twitter_card":"summary_large_image","twitter_misc":{"Dur\u00e9e de lecture estim\u00e9e":"8 minutes"},"schema":{"@context":"https:\/\/schema.org","@graph":[{"@type":"WebPage","@id":"https:\/\/staging.envari.com\/commercial-solutions\/","url":"https:\/\/staging.envari.com\/commercial-solutions\/","name":"Solutions pour le secteur commercial - Envari Solutions \u00e9nerg\u00e9tiques","isPartOf":{"@id":"https:\/\/staging.envari.com\/#website"},"datePublished":"2022-04-07T18:00:26+00:00","dateModified":"2022-05-05T18:54:09+00:00","breadcrumb":{"@id":"https:\/\/staging.envari.com\/commercial-solutions\/#breadcrumb"},"inLanguage":"fr-FR","potentialAction":[{"@type":"ReadAction","target":["https:\/\/staging.envari.com\/commercial-solutions\/"]}]},{"@type":"BreadcrumbList","@id":"https:\/\/staging.envari.com\/commercial-solutions\/#breadcrumb","itemListElement":[{"@type":"ListItem","position":1,"name":"Home","item":"https:\/\/staging.envari.com\/fr\/"},{"@type":"ListItem","position":2,"name":"Solutions pour le secteur commercial"}]},{"@type":"WebSite","@id":"https:\/\/staging.envari.com\/#website","url":"https:\/\/staging.envari.com\/","name":"Envari Solutions \u00e9nerg\u00e9tiques","description":"Energy transformation specialists offering a wide range of energy management solutions to commercial, utility and government clients.","potentialAction":[{"@type":"SearchAction","target":{"@type":"EntryPoint","urlTemplate":"https:\/\/staging.envari.com\/?s={search_term_string}"},"query-input":{"@type":"PropertyValueSpecification","valueRequired":true,"valueName":"search_term_string"}}],"inLanguage":"fr-FR"}]}},"_links":{"self":[{"href":"https:\/\/envari.com\/fr\/wp-json\/wp\/v2\/pages\/7500","targetHints":{"allow":["GET"]}}],"collection":[{"href":"https:\/\/envari.com\/fr\/wp-json\/wp\/v2\/pages"}],"about":[{"href":"https:\/\/envari.com\/fr\/wp-json\/wp\/v2\/types\/page"}],"author":[{"embeddable":true,"href":"https:\/\/envari.com\/fr\/wp-json\/wp\/v2\/users\/15"}],"replies":[{"embeddable":true,"href":"https:\/\/envari.com\/fr\/wp-json\/wp\/v2\/comments?post=7500"}],"version-history":[{"count":26,"href":"https:\/\/envari.com\/fr\/wp-json\/wp\/v2\/pages\/7500\/revisions"}],"predecessor-version":[{"id":8441,"href":"https:\/\/envari.com\/fr\/wp-json\/wp\/v2\/pages\/7500\/revisions\/8441"}],"wp:attachment":[{"href":"https:\/\/envari.com\/fr\/wp-json\/wp\/v2\/media?parent=7500"}],"curies":[{"name":"wp","href":"https:\/\/api.w.org\/{rel}","templated":true}]}}