{"id":7464,"date":"2021-12-15T16:35:04","date_gmt":"2021-12-15T21:35:04","guid":{"rendered":"https:\/\/envari.com\/systemes-dautomatisation-des-batiments\/"},"modified":"2024-02-29T17:30:17","modified_gmt":"2024-02-29T22:30:17","slug":"systemes-dautomatisation-des-batiments","status":"publish","type":"page","link":"https:\/\/envari.com\/fr\/systemes-dautomatisation-des-batiments\/","title":{"rendered":"Syst\u00e8mes d\u2019automatisation des b\u00e2timents"},"content":{"rendered":"<div class=\"wpb-content-wrapper\"><p>[vc_row content_aligment=\u00a0\u00bbcenter\u00a0\u00bb el_id=\u00a0\u00bbbas-banner\u00a0\u00bb][vc_column][vc_row_inner el_class=\u00a0\u00bbbas-banner-left-right\u00a0\u00bb][vc_column_inner][vc_column_text el_id=\u00a0\u00bbbas-banner-left\u00a0\u00bb]La gestion technique de votre immeuble vous d\u00e9sesp\u00e8re?[\/vc_column_text][vc_column_text el_id=\u00a0\u00bbbas-banner-right\u00a0\u00bb]Il y a une meilleure solution.[\/vc_column_text][\/vc_column_inner][\/vc_row_inner]<a href=\"#bas-save-hvac\" target=\"_self\" style=\"color: #ffffff;background-color: #f48120;font-size: 18px;margin: 0px 0px 40px 0px\" class=\"qodef-btn qodef-btn-large qodef-btn-solid qodef-btn-custom-hover-bg bas-cta-btn qodef-btn-hover-animation\" data-hover-bg-color=\"#f48120\" >\n            <div class=\"qodef-animation-overlay-holder\">\n            <span  style=\"background-color: #2258a1\"  class=\"qodef-animation-overlay\"><\/span>\n        <\/div>\n        <span class=\"qodef-btn-text\">Obtenez une consultation GRATUITE<\/span>\n    <span class=\"qodef-btn-text-icon\"><\/span>\n<\/a>[\/vc_column][\/vc_row][vc_row content_width=\u00a0\u00bbgrid\u00a0\u00bb content_aligment=\u00a0\u00bbcenter\u00a0\u00bb css=\u00a0\u00bb.vc_custom_1639160895355{padding-top: 80px !important;padding-bottom: 80px !important;background-color: #2258A1 !important;background-position: center !important;background-repeat: no-repeat !important;background-size: cover !important;}\u00a0\u00bb el_id=\u00a0\u00bbbas-optimize-systems\u00a0\u00bb el_class=\u00a0\u00bbdark\u00a0\u00bb][vc_column][vc_row_inner content_aligment=\u00a0\u00bbcenter\u00a0\u00bb css=\u00a0\u00bb.vc_custom_1639155217385{padding-right: 3vw !important;padding-left: 3vw !important;}\u00a0\u00bb][vc_column_inner][vc_column_text css=\u00a0\u00bb.vc_custom_1639516278021{margin-bottom: 4vw !important;}\u00a0\u00bb]<\/p>\n<h1>D\u00e9couvrez la source unique de contr\u00f4le qui vous permet d\u2019optimiser la consommation d\u2019\u00e9nergie de votre b\u00e2timent, le confort de vos locataires, votre rentabilit\u00e9 et plus.<\/h1>\n<p>[\/vc_column_text][\/vc_column_inner][\/vc_row_inner][vc_row_inner content_aligment=\u00a0\u00bbcenter\u00a0\u00bb el_id=\u00a0\u00bbbas-optimize-systems-cols\u00a0\u00bb el_class=\u00a0\u00bbwith_gap\u00a0\u00bb css=\u00a0\u00bb.vc_custom_1639155240079{padding-top: 20px !important;padding-bottom: 30px !important;}\u00a0\u00bb][vc_column_inner width=\u00a0\u00bb1\/3&Prime; offset=\u00a0\u00bbvc_col-lg-offset-0&Prime;][vc_column_text css=\u00a0\u00bb.vc_custom_1639160945199{margin-bottom: 20px !important;}\u00a0\u00bb]<\/p>\n<h3>Vous en avez assez des litiges avec les fournisseurs?<\/h3>\n<p>[\/vc_column_text][vc_column_text]Oubliez les p\u00e9nibles diagnostics de d\u00e9faillances avec des entrepreneurs qui se renvoient la balle. \u00c9conomisez du temps et de l\u2019\u00e9nergie avec un seul partenaire qui se charge des travaux m\u00e9caniques et des contr\u00f4les. Un seul appel d\u2019entretien et c\u2019est r\u00e9gl\u00e9.[\/vc_column_text][\/vc_column_inner][vc_column_inner width=\u00a0\u00bb1\/3&Prime;][vc_column_text css=\u00a0\u00bb.vc_custom_1639160937349{margin-bottom: 20px !important;}\u00a0\u00bb]<\/p>\n<h3>Les contrats on\u00e9reux vous \u00e9nervent?<\/h3>\n<p>[\/vc_column_text][vc_column_text]\u00c9conomisez gr\u00e2ce \u00e0 une solution sur mesure, qui utilise du mat\u00e9riel non propri\u00e9taire facile \u00e0 adapter, facile \u00e0 entretenir. Vous ne serez plus li\u00e9 \u00e0 des mises \u00e0 niveau\u00a0 ou des plans d\u2019entretien co\u00fbteux.[\/vc_column_text][\/vc_column_inner][vc_column_inner width=\u00a0\u00bb1\/3&Prime;][vc_column_text css=\u00a0\u00bb.vc_custom_1639160930152{margin-bottom: 20px !important;}\u00a0\u00bb]<\/p>\n<h3>Vous n\u2019en pouvez plus d\u2019\u00eatre trait\u00e9 comme une transaction?<\/h3>\n<p>[\/vc_column_text][vc_column_text]Nous \u00e9valuerons vos objectifs financiers et \u00e9nerg\u00e9tiques afin de faire la recommandation la mieux adapt\u00e9e \u00e0 votre immeuble, votre infrastructure et vos locataires. Toujours un partenariat, jamais un produit.[\/vc_column_text][\/vc_column_inner][\/vc_row_inner]<a href=\"https:\/\/www2.envari.com\/BAS-Product-Sheet_LP-Product-Sheet-Registration_FR.html\" target=\"_blank\" style=\"color: #ffffff;background-color: #f48120;font-size: 20px\" class=\"qodef-btn qodef-btn-large qodef-btn-solid qodef-btn-custom-hover-bg bas-cta-btn qodef-btn-hover-animation\" data-hover-bg-color=\"#f48120\" >\n            <div class=\"qodef-animation-overlay-holder\">\n            <span  style=\"background-color: #000000\"  class=\"qodef-animation-overlay\"><\/span>\n        <\/div>\n        <span class=\"qodef-btn-text\">Voir la fiche produit<\/span>\n    <span class=\"qodef-btn-text-icon\"><\/span>\n<\/a>[\/vc_column][\/vc_row][vc_row content_width=\u00a0\u00bbgrid\u00a0\u00bb css=\u00a0\u00bb.vc_custom_1639156879262{padding-top: 80px !important;padding-bottom: 80px !important;background-color: #242424 !important;background-position: center !important;background-repeat: no-repeat !important;background-size: cover !important;}\u00a0\u00bb el_class=\u00a0\u00bbdark\u00a0\u00bb el_id=\u00a0\u00bbbas-stay\u00a0\u00bb][vc_column][vc_row_inner][vc_column_inner width=\u00a0\u00bb1\/2&Prime;][vc_single_image image=\u00a0\u00bb6613&Prime; img_size=\u00a0\u00bbfull\u00a0\u00bb][\/vc_column_inner][vc_column_inner width=\u00a0\u00bb1\/2&Prime; css=\u00a0\u00bb.vc_custom_1639160810603{padding-top: 30px !important;padding-right: 4.2vw !important;padding-bottom: 30px !important;padding-left: 5vw !important;}\u00a0\u00bb][vc_column_text css=\u00a0\u00bb.vc_custom_1639160985637{padding-bottom: 20px !important;}\u00a0\u00bb]<\/p>\n<h2>Soyez au courant en tout temps.<\/h2>\n<p>[\/vc_column_text][vc_column_text]R\u00e9duisez les interruptions au minimum en g\u00e9rant votre syst\u00e8me de CVC \u00e0 distance \u00e0 partir de n\u2019importe quel appareil intelligent. Recevez des alertes, posez des diagnostics, d\u00e9tectez les p\u00e9riodes de gaspillage d\u2019\u00e9nergie et gagnez du temps en suivant le rendement du syst\u00e8me depuis votre bureau ou dans le confort de votre salon.[\/vc_column_text][\/vc_column_inner][\/vc_row_inner][vc_row_inner][vc_column_inner width=\u00a0\u00bb1\/2&Prime; css=\u00a0\u00bb.vc_custom_1639160827332{padding-top: 30px !important;padding-right: 5vw !important;padding-bottom: 30px !important;padding-left: 5vw !important;}\u00a0\u00bb][vc_column_text css=\u00a0\u00bb.vc_custom_1639160992740{padding-bottom: 20px !important;}\u00a0\u00bb]<\/p>\n<h2>B\u00e9n\u00e9ficiez des meilleurs ing\u00e9nieurs et techniciens.<\/h2>\n<p>[\/vc_column_text][vc_column_text]Les membres de notre \u00e9quipe cumulent des d\u00e9cennies d\u2019exp\u00e9rience en m\u00e9canique, en ing\u00e9nierie et en automatisation, et sont certifi\u00e9s en usine par les plus grands noms de l\u2019industrie, y compris Honeywell, Johnson Controls, KMC et d\u2019autres. Mieux encore, vous avez toute notre attention, de la conception \u00e0 la mise en service jusqu\u2019\u00e0 l\u2019entretien r\u00e9gulier. Du travail bien fait, de A \u00e0 Z.[\/vc_column_text][\/vc_column_inner][vc_column_inner width=\u00a0\u00bb1\/2&Prime;][vc_single_image image=\u00a0\u00bb6612&Prime; img_size=\u00a0\u00bbfull\u00a0\u00bb][\/vc_column_inner][\/vc_row_inner][\/vc_column][\/vc_row][vc_row][vc_column][vc_video link=\u00a0\u00bbhttps:\/\/www.youtube.com\/watch?v=IHHFxAY8lQY\u00a0\u00bb align=\u00a0\u00bbcenter\u00a0\u00bb][\/vc_column][\/vc_row][vc_row content_width=\u00a0\u00bbgrid\u00a0\u00bb content_aligment=\u00a0\u00bbcenter\u00a0\u00bb css=\u00a0\u00bb.vc_custom_1639517533937{padding-top: 6vw !important;padding-bottom: 16vw !important;background-image: url(https:\/\/envari.com\/wp-content\/uploads\/2021\/08\/elk-property-management-bg.jpg?id=5706) !important;background-position: center !important;background-repeat: no-repeat !important;background-size: cover !important;}\u00a0\u00bb el_class=\u00a0\u00bblight\u00a0\u00bb el_id=\u00a0\u00bbbas-casestudy\u00a0\u00bb][vc_column css=\u00a0\u00bb.vc_custom_1639517566276{margin-top: 20px !important;}\u00a0\u00bb][vc_column_text]<\/p>\n<h2>La pand\u00e9mie r\u00e9v\u00e8le une opportunit\u00e9 sur le plan de l\u2019automatisation et de l\u2019efficacit\u00e9 \u00e9nerg\u00e9tique des b\u00e2timents.<\/h2>\n<p>[\/vc_column_text][vc_row_inner content_aligment=\u00a0\u00bbcenter\u00a0\u00bb css=\u00a0\u00bb.vc_custom_1639164302088{padding-right: 6vw !important;padding-left: 6vw !important;}\u00a0\u00bb][vc_column_inner][vc_column_text css=\u00a0\u00bb.vc_custom_1651772556391{padding-top: 20px !important;padding-bottom: 30px !important;}\u00a0\u00bb el_class=\u00a0\u00bbbas-casestudy-text\u00a0\u00bb]<span style=\"font-weight: 400;\">L\u2019adversit\u00e9 et les grands bouleversements donnent parfois lieu \u00e0 de grandes avanc\u00e9es. C\u2019est certainement le cas d\u2019une entreprise d\u2019Ottawa qui poss\u00e8de et g\u00e8re des immeubles commerciaux. Ses dirigeants ont rapidement trouv\u00e9 un moyen bien adapt\u00e9 d\u2019accro\u00eetre leur efficacit\u00e9 \u00e9nerg\u00e9tique et de r\u00e9aliser des \u00e9conomies consid\u00e9rables \u00e0 l\u2019aide de l\u2019automatisation des b\u00e2timents, et ce, apr\u00e8s que cette opportunit\u00e9 eut \u00e9t\u00e9 r\u00e9v\u00e9l\u00e9e par le confinement occasionn\u00e9 par la COVID-19.<\/span>[\/vc_column_text]<a href=\"https:\/\/www2.envari.com\/BASCaseStudy_FR_LP-Registration.html\" target=\"_blank\" style=\"color: #ffffff;background-color: #f48120;font-size: 20px\" class=\"qodef-btn qodef-btn-large qodef-btn-solid qodef-btn-custom-hover-bg bas-cta-btn qodef-btn-hover-animation\" data-hover-bg-color=\"#f48120\" >\n            <div class=\"qodef-animation-overlay-holder\">\n            <span  style=\"background-color: #2258a1\"  class=\"qodef-animation-overlay\"><\/span>\n        <\/div>\n        <span class=\"qodef-btn-text\">Voir l\u2019\u00e9tude de cas<\/span>\n    <span class=\"qodef-btn-text-icon\"><\/span>\n<\/a>[\/vc_column_inner][\/vc_row_inner][\/vc_column][\/vc_row][vc_row content_width=\u00a0\u00bbgrid\u00a0\u00bb content_aligment=\u00a0\u00bbcenter\u00a0\u00bb css=\u00a0\u00bb.vc_custom_1629388986173{padding-top: 80px !important;padding-bottom: 80px !important;background-color: #2258a1 !important;}\u00a0\u00bb el_class=\u00a0\u00bbdark\u00a0\u00bb][vc_column][vc_column_text css=\u00a0\u00bb.vc_custom_1629392272540{padding-bottom: 40px !important;}\u00a0\u00bb]<\/p>\n<h2>Avec les syst\u00e8mes d\u2019automatisation des b\u00e2timents d\u2019Envari, vous obtenez\u00a0:<\/h2>\n<p>[\/vc_column_text][vc_row_inner el_class=\u00a0\u00bbcheck-list\u00a0\u00bb][vc_column_inner width=\u00a0\u00bb1\/3&Prime;][vc_column_text]Un partenaire qui priorise vos \u00e9conomies d\u2019\u00e9nergie[\/vc_column_text][\/vc_column_inner][vc_column_inner width=\u00a0\u00bb1\/3&Prime;][vc_column_text]Une transparence absolue de la conception \u00e0 la mise en service jusqu\u2019\u00e0 l\u2019entretien r\u00e9gulier[\/vc_column_text][\/vc_column_inner][vc_column_inner width=\u00a0\u00bb1\/3&Prime;][vc_column_text]Une expertise de pointe dans l\u2019industrie et du service au moment o\u00f9 vous en avez besoin[\/vc_column_text][\/vc_column_inner][\/vc_row_inner][vc_row_inner el_class=\u00a0\u00bbcheck-list\u00a0\u00bb][vc_column_inner width=\u00a0\u00bb1\/3&Prime;][vc_column_text]Un portail d\u2019op\u00e9rateur qui g\u00e9n\u00e8re des alertes et des tendances de donn\u00e9es adapt\u00e9es \u00e0 vos priorit\u00e9s[\/vc_column_text][\/vc_column_inner][vc_column_inner width=\u00a0\u00bb1\/3&Prime;][vc_column_text]Un seul fournisseur pour les travaux m\u00e9caniques et la programmation des contr\u00f4les[\/vc_column_text][\/vc_column_inner][vc_column_inner width=\u00a0\u00bb1\/3&Prime;][vc_column_text]La libert\u00e9 de proc\u00e9der \u00e0 des mises \u00e0 niveau ou des extensions sans contrats on\u00e9reux[\/vc_column_text][\/vc_column_inner][\/vc_row_inner][\/vc_column][\/vc_row][vc_row content_width=\u00a0\u00bbgrid\u00a0\u00bb css=\u00a0\u00bb.vc_custom_1639165906503{padding-top: 60px !important;padding-bottom: 60px !important;background-color: #000000 !important;}\u00a0\u00bb el_class=\u00a0\u00bbdark\u00a0\u00bb el_id=\u00a0\u00bbbas-save-hvac\u00a0\u00bb][vc_column width=\u00a0\u00bb1\/2&Prime; css=\u00a0\u00bb.vc_custom_1639165830658{padding-top: 30px !important;padding-right: 4vw !important;padding-bottom: 30px !important;}\u00a0\u00bb][vc_column_text css=\u00a0\u00bb.vc_custom_1639165916560{padding-bottom: 50px !important;}\u00a0\u00bb]<\/p>\n<h2>Jusqu\u2019\u00e0 25\u00a0% de r\u00e9duction des co\u00fbts de fonctionnement de votre syst\u00e8me de CVC .<\/h2>\n<p>[\/vc_column_text][vc_column_text css=\u00a0\u00bb.vc_custom_1639165860918{padding-bottom: 30px !important;}\u00a0\u00bb]<\/p>\n<h3>Obtenez une consultation GRATUITE<\/h3>\n<p>[\/vc_column_text][vc_raw_html]JTNDaWZyYW1lJTIwc3JjJTNEJTIyaHR0cHMlM0ElMkYlMkZnby5lbnZhcmkuY29tJTJGbCUyRjEwNTI1NDMlMkYyMDI0LTAyLTI5JTJGNDE0OGklMjIlMjB3aWR0aCUzRCUyMjEwMCUyNSUyMiUyMGhlaWdodCUzRCUyMjUwMCUyMiUyMHR5cGUlM0QlMjJ0ZXh0JTJGaHRtbCUyMiUyMGZyYW1lYm9yZGVyJTNEJTIyMCUyMiUyMGFsbG93VHJhbnNwYXJlbmN5JTNEJTIydHJ1ZSUyMiUyMHN0eWxlJTNEJTIyYm9yZGVyJTNBJTIwMCUyMiUzRSUzQyUyRmlmcmFtZSUzRQ==[\/vc_raw_html][vc_column_text css=\u00a0\u00bb.vc_custom_1639167989404{margin-top: 60px !important;padding-bottom: 30px !important;}\u00a0\u00bb]<\/p>\n<h3>T\u00e9l\u00e9charger la fiche produit<\/h3>\n<p>[\/vc_column_text]<a href=\"https:\/\/www2.envari.com\/BAS-Product-Sheet_LP-Product-Sheet-Registration_FR.html\" target=\"_blank\" style=\"color: #ffffff;background-color: #f48120;font-size: 20px\" class=\"qodef-btn qodef-btn-large qodef-btn-solid qodef-btn-custom-hover-bg bas-cta-btn qodef-btn-hover-animation\" data-hover-bg-color=\"#f48120\" >\n            <div class=\"qodef-animation-overlay-holder\">\n            <span  style=\"background-color: #2258a1\"  class=\"qodef-animation-overlay\"><\/span>\n        <\/div>\n        <span class=\"qodef-btn-text\">T\u00e9l\u00e9charger<\/span>\n    <span class=\"qodef-btn-text-icon\"><\/span>\n<\/a>[\/vc_column][vc_column width=\u00a0\u00bb1\/2&Prime;][\/vc_column][\/vc_row]<\/p>\n<\/div>","protected":false},"excerpt":{"rendered":"<p>[vc_row content_aligment=\u00a0\u00bbcenter\u00a0\u00bb el_id=\u00a0\u00bbbas-banner\u00a0\u00bb][vc_column][vc_row_inner el_class=\u00a0\u00bbbas-banner-left-right\u00a0\u00bb][vc_column_inner][vc_column_text el_id=\u00a0\u00bbbas-banner-left\u00a0\u00bb]La gestion technique de votre immeuble vous d\u00e9sesp\u00e8re?[\/vc_column_text][vc_column_text el_id=\u00a0\u00bbbas-banner-right\u00a0\u00bb]Il y a une meilleure solution.[\/vc_column_text][\/vc_column_inner][\/vc_row_inner][\/vc_column][\/vc_row][vc_row content_width=\u00a0\u00bbgrid\u00a0\u00bb content_aligment=\u00a0\u00bbcenter\u00a0\u00bb css=\u00a0\u00bb.vc_custom_1639160895355{padding-top: 80px !important;padding-bottom: 80px !important;background-color: #2258A1 !important;background-position: center !important;background-repeat: no-repeat !important;background-size: cover !important;}\u00a0\u00bb el_id=\u00a0\u00bbbas-optimize-systems\u00a0\u00bb el_class=\u00a0\u00bbdark\u00a0\u00bb][vc_column][vc_row_inner content_aligment=\u00a0\u00bbcenter\u00a0\u00bb css=\u00a0\u00bb.vc_custom_1639155217385{padding-right: 3vw !important;padding-left: 3vw !important;}\u00a0\u00bb][vc_column_inner][vc_column_text css=\u00a0\u00bb.vc_custom_1639516278021{margin-bottom: 4vw !important;}\u00a0\u00bb] D\u00e9couvrez&#8230;<\/p>\n","protected":false},"author":15,"featured_media":6645,"parent":0,"menu_order":0,"comment_status":"closed","ping_status":"closed","template":"full-width.php","meta":{"inline_featured_image":false,"footnotes":""},"class_list":["post-7464","page","type-page","status-publish","has-post-thumbnail","hentry"],"yoast_head":"<!-- This site is optimized with the Yoast SEO plugin v27.3 - https:\/\/yoast.com\/product\/yoast-seo-wordpress\/ -->\n<title>Syst\u00e8mes d\u2019automatisation des b\u00e2timents - Envari Solutions \u00e9nerg\u00e9tiques<\/title>\n<meta name=\"robots\" content=\"index, follow, max-snippet:-1, max-image-preview:large, max-video-preview:-1\" \/>\n<link rel=\"canonical\" href=\"https:\/\/staging.envari.com\/fr\/systemes-dautomatisation-des-batiments\/\" \/>\n<meta property=\"og:locale\" content=\"fr_FR\" \/>\n<meta property=\"og:type\" content=\"article\" \/>\n<meta property=\"og:title\" content=\"Syst\u00e8mes d\u2019automatisation des b\u00e2timents - Envari Solutions \u00e9nerg\u00e9tiques\" \/>\n<meta property=\"og:description\" content=\"[vc_row content_aligment=\u00a0\u00bbcenter\u00a0\u00bb el_id=\u00a0\u00bbbas-banner\u00a0\u00bb][vc_column][vc_row_inner el_class=\u00a0\u00bbbas-banner-left-right\u00a0\u00bb][vc_column_inner][vc_column_text el_id=\u00a0\u00bbbas-banner-left\u00a0\u00bb]La gestion technique de votre immeuble vous d\u00e9sesp\u00e8re?[\/vc_column_text][vc_column_text el_id=\u00a0\u00bbbas-banner-right\u00a0\u00bb]Il y a une meilleure solution.[\/vc_column_text][\/vc_column_inner][\/vc_row_inner][\/vc_column][\/vc_row][vc_row content_width=\u00a0\u00bbgrid\u00a0\u00bb content_aligment=\u00a0\u00bbcenter\u00a0\u00bb css=\u00a0\u00bb.vc_custom_1639160895355{padding-top: 80px !important;padding-bottom: 80px !important;background-color: #2258A1 !important;background-position: center !important;background-repeat: no-repeat !important;background-size: cover !important;}\u00a0\u00bb el_id=\u00a0\u00bbbas-optimize-systems\u00a0\u00bb el_class=\u00a0\u00bbdark\u00a0\u00bb][vc_column][vc_row_inner content_aligment=\u00a0\u00bbcenter\u00a0\u00bb css=\u00a0\u00bb.vc_custom_1639155217385{padding-right: 3vw !important;padding-left: 3vw !important;}\u00a0\u00bb][vc_column_inner][vc_column_text css=\u00a0\u00bb.vc_custom_1639516278021{margin-bottom: 4vw !important;}\u00a0\u00bb] D\u00e9couvrez...\" \/>\n<meta property=\"og:url\" content=\"https:\/\/staging.envari.com\/fr\/systemes-dautomatisation-des-batiments\/\" \/>\n<meta property=\"og:site_name\" content=\"Envari Solutions \u00e9nerg\u00e9tiques\" \/>\n<meta property=\"article:modified_time\" content=\"2024-02-29T22:30:17+00:00\" \/>\n<meta property=\"og:image\" content=\"https:\/\/staging.envari.com\/wp-content\/uploads\/2022\/05\/bas-banner-img-fr.jpg\" \/>\n\t<meta property=\"og:image:width\" content=\"1920\" \/>\n\t<meta property=\"og:image:height\" content=\"696\" \/>\n\t<meta property=\"og:image:type\" content=\"image\/jpeg\" \/>\n<meta name=\"twitter:card\" content=\"summary_large_image\" \/>\n<meta name=\"twitter:label1\" content=\"Dur\u00e9e de lecture estim\u00e9e\" \/>\n\t<meta name=\"twitter:data1\" content=\"4 minutes\" \/>\n<script type=\"application\/ld+json\" class=\"yoast-schema-graph\">{\"@context\":\"https:\\\/\\\/schema.org\",\"@graph\":[{\"@type\":\"WebPage\",\"@id\":\"https:\\\/\\\/staging.envari.com\\\/fr\\\/systemes-dautomatisation-des-batiments\\\/\",\"url\":\"https:\\\/\\\/staging.envari.com\\\/fr\\\/systemes-dautomatisation-des-batiments\\\/\",\"name\":\"Syst\u00e8mes d\u2019automatisation des b\u00e2timents - Envari Solutions \u00e9nerg\u00e9tiques\",\"isPartOf\":{\"@id\":\"https:\\\/\\\/staging.envari.com\\\/#website\"},\"primaryImageOfPage\":{\"@id\":\"https:\\\/\\\/staging.envari.com\\\/fr\\\/systemes-dautomatisation-des-batiments\\\/#primaryimage\"},\"image\":{\"@id\":\"https:\\\/\\\/staging.envari.com\\\/fr\\\/systemes-dautomatisation-des-batiments\\\/#primaryimage\"},\"thumbnailUrl\":\"https:\\\/\\\/envari.com\\\/wp-content\\\/uploads\\\/2022\\\/05\\\/bas-banner-img-fr.jpg\",\"datePublished\":\"2021-12-15T21:35:04+00:00\",\"dateModified\":\"2024-02-29T22:30:17+00:00\",\"breadcrumb\":{\"@id\":\"https:\\\/\\\/staging.envari.com\\\/fr\\\/systemes-dautomatisation-des-batiments\\\/#breadcrumb\"},\"inLanguage\":\"fr-FR\",\"potentialAction\":[{\"@type\":\"ReadAction\",\"target\":[\"https:\\\/\\\/staging.envari.com\\\/fr\\\/systemes-dautomatisation-des-batiments\\\/\"]}]},{\"@type\":\"ImageObject\",\"inLanguage\":\"fr-FR\",\"@id\":\"https:\\\/\\\/staging.envari.com\\\/fr\\\/systemes-dautomatisation-des-batiments\\\/#primaryimage\",\"url\":\"https:\\\/\\\/envari.com\\\/wp-content\\\/uploads\\\/2022\\\/05\\\/bas-banner-img-fr.jpg\",\"contentUrl\":\"https:\\\/\\\/envari.com\\\/wp-content\\\/uploads\\\/2022\\\/05\\\/bas-banner-img-fr.jpg\",\"width\":1920,\"height\":696},{\"@type\":\"BreadcrumbList\",\"@id\":\"https:\\\/\\\/staging.envari.com\\\/fr\\\/systemes-dautomatisation-des-batiments\\\/#breadcrumb\",\"itemListElement\":[{\"@type\":\"ListItem\",\"position\":1,\"name\":\"Home\",\"item\":\"https:\\\/\\\/staging.envari.com\\\/fr\\\/\"},{\"@type\":\"ListItem\",\"position\":2,\"name\":\"Syst\u00e8mes d\u2019automatisation des b\u00e2timents\"}]},{\"@type\":\"WebSite\",\"@id\":\"https:\\\/\\\/staging.envari.com\\\/#website\",\"url\":\"https:\\\/\\\/staging.envari.com\\\/\",\"name\":\"Envari Solutions \u00e9nerg\u00e9tiques\",\"description\":\"Energy transformation specialists offering a wide range of energy management solutions to commercial, utility and government clients.\",\"potentialAction\":[{\"@type\":\"SearchAction\",\"target\":{\"@type\":\"EntryPoint\",\"urlTemplate\":\"https:\\\/\\\/staging.envari.com\\\/?s={search_term_string}\"},\"query-input\":{\"@type\":\"PropertyValueSpecification\",\"valueRequired\":true,\"valueName\":\"search_term_string\"}}],\"inLanguage\":\"fr-FR\"}]}<\/script>\n<!-- \/ Yoast SEO plugin. -->","yoast_head_json":{"title":"Syst\u00e8mes d\u2019automatisation des b\u00e2timents - Envari Solutions \u00e9nerg\u00e9tiques","robots":{"index":"index","follow":"follow","max-snippet":"max-snippet:-1","max-image-preview":"max-image-preview:large","max-video-preview":"max-video-preview:-1"},"canonical":"https:\/\/staging.envari.com\/fr\/systemes-dautomatisation-des-batiments\/","og_locale":"fr_FR","og_type":"article","og_title":"Syst\u00e8mes d\u2019automatisation des b\u00e2timents - Envari Solutions \u00e9nerg\u00e9tiques","og_description":"[vc_row content_aligment=\u00a0\u00bbcenter\u00a0\u00bb el_id=\u00a0\u00bbbas-banner\u00a0\u00bb][vc_column][vc_row_inner el_class=\u00a0\u00bbbas-banner-left-right\u00a0\u00bb][vc_column_inner][vc_column_text el_id=\u00a0\u00bbbas-banner-left\u00a0\u00bb]La gestion technique de votre immeuble vous d\u00e9sesp\u00e8re?[\/vc_column_text][vc_column_text el_id=\u00a0\u00bbbas-banner-right\u00a0\u00bb]Il y a une meilleure solution.[\/vc_column_text][\/vc_column_inner][\/vc_row_inner][\/vc_column][\/vc_row][vc_row content_width=\u00a0\u00bbgrid\u00a0\u00bb content_aligment=\u00a0\u00bbcenter\u00a0\u00bb css=\u00a0\u00bb.vc_custom_1639160895355{padding-top: 80px !important;padding-bottom: 80px !important;background-color: #2258A1 !important;background-position: center !important;background-repeat: no-repeat !important;background-size: cover !important;}\u00a0\u00bb el_id=\u00a0\u00bbbas-optimize-systems\u00a0\u00bb el_class=\u00a0\u00bbdark\u00a0\u00bb][vc_column][vc_row_inner content_aligment=\u00a0\u00bbcenter\u00a0\u00bb css=\u00a0\u00bb.vc_custom_1639155217385{padding-right: 3vw !important;padding-left: 3vw !important;}\u00a0\u00bb][vc_column_inner][vc_column_text css=\u00a0\u00bb.vc_custom_1639516278021{margin-bottom: 4vw !important;}\u00a0\u00bb] D\u00e9couvrez...","og_url":"https:\/\/staging.envari.com\/fr\/systemes-dautomatisation-des-batiments\/","og_site_name":"Envari Solutions \u00e9nerg\u00e9tiques","article_modified_time":"2024-02-29T22:30:17+00:00","og_image":[{"width":1920,"height":696,"url":"https:\/\/staging.envari.com\/wp-content\/uploads\/2022\/05\/bas-banner-img-fr.jpg","type":"image\/jpeg"}],"twitter_card":"summary_large_image","twitter_misc":{"Dur\u00e9e de lecture estim\u00e9e":"4 minutes"},"schema":{"@context":"https:\/\/schema.org","@graph":[{"@type":"WebPage","@id":"https:\/\/staging.envari.com\/fr\/systemes-dautomatisation-des-batiments\/","url":"https:\/\/staging.envari.com\/fr\/systemes-dautomatisation-des-batiments\/","name":"Syst\u00e8mes d\u2019automatisation des b\u00e2timents - Envari Solutions \u00e9nerg\u00e9tiques","isPartOf":{"@id":"https:\/\/staging.envari.com\/#website"},"primaryImageOfPage":{"@id":"https:\/\/staging.envari.com\/fr\/systemes-dautomatisation-des-batiments\/#primaryimage"},"image":{"@id":"https:\/\/staging.envari.com\/fr\/systemes-dautomatisation-des-batiments\/#primaryimage"},"thumbnailUrl":"https:\/\/envari.com\/wp-content\/uploads\/2022\/05\/bas-banner-img-fr.jpg","datePublished":"2021-12-15T21:35:04+00:00","dateModified":"2024-02-29T22:30:17+00:00","breadcrumb":{"@id":"https:\/\/staging.envari.com\/fr\/systemes-dautomatisation-des-batiments\/#breadcrumb"},"inLanguage":"fr-FR","potentialAction":[{"@type":"ReadAction","target":["https:\/\/staging.envari.com\/fr\/systemes-dautomatisation-des-batiments\/"]}]},{"@type":"ImageObject","inLanguage":"fr-FR","@id":"https:\/\/staging.envari.com\/fr\/systemes-dautomatisation-des-batiments\/#primaryimage","url":"https:\/\/envari.com\/wp-content\/uploads\/2022\/05\/bas-banner-img-fr.jpg","contentUrl":"https:\/\/envari.com\/wp-content\/uploads\/2022\/05\/bas-banner-img-fr.jpg","width":1920,"height":696},{"@type":"BreadcrumbList","@id":"https:\/\/staging.envari.com\/fr\/systemes-dautomatisation-des-batiments\/#breadcrumb","itemListElement":[{"@type":"ListItem","position":1,"name":"Home","item":"https:\/\/staging.envari.com\/fr\/"},{"@type":"ListItem","position":2,"name":"Syst\u00e8mes d\u2019automatisation des b\u00e2timents"}]},{"@type":"WebSite","@id":"https:\/\/staging.envari.com\/#website","url":"https:\/\/staging.envari.com\/","name":"Envari Solutions \u00e9nerg\u00e9tiques","description":"Energy transformation specialists offering a wide range of energy management solutions to commercial, utility and government clients.","potentialAction":[{"@type":"SearchAction","target":{"@type":"EntryPoint","urlTemplate":"https:\/\/staging.envari.com\/?s={search_term_string}"},"query-input":{"@type":"PropertyValueSpecification","valueRequired":true,"valueName":"search_term_string"}}],"inLanguage":"fr-FR"}]}},"_links":{"self":[{"href":"https:\/\/envari.com\/fr\/wp-json\/wp\/v2\/pages\/7464","targetHints":{"allow":["GET"]}}],"collection":[{"href":"https:\/\/envari.com\/fr\/wp-json\/wp\/v2\/pages"}],"about":[{"href":"https:\/\/envari.com\/fr\/wp-json\/wp\/v2\/types\/page"}],"author":[{"embeddable":true,"href":"https:\/\/envari.com\/fr\/wp-json\/wp\/v2\/users\/15"}],"replies":[{"embeddable":true,"href":"https:\/\/envari.com\/fr\/wp-json\/wp\/v2\/comments?post=7464"}],"version-history":[{"count":29,"href":"https:\/\/envari.com\/fr\/wp-json\/wp\/v2\/pages\/7464\/revisions"}],"predecessor-version":[{"id":13629,"href":"https:\/\/envari.com\/fr\/wp-json\/wp\/v2\/pages\/7464\/revisions\/13629"}],"wp:featuredmedia":[{"embeddable":true,"href":"https:\/\/envari.com\/fr\/wp-json\/wp\/v2\/media\/6645"}],"wp:attachment":[{"href":"https:\/\/envari.com\/fr\/wp-json\/wp\/v2\/media?parent=7464"}],"curies":[{"name":"wp","href":"https:\/\/api.w.org\/{rel}","templated":true}]}}