{"id":7393,"date":"2019-01-30T13:09:36","date_gmt":"2019-01-30T18:09:36","guid":{"rendered":"https:\/\/envari.com\/nouvelles\/"},"modified":"2024-03-01T10:02:44","modified_gmt":"2024-03-01T15:02:44","slug":"nouvelles","status":"publish","type":"page","link":"https:\/\/envari.com\/fr\/nouvelles\/","title":{"rendered":"Nouvelles"},"content":{"rendered":"<div class=\"wpb-content-wrapper\"><p>[vc_row][vc_column][vc_single_image image=\u00a0\u00bb6514&Prime; img_size=\u00a0\u00bbfull\u00a0\u00bb alignment=\u00a0\u00bbcenter\u00a0\u00bb css=\u00a0\u00bb.vc_custom_1594770595610{background-position: center !important;background-repeat: no-repeat !important;background-size: contain !important;}\u00a0\u00bb][\/vc_column][\/vc_row][vc_row content_width=\u00a0\u00bbgrid\u00a0\u00bb content_aligment=\u00a0\u00bbcenter\u00a0\u00bb css=\u00a0\u00bb.vc_custom_1594762924316{padding-top: 50px !important;padding-bottom: 50px !important;}\u00a0\u00bb][vc_column][vc_column_text]<\/p>\n<h2>Pleins feux sur les tendances \u00e9mergentes et les meilleures pratiques dans le secteur de l\u2019\u00e9nergie, et coup d\u2019\u0153il sur les nouvelles solutions \u00e9nerg\u00e9tiques innovantes.<\/h2>\n<p>[\/vc_column_text][\/vc_column][\/vc_row][vc_row content_width=\u00a0\u00bbgrid\u00a0\u00bb anchor=\u00a0\u00bbabonner\u00a0\u00bb css=\u00a0\u00bb.vc_custom_1685652495348{margin-bottom: 80px !important;}\u00a0\u00bb][vc_column width=\u00a0\u00bb1\/3&Prime;][vc_column_text css=\u00a0\u00bb.vc_custom_1594770695603{margin-bottom: 40px !important;}\u00a0\u00bb]Le Conseiller \u00e9nerg\u00e9tique est le magazine d\u2019information officiel d\u2019Envari Solutions \u00e9nerg\u00e9tiques. Cette publication trimestrielle est con\u00e7ue pour vous aider \u00e0 rester \u00e0 l\u2019aff\u00fbt de ce qui se passe dans l\u2019industrie et pour \u00e9clairer les d\u00e9cisions que vous prenez relativement \u00e0 votre immeuble.[\/vc_column_text][vc_column_text css=\u00a0\u00bb.vc_custom_1594770212344{padding-top: 10px !important;padding-right: 20px !important;padding-bottom: 10px !important;padding-left: 20px !important;background-color: #1c7c9a !important;}\u00a0\u00bb]<\/p>\n<h4><span style=\"color: #ffffff;\">Recevez les nouvelles les plus fra\u00eeches directement dans votre bo\u00eete de messagerie. Abonnez-vous d\u00e8s aujourd\u2019hui!<\/span><\/h4>\n<p>[\/vc_column_text][vc_raw_html css=\u00a0\u00bb.vc_custom_1709305359749{padding-top: 40px !important;padding-right: 20px !important;padding-bottom: 80px !important;padding-left: 20px !important;background-color: #eeeeee !important;}\u00a0\u00bb]JTNDaWZyYW1lJTIwc3JjJTNEJTIyaHR0cHMlM0ElMkYlMkZnby5lbnZhcmkuY29tJTJGbCUyRjEwNTI1NDMlMkYyMDI0LTAzLTAxJTJGNDI2MmklMjIlMjB3aWR0aCUzRCUyMjEwMCUyNSUyMiUyMGhlaWdodCUzRCUyMjE1MCUyMiUyMHR5cGUlM0QlMjJ0ZXh0JTJGaHRtbCUyMiUyMGZyYW1lYm9yZGVyJTNEJTIyMCUyMiUyMGFsbG93VHJhbnNwYXJlbmN5JTNEJTIydHJ1ZSUyMiUyMHN0eWxlJTNEJTIyYm9yZGVyJTNBJTIwMCUyMiUzRSUzQyUyRmlmcmFtZSUzRQ==[\/vc_raw_html][\/vc_column][vc_column width=\u00a0\u00bb2\/3&Prime;][vc_single_image image=\u00a0\u00bb6512&Prime; img_size=\u00a0\u00bbfull\u00a0\u00bb alignment=\u00a0\u00bbcenter\u00a0\u00bb][\/vc_column][\/vc_row]<\/p>\n<\/div>","protected":false},"excerpt":{"rendered":"<p>[vc_row][vc_column][vc_single_image image=\u00a0\u00bb6514&Prime; img_size=\u00a0\u00bbfull\u00a0\u00bb alignment=\u00a0\u00bbcenter\u00a0\u00bb css=\u00a0\u00bb.vc_custom_1594770595610{background-position: center !important;background-repeat: no-repeat !important;background-size: contain !important;}\u00a0\u00bb][\/vc_column][\/vc_row][vc_row content_width=\u00a0\u00bbgrid\u00a0\u00bb content_aligment=\u00a0\u00bbcenter\u00a0\u00bb css=\u00a0\u00bb.vc_custom_1594762924316{padding-top: 50px !important;padding-bottom: 50px !important;}\u00a0\u00bb][vc_column][vc_column_text] Pleins feux sur les tendances \u00e9mergentes et les meilleures pratiques dans le secteur de l\u2019\u00e9nergie, et coup d\u2019\u0153il sur les nouvelles solutions \u00e9nerg\u00e9tiques innovantes. [\/vc_column_text][\/vc_column][\/vc_row][vc_row content_width=\u00a0\u00bbgrid\u00a0\u00bb anchor=\u00a0\u00bbabonner\u00a0\u00bb&#8230;<\/p>\n","protected":false},"author":15,"featured_media":8088,"parent":0,"menu_order":0,"comment_status":"closed","ping_status":"closed","template":"full-width.php","meta":{"inline_featured_image":false,"footnotes":""},"class_list":["post-7393","page","type-page","status-publish","has-post-thumbnail","hentry"],"yoast_head":"<!-- This site is optimized with the Yoast SEO plugin v27.4 - https:\/\/yoast.com\/product\/yoast-seo-wordpress\/ -->\n<title>Nouvelles - Envari Solutions \u00e9nerg\u00e9tiques<\/title>\n<meta name=\"robots\" content=\"index, follow, max-snippet:-1, max-image-preview:large, max-video-preview:-1\" \/>\n<link rel=\"canonical\" href=\"https:\/\/staging.envari.com\/fr\/nouvelles\/\" \/>\n<meta property=\"og:locale\" content=\"fr_FR\" \/>\n<meta property=\"og:type\" content=\"article\" \/>\n<meta property=\"og:title\" content=\"Nouvelles - Envari Solutions \u00e9nerg\u00e9tiques\" \/>\n<meta property=\"og:description\" content=\"[vc_row][vc_column][vc_single_image image=\u00a0\u00bb6514&Prime; img_size=\u00a0\u00bbfull\u00a0\u00bb alignment=\u00a0\u00bbcenter\u00a0\u00bb css=\u00a0\u00bb.vc_custom_1594770595610{background-position: center !important;background-repeat: no-repeat !important;background-size: contain !important;}\u00a0\u00bb][\/vc_column][\/vc_row][vc_row content_width=\u00a0\u00bbgrid\u00a0\u00bb content_aligment=\u00a0\u00bbcenter\u00a0\u00bb css=\u00a0\u00bb.vc_custom_1594762924316{padding-top: 50px !important;padding-bottom: 50px !important;}\u00a0\u00bb][vc_column][vc_column_text] Pleins feux sur les tendances \u00e9mergentes et les meilleures pratiques dans le secteur de l\u2019\u00e9nergie, et coup d\u2019\u0153il sur les nouvelles solutions \u00e9nerg\u00e9tiques innovantes. [\/vc_column_text][\/vc_column][\/vc_row][vc_row content_width=\u00a0\u00bbgrid\u00a0\u00bb anchor=\u00a0\u00bbabonner\u00a0\u00bb...\" \/>\n<meta property=\"og:url\" content=\"https:\/\/staging.envari.com\/fr\/nouvelles\/\" \/>\n<meta property=\"og:site_name\" content=\"Envari Solutions \u00e9nerg\u00e9tiques\" \/>\n<meta property=\"article:modified_time\" content=\"2024-03-01T15:02:44+00:00\" \/>\n<meta property=\"og:image\" content=\"https:\/\/staging.envari.com\/wp-content\/uploads\/2022\/04\/The-Energy-Advisor-Webpage-2.png\" \/>\n\t<meta property=\"og:image:width\" content=\"1350\" \/>\n\t<meta property=\"og:image:height\" content=\"270\" \/>\n\t<meta property=\"og:image:type\" content=\"image\/png\" \/>\n<meta name=\"twitter:card\" content=\"summary_large_image\" \/>\n<meta name=\"twitter:label1\" content=\"Dur\u00e9e de lecture estim\u00e9e\" \/>\n\t<meta name=\"twitter:data1\" content=\"1 minute\" \/>\n<script type=\"application\/ld+json\" class=\"yoast-schema-graph\">{\"@context\":\"https:\\\/\\\/schema.org\",\"@graph\":[{\"@type\":\"WebPage\",\"@id\":\"https:\\\/\\\/staging.envari.com\\\/fr\\\/nouvelles\\\/\",\"url\":\"https:\\\/\\\/staging.envari.com\\\/fr\\\/nouvelles\\\/\",\"name\":\"Nouvelles - Envari Solutions \u00e9nerg\u00e9tiques\",\"isPartOf\":{\"@id\":\"https:\\\/\\\/staging.envari.com\\\/#website\"},\"primaryImageOfPage\":{\"@id\":\"https:\\\/\\\/staging.envari.com\\\/fr\\\/nouvelles\\\/#primaryimage\"},\"image\":{\"@id\":\"https:\\\/\\\/staging.envari.com\\\/fr\\\/nouvelles\\\/#primaryimage\"},\"thumbnailUrl\":\"https:\\\/\\\/envari.com\\\/wp-content\\\/uploads\\\/2022\\\/04\\\/The-Energy-Advisor-Webpage-2.png\",\"datePublished\":\"2019-01-30T18:09:36+00:00\",\"dateModified\":\"2024-03-01T15:02:44+00:00\",\"breadcrumb\":{\"@id\":\"https:\\\/\\\/staging.envari.com\\\/fr\\\/nouvelles\\\/#breadcrumb\"},\"inLanguage\":\"fr-FR\",\"potentialAction\":[{\"@type\":\"ReadAction\",\"target\":[\"https:\\\/\\\/staging.envari.com\\\/fr\\\/nouvelles\\\/\"]}]},{\"@type\":\"ImageObject\",\"inLanguage\":\"fr-FR\",\"@id\":\"https:\\\/\\\/staging.envari.com\\\/fr\\\/nouvelles\\\/#primaryimage\",\"url\":\"https:\\\/\\\/envari.com\\\/wp-content\\\/uploads\\\/2022\\\/04\\\/The-Energy-Advisor-Webpage-2.png\",\"contentUrl\":\"https:\\\/\\\/envari.com\\\/wp-content\\\/uploads\\\/2022\\\/04\\\/The-Energy-Advisor-Webpage-2.png\",\"width\":1350,\"height\":270},{\"@type\":\"BreadcrumbList\",\"@id\":\"https:\\\/\\\/staging.envari.com\\\/fr\\\/nouvelles\\\/#breadcrumb\",\"itemListElement\":[{\"@type\":\"ListItem\",\"position\":1,\"name\":\"Home\",\"item\":\"https:\\\/\\\/staging.envari.com\\\/fr\\\/\"},{\"@type\":\"ListItem\",\"position\":2,\"name\":\"Nouvelles\"}]},{\"@type\":\"WebSite\",\"@id\":\"https:\\\/\\\/staging.envari.com\\\/#website\",\"url\":\"https:\\\/\\\/staging.envari.com\\\/\",\"name\":\"Envari Solutions \u00e9nerg\u00e9tiques\",\"description\":\"Energy transformation specialists offering a wide range of energy management solutions to commercial, utility and government clients.\",\"potentialAction\":[{\"@type\":\"SearchAction\",\"target\":{\"@type\":\"EntryPoint\",\"urlTemplate\":\"https:\\\/\\\/staging.envari.com\\\/?s={search_term_string}\"},\"query-input\":{\"@type\":\"PropertyValueSpecification\",\"valueRequired\":true,\"valueName\":\"search_term_string\"}}],\"inLanguage\":\"fr-FR\"}]}<\/script>\n<!-- \/ Yoast SEO plugin. -->","yoast_head_json":{"title":"Nouvelles - Envari Solutions \u00e9nerg\u00e9tiques","robots":{"index":"index","follow":"follow","max-snippet":"max-snippet:-1","max-image-preview":"max-image-preview:large","max-video-preview":"max-video-preview:-1"},"canonical":"https:\/\/staging.envari.com\/fr\/nouvelles\/","og_locale":"fr_FR","og_type":"article","og_title":"Nouvelles - Envari Solutions \u00e9nerg\u00e9tiques","og_description":"[vc_row][vc_column][vc_single_image image=\u00a0\u00bb6514&Prime; img_size=\u00a0\u00bbfull\u00a0\u00bb alignment=\u00a0\u00bbcenter\u00a0\u00bb css=\u00a0\u00bb.vc_custom_1594770595610{background-position: center !important;background-repeat: no-repeat !important;background-size: contain !important;}\u00a0\u00bb][\/vc_column][\/vc_row][vc_row content_width=\u00a0\u00bbgrid\u00a0\u00bb content_aligment=\u00a0\u00bbcenter\u00a0\u00bb css=\u00a0\u00bb.vc_custom_1594762924316{padding-top: 50px !important;padding-bottom: 50px !important;}\u00a0\u00bb][vc_column][vc_column_text] Pleins feux sur les tendances \u00e9mergentes et les meilleures pratiques dans le secteur de l\u2019\u00e9nergie, et coup d\u2019\u0153il sur les nouvelles solutions \u00e9nerg\u00e9tiques innovantes. [\/vc_column_text][\/vc_column][\/vc_row][vc_row content_width=\u00a0\u00bbgrid\u00a0\u00bb anchor=\u00a0\u00bbabonner\u00a0\u00bb...","og_url":"https:\/\/staging.envari.com\/fr\/nouvelles\/","og_site_name":"Envari Solutions \u00e9nerg\u00e9tiques","article_modified_time":"2024-03-01T15:02:44+00:00","og_image":[{"width":1350,"height":270,"url":"https:\/\/staging.envari.com\/wp-content\/uploads\/2022\/04\/The-Energy-Advisor-Webpage-2.png","type":"image\/png"}],"twitter_card":"summary_large_image","twitter_misc":{"Dur\u00e9e de lecture estim\u00e9e":"1 minute"},"schema":{"@context":"https:\/\/schema.org","@graph":[{"@type":"WebPage","@id":"https:\/\/staging.envari.com\/fr\/nouvelles\/","url":"https:\/\/staging.envari.com\/fr\/nouvelles\/","name":"Nouvelles - Envari Solutions \u00e9nerg\u00e9tiques","isPartOf":{"@id":"https:\/\/staging.envari.com\/#website"},"primaryImageOfPage":{"@id":"https:\/\/staging.envari.com\/fr\/nouvelles\/#primaryimage"},"image":{"@id":"https:\/\/staging.envari.com\/fr\/nouvelles\/#primaryimage"},"thumbnailUrl":"https:\/\/envari.com\/wp-content\/uploads\/2022\/04\/The-Energy-Advisor-Webpage-2.png","datePublished":"2019-01-30T18:09:36+00:00","dateModified":"2024-03-01T15:02:44+00:00","breadcrumb":{"@id":"https:\/\/staging.envari.com\/fr\/nouvelles\/#breadcrumb"},"inLanguage":"fr-FR","potentialAction":[{"@type":"ReadAction","target":["https:\/\/staging.envari.com\/fr\/nouvelles\/"]}]},{"@type":"ImageObject","inLanguage":"fr-FR","@id":"https:\/\/staging.envari.com\/fr\/nouvelles\/#primaryimage","url":"https:\/\/envari.com\/wp-content\/uploads\/2022\/04\/The-Energy-Advisor-Webpage-2.png","contentUrl":"https:\/\/envari.com\/wp-content\/uploads\/2022\/04\/The-Energy-Advisor-Webpage-2.png","width":1350,"height":270},{"@type":"BreadcrumbList","@id":"https:\/\/staging.envari.com\/fr\/nouvelles\/#breadcrumb","itemListElement":[{"@type":"ListItem","position":1,"name":"Home","item":"https:\/\/staging.envari.com\/fr\/"},{"@type":"ListItem","position":2,"name":"Nouvelles"}]},{"@type":"WebSite","@id":"https:\/\/staging.envari.com\/#website","url":"https:\/\/staging.envari.com\/","name":"Envari Solutions \u00e9nerg\u00e9tiques","description":"Energy transformation specialists offering a wide range of energy management solutions to commercial, utility and government clients.","potentialAction":[{"@type":"SearchAction","target":{"@type":"EntryPoint","urlTemplate":"https:\/\/staging.envari.com\/?s={search_term_string}"},"query-input":{"@type":"PropertyValueSpecification","valueRequired":true,"valueName":"search_term_string"}}],"inLanguage":"fr-FR"}]}},"_links":{"self":[{"href":"https:\/\/envari.com\/fr\/wp-json\/wp\/v2\/pages\/7393","targetHints":{"allow":["GET"]}}],"collection":[{"href":"https:\/\/envari.com\/fr\/wp-json\/wp\/v2\/pages"}],"about":[{"href":"https:\/\/envari.com\/fr\/wp-json\/wp\/v2\/types\/page"}],"author":[{"embeddable":true,"href":"https:\/\/envari.com\/fr\/wp-json\/wp\/v2\/users\/15"}],"replies":[{"embeddable":true,"href":"https:\/\/envari.com\/fr\/wp-json\/wp\/v2\/comments?post=7393"}],"version-history":[{"count":31,"href":"https:\/\/envari.com\/fr\/wp-json\/wp\/v2\/pages\/7393\/revisions"}],"predecessor-version":[{"id":13644,"href":"https:\/\/envari.com\/fr\/wp-json\/wp\/v2\/pages\/7393\/revisions\/13644"}],"wp:featuredmedia":[{"embeddable":true,"href":"https:\/\/envari.com\/fr\/wp-json\/wp\/v2\/media\/8088"}],"wp:attachment":[{"href":"https:\/\/envari.com\/fr\/wp-json\/wp\/v2\/media?parent=7393"}],"curies":[{"name":"wp","href":"https:\/\/api.w.org\/{rel}","templated":true}]}}