{"id":6759,"date":"2018-12-05T19:18:49","date_gmt":"2018-12-06T00:18:49","guid":{"rendered":"https:\/\/envari.com\/who-we-serve\/"},"modified":"2022-05-04T14:25:51","modified_gmt":"2022-05-04T18:25:51","slug":"qui-nous-servons","status":"publish","type":"page","link":"https:\/\/envari.com\/fr\/qui-nous-servons\/","title":{"rendered":"Qui nous servons"},"content":{"rendered":"<div class=\"wpb-content-wrapper\"><p>[vc_row content_width=\u00a0\u00bbgrid\u00a0\u00bb css_animation=\u00a0\u00bbqodef-element-from-fade\u00a0\u00bb el_class=\u00a0\u00bbent-hero dark grey-text\u00a0\u00bb css=\u00a0\u00bb.vc_custom_1649101573612{background: #0a0a0a url(https:\/\/envari.com\/wp-content\/uploads\/2022\/04\/who-we-serve-banner-2.jpg?id=7114) !important;background-position: center !important;background-repeat: no-repeat !important;background-size: cover !important;}\u00a0\u00bb el_id=\u00a0\u00bbpage-header\u00a0\u00bb][vc_column][vc_column_text css=\u00a0\u00bb.vc_custom_1649094405697{margin-bottom: 20px !important;}\u00a0\u00bb]<\/p>\n<h1>Qui nous servons<\/h1>\n<p>[\/vc_column_text][vc_row_inner][vc_column_inner el_class=\u00a0\u00bbent-hero-desc\u00a0\u00bb offset=\u00a0\u00bbvc_col-lg-2\/5 vc_col-md-12 vc_col-xs-12&Prime;][\/vc_column_inner][vc_column_inner width=\u00a0\u00bb3\/5&Prime;][\/vc_column_inner][\/vc_row_inner][\/vc_column][\/vc_row][vc_row content_width=\u00a0\u00bbgrid\u00a0\u00bb css_animation=\u00a0\u00bbqodef-element-from-fade\u00a0\u00bb css=\u00a0\u00bb.vc_custom_1649101529183{padding-top: 50px !important;padding-bottom: 50px !important;}\u00a0\u00bb][vc_column width=\u00a0\u00bb1\/4&Prime;][\/vc_column][vc_column width=\u00a0\u00bb1\/2&Prime;][vc_column_text]Entreprise \u00e9nerg\u00e9tique diversifi\u00e9e et innovante, Envari propose son expertise en transformation de l\u2019\u00e9nergie avec des solutions cl\u00e9s en main hautement pertinentes pour diff\u00e9rents secteurs du march\u00e9.<\/p>\n<p>S\u2019appuyant sur des interventions ax\u00e9es sur l\u2019efficacit\u00e9 et la durabilit\u00e9, Envari permet \u00e0 ses clients de r\u00e9aliser des \u00e9conomies d\u2019\u00e9nergie consid\u00e9rables en leur offrant les meilleurs produits et services de gestion de l\u2019\u00e9nergie qui soient.<\/p>\n<p>D\u00e9couvrez ci-dessous les principaux march\u00e9s que nous desservons ou contactez-nous directement pour savoir pourquoi tant d\u2019entreprises font d\u2019Envari leur sp\u00e9cialiste en solutions \u00e9nerg\u00e9tiques.[\/vc_column_text][\/vc_column][vc_column width=\u00a0\u00bb1\/4&Prime;][\/vc_column][\/vc_row][vc_row content_width=\u00a0\u00bbgrid\u00a0\u00bb css=\u00a0\u00bb.vc_custom_1651604807837{margin-top: 2px !important;margin-bottom: 2px !important;padding-top: 50px !important;padding-bottom: 50px !important;background: #000000 url(https:\/\/envari.com\/wp-content\/uploads\/2022\/05\/commercial-banner-04.jpg?id=8245) !important;background-position: center !important;background-repeat: no-repeat !important;background-size: cover !important;}\u00a0\u00bb el_class=\u00a0\u00bbdark industry-box\u00a0\u00bb][vc_column width=\u00a0\u00bb1\/2&Prime;][vc_column_text css=\u00a0\u00bb.vc_custom_1650393556389{margin-bottom: 24px !important;}\u00a0\u00bb]<\/p>\n<h2>Solutions commerciales<\/h2>\n<p>R\u00e9duisez votre consommation d\u2019\u00e9nergie et assurez-vous de mener vos activit\u00e9s aussi efficacement que possible.[\/vc_column_text]<a href=\"\/fr\/solutions-pour-le-secteur-commercial\/\" target=\"_self\" style=\"background-color: #1c59a4;font-size: 20px\" class=\"qodef-btn qodef-btn-large qodef-btn-solid qodef-btn-custom-hover-bg btn-blue-rnd\" data-hover-bg-color=\"#50b748\" >\n        <span class=\"qodef-btn-text\">En savoir plus<\/span>\n    <span class=\"qodef-btn-text-icon\"><\/span>\n<\/a>[\/vc_column][vc_column width=\u00a0\u00bb1\/2&Prime;][\/vc_column][\/vc_row][vc_row content_width=\u00a0\u00bbgrid\u00a0\u00bb css=\u00a0\u00bb.vc_custom_1651602357662{margin-bottom: 2px !important;padding-top: 50px !important;padding-bottom: 50px !important;background: #000000 url(https:\/\/envari.com\/wp-content\/uploads\/2022\/05\/utility-banner.jpg?id=8208) !important;background-position: center !important;background-repeat: no-repeat !important;background-size: cover !important;}\u00a0\u00bb el_class=\u00a0\u00bbdark industry-box\u00a0\u00bb][vc_column width=\u00a0\u00bb1\/2&Prime;][\/vc_column][vc_column width=\u00a0\u00bb1\/2&Prime;][vc_column_text css=\u00a0\u00bb.vc_custom_1650394057457{margin-bottom: 24px !important;}\u00a0\u00bb]<\/p>\n<h2>Solutions pour les services publics<\/h2>\n<p>Prenez des d\u00e9cisions \u00e9clair\u00e9es sur le plan de la planification des immobilisations et des requ\u00eates tarifaires.[\/vc_column_text]<a href=\"\/fr\/solutions-pour-les-services-publics\/\" target=\"_self\" style=\"background-color: #1c59a4;font-size: 20px\" class=\"qodef-btn qodef-btn-large qodef-btn-solid qodef-btn-custom-hover-bg btn-blue-rnd\" data-hover-bg-color=\"#50b748\" >\n        <span class=\"qodef-btn-text\">En savoir plus<\/span>\n    <span class=\"qodef-btn-text-icon\"><\/span>\n<\/a>[\/vc_column][\/vc_row][vc_row content_width=\u00a0\u00bbgrid\u00a0\u00bb css=\u00a0\u00bb.vc_custom_1651602364244{margin-bottom: 2px !important;padding-top: 50px !important;padding-bottom: 50px !important;background: #000000 url(https:\/\/envari.com\/wp-content\/uploads\/2022\/05\/government-banner-02.jpg?id=8210) !important;background-position: center !important;background-repeat: no-repeat !important;background-size: cover !important;}\u00a0\u00bb el_class=\u00a0\u00bbdark industry-box\u00a0\u00bb][vc_column width=\u00a0\u00bb1\/2&Prime;][vc_column_text css=\u00a0\u00bb.vc_custom_1650394180756{margin-bottom: 24px !important;}\u00a0\u00bb]<\/p>\n<h2>Solutions gouvernemental<\/a><\/h2>\n<p>Adaptez les b\u00e2timents aux technologies d\u2019avenir et propulsez les collectivit\u00e9s vers des strat\u00e9gies en mati\u00e8re d\u2019\u00e9nergie renouvelable, d\u2019installations solaires, d\u2019infrastructures pour VE et de contr\u00f4le et d\u2019automatisation de l\u2019\u00e9nergie.[\/vc_column_text]<a href=\"\/fr\/solutions-pour-le-secteur-gouvernemental\/\" target=\"_self\" style=\"background-color: #1c59a4;font-size: 20px\" class=\"qodef-btn qodef-btn-large qodef-btn-solid qodef-btn-custom-hover-bg btn-blue-rnd\" data-hover-bg-color=\"#50b748\" >\n        <span class=\"qodef-btn-text\">En savoir plus<\/span>\n    <span class=\"qodef-btn-text-icon\"><\/span>\n<\/a>[\/vc_column][vc_column width=\u00a0\u00bb1\/2&Prime;][\/vc_column][\/vc_row]<\/p>\n<\/div>","protected":false},"excerpt":{"rendered":"<p>[vc_row content_width=\u00a0\u00bbgrid\u00a0\u00bb css_animation=\u00a0\u00bbqodef-element-from-fade\u00a0\u00bb el_class=\u00a0\u00bbent-hero dark grey-text\u00a0\u00bb css=\u00a0\u00bb.vc_custom_1649101573612{background: #0a0a0a url(https:\/\/envari.com\/wp-content\/uploads\/2022\/04\/who-we-serve-banner-2.jpg?id=7114) !important;background-position: center !important;background-repeat: no-repeat !important;background-size: cover !important;}\u00a0\u00bb el_id=\u00a0\u00bbpage-header\u00a0\u00bb][vc_column][vc_column_text css=\u00a0\u00bb.vc_custom_1649094405697{margin-bottom: 20px !important;}\u00a0\u00bb] Qui nous servons [\/vc_column_text][vc_row_inner][vc_column_inner el_class=\u00a0\u00bbent-hero-desc\u00a0\u00bb offset=\u00a0\u00bbvc_col-lg-2\/5 vc_col-md-12 vc_col-xs-12&Prime;][\/vc_column_inner][vc_column_inner width=\u00a0\u00bb3\/5&Prime;][\/vc_column_inner][\/vc_row_inner][\/vc_column][\/vc_row][vc_row content_width=\u00a0\u00bbgrid\u00a0\u00bb css_animation=\u00a0\u00bbqodef-element-from-fade\u00a0\u00bb css=\u00a0\u00bb.vc_custom_1649101529183{padding-top: 50px !important;padding-bottom: 50px !important;}\u00a0\u00bb][vc_column width=\u00a0\u00bb1\/4&Prime;][\/vc_column][vc_column width=\u00a0\u00bb1\/2&Prime;][vc_column_text]Entreprise \u00e9nerg\u00e9tique diversifi\u00e9e et innovante, Envari propose son&#8230;<\/p>\n","protected":false},"author":15,"featured_media":6240,"parent":0,"menu_order":0,"comment_status":"closed","ping_status":"closed","template":"full-width.php","meta":{"inline_featured_image":false,"footnotes":""},"class_list":["post-6759","page","type-page","status-publish","has-post-thumbnail","hentry"],"yoast_head":"<!-- This site is optimized with the Yoast SEO plugin v27.4 - https:\/\/yoast.com\/product\/yoast-seo-wordpress\/ -->\n<title>Qui nous servons - Envari Solutions \u00e9nerg\u00e9tiques<\/title>\n<meta name=\"robots\" content=\"index, follow, max-snippet:-1, max-image-preview:large, max-video-preview:-1\" \/>\n<link rel=\"canonical\" href=\"https:\/\/staging.envari.com\/who-we-serve\/\" \/>\n<meta property=\"og:locale\" content=\"fr_FR\" \/>\n<meta property=\"og:type\" content=\"article\" \/>\n<meta property=\"og:title\" content=\"Qui nous servons - Envari Solutions \u00e9nerg\u00e9tiques\" \/>\n<meta property=\"og:description\" content=\"[vc_row content_width=\u00a0\u00bbgrid\u00a0\u00bb css_animation=\u00a0\u00bbqodef-element-from-fade\u00a0\u00bb el_class=\u00a0\u00bbent-hero dark grey-text\u00a0\u00bb css=\u00a0\u00bb.vc_custom_1649101573612{background: #0a0a0a url(https:\/\/envari.com\/wp-content\/uploads\/2022\/04\/who-we-serve-banner-2.jpg?id=7114) !important;background-position: center !important;background-repeat: no-repeat !important;background-size: cover !important;}\u00a0\u00bb el_id=\u00a0\u00bbpage-header\u00a0\u00bb][vc_column][vc_column_text css=\u00a0\u00bb.vc_custom_1649094405697{margin-bottom: 20px !important;}\u00a0\u00bb] Qui nous servons [\/vc_column_text][vc_row_inner][vc_column_inner el_class=\u00a0\u00bbent-hero-desc\u00a0\u00bb offset=\u00a0\u00bbvc_col-lg-2\/5 vc_col-md-12 vc_col-xs-12&Prime;][\/vc_column_inner][vc_column_inner width=\u00a0\u00bb3\/5&Prime;][\/vc_column_inner][\/vc_row_inner][\/vc_column][\/vc_row][vc_row content_width=\u00a0\u00bbgrid\u00a0\u00bb css_animation=\u00a0\u00bbqodef-element-from-fade\u00a0\u00bb css=\u00a0\u00bb.vc_custom_1649101529183{padding-top: 50px !important;padding-bottom: 50px !important;}\u00a0\u00bb][vc_column width=\u00a0\u00bb1\/4&Prime;][\/vc_column][vc_column width=\u00a0\u00bb1\/2&Prime;][vc_column_text]Entreprise \u00e9nerg\u00e9tique diversifi\u00e9e et innovante, Envari propose son...\" \/>\n<meta property=\"og:url\" content=\"https:\/\/staging.envari.com\/who-we-serve\/\" \/>\n<meta property=\"og:site_name\" content=\"Envari Solutions \u00e9nerg\u00e9tiques\" \/>\n<meta property=\"article:modified_time\" content=\"2022-05-04T18:25:51+00:00\" \/>\n<meta property=\"og:image\" content=\"https:\/\/staging.envari.com\/wp-content\/uploads\/2018\/05\/18-0185-shutterstock_665196310.jpg\" \/>\n\t<meta property=\"og:image:width\" content=\"1024\" \/>\n\t<meta property=\"og:image:height\" content=\"724\" \/>\n\t<meta property=\"og:image:type\" content=\"image\/jpeg\" \/>\n<meta name=\"twitter:card\" content=\"summary_large_image\" \/>\n<meta name=\"twitter:label1\" content=\"Dur\u00e9e de lecture estim\u00e9e\" \/>\n\t<meta name=\"twitter:data1\" content=\"3 minutes\" \/>\n<script type=\"application\/ld+json\" class=\"yoast-schema-graph\">{\"@context\":\"https:\\\/\\\/schema.org\",\"@graph\":[{\"@type\":\"WebPage\",\"@id\":\"https:\\\/\\\/staging.envari.com\\\/who-we-serve\\\/\",\"url\":\"https:\\\/\\\/staging.envari.com\\\/who-we-serve\\\/\",\"name\":\"Qui nous servons - Envari Solutions \u00e9nerg\u00e9tiques\",\"isPartOf\":{\"@id\":\"https:\\\/\\\/staging.envari.com\\\/#website\"},\"primaryImageOfPage\":{\"@id\":\"https:\\\/\\\/staging.envari.com\\\/who-we-serve\\\/#primaryimage\"},\"image\":{\"@id\":\"https:\\\/\\\/staging.envari.com\\\/who-we-serve\\\/#primaryimage\"},\"thumbnailUrl\":\"https:\\\/\\\/envari.com\\\/wp-content\\\/uploads\\\/2018\\\/05\\\/18-0185-shutterstock_665196310.jpg\",\"datePublished\":\"2018-12-06T00:18:49+00:00\",\"dateModified\":\"2022-05-04T18:25:51+00:00\",\"breadcrumb\":{\"@id\":\"https:\\\/\\\/staging.envari.com\\\/who-we-serve\\\/#breadcrumb\"},\"inLanguage\":\"fr-FR\",\"potentialAction\":[{\"@type\":\"ReadAction\",\"target\":[\"https:\\\/\\\/staging.envari.com\\\/who-we-serve\\\/\"]}]},{\"@type\":\"ImageObject\",\"inLanguage\":\"fr-FR\",\"@id\":\"https:\\\/\\\/staging.envari.com\\\/who-we-serve\\\/#primaryimage\",\"url\":\"https:\\\/\\\/envari.com\\\/wp-content\\\/uploads\\\/2018\\\/05\\\/18-0185-shutterstock_665196310.jpg\",\"contentUrl\":\"https:\\\/\\\/envari.com\\\/wp-content\\\/uploads\\\/2018\\\/05\\\/18-0185-shutterstock_665196310.jpg\",\"width\":1024,\"height\":724,\"caption\":\"Orange light particles connected by lines\"},{\"@type\":\"BreadcrumbList\",\"@id\":\"https:\\\/\\\/staging.envari.com\\\/who-we-serve\\\/#breadcrumb\",\"itemListElement\":[{\"@type\":\"ListItem\",\"position\":1,\"name\":\"Home\",\"item\":\"https:\\\/\\\/staging.envari.com\\\/fr\\\/\"},{\"@type\":\"ListItem\",\"position\":2,\"name\":\"Qui nous servons\"}]},{\"@type\":\"WebSite\",\"@id\":\"https:\\\/\\\/staging.envari.com\\\/#website\",\"url\":\"https:\\\/\\\/staging.envari.com\\\/\",\"name\":\"Envari Solutions \u00e9nerg\u00e9tiques\",\"description\":\"Energy transformation specialists offering a wide range of energy management solutions to commercial, utility and government clients.\",\"potentialAction\":[{\"@type\":\"SearchAction\",\"target\":{\"@type\":\"EntryPoint\",\"urlTemplate\":\"https:\\\/\\\/staging.envari.com\\\/?s={search_term_string}\"},\"query-input\":{\"@type\":\"PropertyValueSpecification\",\"valueRequired\":true,\"valueName\":\"search_term_string\"}}],\"inLanguage\":\"fr-FR\"}]}<\/script>\n<!-- \/ Yoast SEO plugin. -->","yoast_head_json":{"title":"Qui nous servons - Envari Solutions \u00e9nerg\u00e9tiques","robots":{"index":"index","follow":"follow","max-snippet":"max-snippet:-1","max-image-preview":"max-image-preview:large","max-video-preview":"max-video-preview:-1"},"canonical":"https:\/\/staging.envari.com\/who-we-serve\/","og_locale":"fr_FR","og_type":"article","og_title":"Qui nous servons - Envari Solutions \u00e9nerg\u00e9tiques","og_description":"[vc_row content_width=\u00a0\u00bbgrid\u00a0\u00bb css_animation=\u00a0\u00bbqodef-element-from-fade\u00a0\u00bb el_class=\u00a0\u00bbent-hero dark grey-text\u00a0\u00bb css=\u00a0\u00bb.vc_custom_1649101573612{background: #0a0a0a url(https:\/\/envari.com\/wp-content\/uploads\/2022\/04\/who-we-serve-banner-2.jpg?id=7114) !important;background-position: center !important;background-repeat: no-repeat !important;background-size: cover !important;}\u00a0\u00bb el_id=\u00a0\u00bbpage-header\u00a0\u00bb][vc_column][vc_column_text css=\u00a0\u00bb.vc_custom_1649094405697{margin-bottom: 20px !important;}\u00a0\u00bb] Qui nous servons [\/vc_column_text][vc_row_inner][vc_column_inner el_class=\u00a0\u00bbent-hero-desc\u00a0\u00bb offset=\u00a0\u00bbvc_col-lg-2\/5 vc_col-md-12 vc_col-xs-12&Prime;][\/vc_column_inner][vc_column_inner width=\u00a0\u00bb3\/5&Prime;][\/vc_column_inner][\/vc_row_inner][\/vc_column][\/vc_row][vc_row content_width=\u00a0\u00bbgrid\u00a0\u00bb css_animation=\u00a0\u00bbqodef-element-from-fade\u00a0\u00bb css=\u00a0\u00bb.vc_custom_1649101529183{padding-top: 50px !important;padding-bottom: 50px !important;}\u00a0\u00bb][vc_column width=\u00a0\u00bb1\/4&Prime;][\/vc_column][vc_column width=\u00a0\u00bb1\/2&Prime;][vc_column_text]Entreprise \u00e9nerg\u00e9tique diversifi\u00e9e et innovante, Envari propose son...","og_url":"https:\/\/staging.envari.com\/who-we-serve\/","og_site_name":"Envari Solutions \u00e9nerg\u00e9tiques","article_modified_time":"2022-05-04T18:25:51+00:00","og_image":[{"width":1024,"height":724,"url":"https:\/\/staging.envari.com\/wp-content\/uploads\/2018\/05\/18-0185-shutterstock_665196310.jpg","type":"image\/jpeg"}],"twitter_card":"summary_large_image","twitter_misc":{"Dur\u00e9e de lecture estim\u00e9e":"3 minutes"},"schema":{"@context":"https:\/\/schema.org","@graph":[{"@type":"WebPage","@id":"https:\/\/staging.envari.com\/who-we-serve\/","url":"https:\/\/staging.envari.com\/who-we-serve\/","name":"Qui nous servons - Envari Solutions \u00e9nerg\u00e9tiques","isPartOf":{"@id":"https:\/\/staging.envari.com\/#website"},"primaryImageOfPage":{"@id":"https:\/\/staging.envari.com\/who-we-serve\/#primaryimage"},"image":{"@id":"https:\/\/staging.envari.com\/who-we-serve\/#primaryimage"},"thumbnailUrl":"https:\/\/envari.com\/wp-content\/uploads\/2018\/05\/18-0185-shutterstock_665196310.jpg","datePublished":"2018-12-06T00:18:49+00:00","dateModified":"2022-05-04T18:25:51+00:00","breadcrumb":{"@id":"https:\/\/staging.envari.com\/who-we-serve\/#breadcrumb"},"inLanguage":"fr-FR","potentialAction":[{"@type":"ReadAction","target":["https:\/\/staging.envari.com\/who-we-serve\/"]}]},{"@type":"ImageObject","inLanguage":"fr-FR","@id":"https:\/\/staging.envari.com\/who-we-serve\/#primaryimage","url":"https:\/\/envari.com\/wp-content\/uploads\/2018\/05\/18-0185-shutterstock_665196310.jpg","contentUrl":"https:\/\/envari.com\/wp-content\/uploads\/2018\/05\/18-0185-shutterstock_665196310.jpg","width":1024,"height":724,"caption":"Orange light particles connected by lines"},{"@type":"BreadcrumbList","@id":"https:\/\/staging.envari.com\/who-we-serve\/#breadcrumb","itemListElement":[{"@type":"ListItem","position":1,"name":"Home","item":"https:\/\/staging.envari.com\/fr\/"},{"@type":"ListItem","position":2,"name":"Qui nous servons"}]},{"@type":"WebSite","@id":"https:\/\/staging.envari.com\/#website","url":"https:\/\/staging.envari.com\/","name":"Envari Solutions \u00e9nerg\u00e9tiques","description":"Energy transformation specialists offering a wide range of energy management solutions to commercial, utility and government clients.","potentialAction":[{"@type":"SearchAction","target":{"@type":"EntryPoint","urlTemplate":"https:\/\/staging.envari.com\/?s={search_term_string}"},"query-input":{"@type":"PropertyValueSpecification","valueRequired":true,"valueName":"search_term_string"}}],"inLanguage":"fr-FR"}]}},"_links":{"self":[{"href":"https:\/\/envari.com\/fr\/wp-json\/wp\/v2\/pages\/6759","targetHints":{"allow":["GET"]}}],"collection":[{"href":"https:\/\/envari.com\/fr\/wp-json\/wp\/v2\/pages"}],"about":[{"href":"https:\/\/envari.com\/fr\/wp-json\/wp\/v2\/types\/page"}],"author":[{"embeddable":true,"href":"https:\/\/envari.com\/fr\/wp-json\/wp\/v2\/users\/15"}],"replies":[{"embeddable":true,"href":"https:\/\/envari.com\/fr\/wp-json\/wp\/v2\/comments?post=6759"}],"version-history":[{"count":23,"href":"https:\/\/envari.com\/fr\/wp-json\/wp\/v2\/pages\/6759\/revisions"}],"predecessor-version":[{"id":8279,"href":"https:\/\/envari.com\/fr\/wp-json\/wp\/v2\/pages\/6759\/revisions\/8279"}],"wp:featuredmedia":[{"embeddable":true,"href":"https:\/\/envari.com\/fr\/wp-json\/wp\/v2\/media\/6240"}],"wp:attachment":[{"href":"https:\/\/envari.com\/fr\/wp-json\/wp\/v2\/media?parent=6759"}],"curies":[{"name":"wp","href":"https:\/\/api.w.org\/{rel}","templated":true}]}}