{"id":6699,"date":"2018-11-21T19:38:25","date_gmt":"2018-11-22T00:38:25","guid":{"rendered":"https:\/\/envari.com\/carrieres\/"},"modified":"2025-06-25T11:09:46","modified_gmt":"2025-06-25T15:09:46","slug":"carrieres","status":"publish","type":"page","link":"https:\/\/envari.com\/fr\/carrieres\/","title":{"rendered":"Carri\u00e8res"},"content":{"rendered":"<div class=\"wpb-content-wrapper\"><p>[vc_row content_width=\u00a0\u00bbgrid\u00a0\u00bb css_animation=\u00a0\u00bbqodef-element-from-fade\u00a0\u00bb el_class=\u00a0\u00bbent-hero grey-text\u00a0\u00bb css=\u00a0\u00bb.vc_custom_1651587557808{background: #ffffff url(https:\/\/envari.com\/wp-content\/uploads\/2022\/05\/careers-banner-1.jpg?id=8174) !important;background-position: center !important;background-repeat: no-repeat !important;background-size: contain !important;}\u00a0\u00bb el_id=\u00a0\u00bbpage-header\u00a0\u00bb][vc_column][vc_column_text css=\u00a0\u00bb.vc_custom_1649344293922{margin-bottom: 20px !important;}\u00a0\u00bb]<\/p>\n<h1>Carri\u00e8res<\/h1>\n<p>[\/vc_column_text][vc_row_inner][vc_column_inner el_class=\u00a0\u00bbent-hero-desc\u00a0\u00bb offset=\u00a0\u00bbvc_col-lg-2\/5 vc_col-md-12 vc_col-xs-12&Prime;][vc_column_text]<span class=\"ent-hero-desc\">\u00c9nergisez votre avenir : travaillez chez Envari.<\/span>[\/vc_column_text][\/vc_column_inner][vc_column_inner width=\u00a0\u00bb3\/5&Prime;][\/vc_column_inner][\/vc_row_inner][\/vc_column][\/vc_row][vc_row content_width=\u00a0\u00bbgrid\u00a0\u00bb css=\u00a0\u00bb.vc_custom_1649433763744{padding-top: 50px !important;padding-bottom: 70px !important;background-position: center !important;background-repeat: no-repeat !important;background-size: cover !important;}\u00a0\u00bb el_class=\u00a0\u00bbgrey-titles\u00a0\u00bb][vc_column width=\u00a0\u00bb1\/6&Prime;][\/vc_column][vc_column width=\u00a0\u00bb2\/3&Prime; css=\u00a0\u00bb.vc_custom_1649433831982{padding-right: 3vw !important;padding-left: 3vw !important;}\u00a0\u00bb][vc_column_text]<\/p>\n<h3>Envari est l\u2019un des employeurs les plus verts du Canada et compte \u00e9galement parmi les meilleurs employeurs de la r\u00e9gion de la capitale nationale.<\/h3>\n<p>Nous faisons \u00e9voluer l\u2019innovation dans le secteur \u00e9nerg\u00e9tique et nous int\u00e9grons des solutions de gestion de l\u2019\u00e9nergie dans les communaut\u00e9s. Nous sommes fiers de compter sur des employ\u00e9s brillants, passionn\u00e9s et motiv\u00e9s, qui sont d\u00e9termin\u00e9s \u00e0 travailler de concert pour combler les attentes de nos clients et am\u00e9liorer la qualit\u00e9 de vie dans les communaut\u00e9s o\u00f9 nous sommes pr\u00e9sents.<\/p>\n<p>Filiale de la Soci\u00e9t\u00e9 de portefeuille Hydro Ottawa inc., Envari est une entreprise sp\u00e9cialis\u00e9e en solutions \u00e9nerg\u00e9tiques. Elle offre un vaste \u00e9ventail de services de gestion de l\u2019\u00e9nergie, ax\u00e9s sur la responsabilit\u00e9 environnementale et la conservation.<\/p>\n<p>Dans un secteur stable, nous offrons une r\u00e9mun\u00e9ration concurrentielle et un r\u00e9gime d\u2019avantages sociaux. Celui-ci couvre notamment les soins m\u00e9dicaux, dentaires et visuels; comprend une assurance vie et invalidit\u00e9 ainsi qu\u2019un r\u00e9gime de retraite \u00e0 prestations d\u00e9termin\u00e9es. Nous offrons \u00e9galement un programme de mieux-\u00eatre, qui comprend des installations de conditionnement physique en milieu de travail, et, pour t\u00e9moigner de notre vision communautaire, nous r\u00e9mun\u00e9rons une journ\u00e9e de b\u00e9n\u00e9volat par ann\u00e9e.<\/p>\n<p>Si vous croyez que votre travail est bien plus qu\u2019un simple emploi et que vous souhaitez faire partie d\u2019une \u00e9quipe qui pense la m\u00eame chose que vous, joignez-vous \u00e0 Envari.[\/vc_column_text][\/vc_column][vc_column width=\u00a0\u00bb1\/6&Prime;][\/vc_column][\/vc_row][vc_row row_type=\u00a0\u00bbparallax\u00a0\u00bb content_width=\u00a0\u00bbgrid\u00a0\u00bb full_screen_section_height=\u00a0\u00bbno\u00a0\u00bb parallax_background_image=\u00a0\u00bb8070&Prime; el_class=\u00a0\u00bbdark vert-align cta-parallax\u00a0\u00bb css=\u00a0\u00bb.vc_custom_1651587582386{padding-top: 80px !important;padding-bottom: 80px !important;background-color: #0d2f59 !important;}\u00a0\u00bb][vc_column width=\u00a0\u00bb1\/2&Prime; css=\u00a0\u00bb.vc_custom_1649269441194{padding-top: 20px !important;padding-bottom: 20px !important;}\u00a0\u00bb][vc_column_text]<\/p>\n<h2>Vous souhaitez optimiser votre potentiel professionnel?<\/h2>\n<p>[\/vc_column_text][\/vc_column][vc_column width=\u00a0\u00bb1\/6&Prime;][\/vc_column][vc_column width=\u00a0\u00bb1\/3&Prime;]<a href=\"https:\/\/hydroottawa.wd3.myworkdayjobs.com\/fr-CA\/envari_ottawa_careersite\" target=\"_self\" style=\"color: #ffffff;background-color: #1c59a4;font-size: 20px\" class=\"qodef-btn qodef-btn-large qodef-btn-solid qodef-btn-custom-hover-bg qodef-btn-custom-hover-color btn-blue-rnd qodef-btn-hover-animation\" data-hover-bg-color=\"#1c59a4\" data-hover-color=\"#ffffff\" >\n            <div class=\"qodef-animation-overlay-holder\">\n            <span  style=\"background-color: #50b748\"  class=\"qodef-animation-overlay\"><\/span>\n        <\/div>\n        <span class=\"qodef-btn-text\">Joignez-vous \u00e0 notre \u00e9quipe<\/span>\n    <span class=\"qodef-btn-text-icon\"><\/span>\n<\/a>[\/vc_column][\/vc_row]<\/p>\n<\/div>","protected":false},"excerpt":{"rendered":"<p>[vc_row content_width=\u00a0\u00bbgrid\u00a0\u00bb css_animation=\u00a0\u00bbqodef-element-from-fade\u00a0\u00bb el_class=\u00a0\u00bbent-hero grey-text\u00a0\u00bb css=\u00a0\u00bb.vc_custom_1651587557808{background: #ffffff url(https:\/\/envari.com\/wp-content\/uploads\/2022\/05\/careers-banner-1.jpg?id=8174) !important;background-position: center !important;background-repeat: no-repeat !important;background-size: contain !important;}\u00a0\u00bb el_id=\u00a0\u00bbpage-header\u00a0\u00bb][vc_column][vc_column_text css=\u00a0\u00bb.vc_custom_1649344293922{margin-bottom: 20px !important;}\u00a0\u00bb] Carri\u00e8res [\/vc_column_text][vc_row_inner][vc_column_inner el_class=\u00a0\u00bbent-hero-desc\u00a0\u00bb offset=\u00a0\u00bbvc_col-lg-2\/5 vc_col-md-12 vc_col-xs-12&Prime;][vc_column_text]\u00c9nergisez votre avenir : travaillez chez Envari.[\/vc_column_text][\/vc_column_inner][vc_column_inner width=\u00a0\u00bb3\/5&Prime;][\/vc_column_inner][\/vc_row_inner][\/vc_column][\/vc_row][vc_row content_width=\u00a0\u00bbgrid\u00a0\u00bb css=\u00a0\u00bb.vc_custom_1649433763744{padding-top: 50px !important;padding-bottom: 70px !important;background-position: center !important;background-repeat: no-repeat !important;background-size: cover !important;}\u00a0\u00bb el_class=\u00a0\u00bbgrey-titles\u00a0\u00bb][vc_column&#8230;<\/p>\n","protected":false},"author":15,"featured_media":8202,"parent":0,"menu_order":0,"comment_status":"closed","ping_status":"closed","template":"full-width.php","meta":{"inline_featured_image":false,"footnotes":""},"class_list":["post-6699","page","type-page","status-publish","has-post-thumbnail","hentry"],"yoast_head":"<!-- This site is optimized with the Yoast SEO plugin v27.3 - https:\/\/yoast.com\/product\/yoast-seo-wordpress\/ -->\n<title>Carri\u00e8res - Envari Solutions \u00e9nerg\u00e9tiques<\/title>\n<meta name=\"robots\" content=\"index, follow, max-snippet:-1, max-image-preview:large, max-video-preview:-1\" \/>\n<link rel=\"canonical\" href=\"https:\/\/staging.envari.com\/fr\/carrieres\/\" \/>\n<meta property=\"og:locale\" content=\"fr_FR\" \/>\n<meta property=\"og:type\" content=\"article\" \/>\n<meta property=\"og:title\" content=\"Carri\u00e8res - Envari Solutions \u00e9nerg\u00e9tiques\" \/>\n<meta property=\"og:description\" content=\"[vc_row content_width=\u00a0\u00bbgrid\u00a0\u00bb css_animation=\u00a0\u00bbqodef-element-from-fade\u00a0\u00bb el_class=\u00a0\u00bbent-hero grey-text\u00a0\u00bb css=\u00a0\u00bb.vc_custom_1651587557808{background: #ffffff url(https:\/\/envari.com\/wp-content\/uploads\/2022\/05\/careers-banner-1.jpg?id=8174) !important;background-position: center !important;background-repeat: no-repeat !important;background-size: contain !important;}\u00a0\u00bb el_id=\u00a0\u00bbpage-header\u00a0\u00bb][vc_column][vc_column_text css=\u00a0\u00bb.vc_custom_1649344293922{margin-bottom: 20px !important;}\u00a0\u00bb] Carri\u00e8res [\/vc_column_text][vc_row_inner][vc_column_inner el_class=\u00a0\u00bbent-hero-desc\u00a0\u00bb offset=\u00a0\u00bbvc_col-lg-2\/5 vc_col-md-12 vc_col-xs-12&Prime;][vc_column_text]\u00c9nergisez votre avenir : travaillez chez Envari.[\/vc_column_text][\/vc_column_inner][vc_column_inner width=\u00a0\u00bb3\/5&Prime;][\/vc_column_inner][\/vc_row_inner][\/vc_column][\/vc_row][vc_row content_width=\u00a0\u00bbgrid\u00a0\u00bb css=\u00a0\u00bb.vc_custom_1649433763744{padding-top: 50px !important;padding-bottom: 70px !important;background-position: center !important;background-repeat: no-repeat !important;background-size: cover !important;}\u00a0\u00bb el_class=\u00a0\u00bbgrey-titles\u00a0\u00bb][vc_column...\" \/>\n<meta property=\"og:url\" content=\"https:\/\/staging.envari.com\/fr\/carrieres\/\" \/>\n<meta property=\"og:site_name\" content=\"Envari Solutions \u00e9nerg\u00e9tiques\" \/>\n<meta property=\"article:modified_time\" content=\"2025-06-25T15:09:46+00:00\" \/>\n<meta property=\"og:image\" content=\"https:\/\/staging.envari.com\/wp-content\/uploads\/2022\/05\/careers-banner-2.jpg\" \/>\n\t<meta property=\"og:image:width\" content=\"2200\" \/>\n\t<meta property=\"og:image:height\" content=\"1080\" \/>\n\t<meta property=\"og:image:type\" content=\"image\/jpeg\" \/>\n<meta name=\"twitter:card\" content=\"summary_large_image\" \/>\n<meta name=\"twitter:label1\" content=\"Dur\u00e9e de lecture estim\u00e9e\" \/>\n\t<meta name=\"twitter:data1\" content=\"2 minutes\" \/>\n<script type=\"application\/ld+json\" class=\"yoast-schema-graph\">{\"@context\":\"https:\\\/\\\/schema.org\",\"@graph\":[{\"@type\":\"WebPage\",\"@id\":\"https:\\\/\\\/staging.envari.com\\\/fr\\\/carrieres\\\/\",\"url\":\"https:\\\/\\\/staging.envari.com\\\/fr\\\/carrieres\\\/\",\"name\":\"Carri\u00e8res - Envari Solutions \u00e9nerg\u00e9tiques\",\"isPartOf\":{\"@id\":\"https:\\\/\\\/staging.envari.com\\\/#website\"},\"primaryImageOfPage\":{\"@id\":\"https:\\\/\\\/staging.envari.com\\\/fr\\\/carrieres\\\/#primaryimage\"},\"image\":{\"@id\":\"https:\\\/\\\/staging.envari.com\\\/fr\\\/carrieres\\\/#primaryimage\"},\"thumbnailUrl\":\"https:\\\/\\\/envari.com\\\/wp-content\\\/uploads\\\/2022\\\/05\\\/careers-banner-2.jpg\",\"datePublished\":\"2018-11-22T00:38:25+00:00\",\"dateModified\":\"2025-06-25T15:09:46+00:00\",\"breadcrumb\":{\"@id\":\"https:\\\/\\\/staging.envari.com\\\/fr\\\/carrieres\\\/#breadcrumb\"},\"inLanguage\":\"fr-FR\",\"potentialAction\":[{\"@type\":\"ReadAction\",\"target\":[\"https:\\\/\\\/staging.envari.com\\\/fr\\\/carrieres\\\/\"]}]},{\"@type\":\"ImageObject\",\"inLanguage\":\"fr-FR\",\"@id\":\"https:\\\/\\\/staging.envari.com\\\/fr\\\/carrieres\\\/#primaryimage\",\"url\":\"https:\\\/\\\/envari.com\\\/wp-content\\\/uploads\\\/2022\\\/05\\\/careers-banner-2.jpg\",\"contentUrl\":\"https:\\\/\\\/envari.com\\\/wp-content\\\/uploads\\\/2022\\\/05\\\/careers-banner-2.jpg\",\"width\":2200,\"height\":1080},{\"@type\":\"BreadcrumbList\",\"@id\":\"https:\\\/\\\/staging.envari.com\\\/fr\\\/carrieres\\\/#breadcrumb\",\"itemListElement\":[{\"@type\":\"ListItem\",\"position\":1,\"name\":\"Home\",\"item\":\"https:\\\/\\\/staging.envari.com\\\/fr\\\/\"},{\"@type\":\"ListItem\",\"position\":2,\"name\":\"Carri\u00e8res\"}]},{\"@type\":\"WebSite\",\"@id\":\"https:\\\/\\\/staging.envari.com\\\/#website\",\"url\":\"https:\\\/\\\/staging.envari.com\\\/\",\"name\":\"Envari Solutions \u00e9nerg\u00e9tiques\",\"description\":\"Energy transformation specialists offering a wide range of energy management solutions to commercial, utility and government clients.\",\"potentialAction\":[{\"@type\":\"SearchAction\",\"target\":{\"@type\":\"EntryPoint\",\"urlTemplate\":\"https:\\\/\\\/staging.envari.com\\\/?s={search_term_string}\"},\"query-input\":{\"@type\":\"PropertyValueSpecification\",\"valueRequired\":true,\"valueName\":\"search_term_string\"}}],\"inLanguage\":\"fr-FR\"}]}<\/script>\n<!-- \/ Yoast SEO plugin. -->","yoast_head_json":{"title":"Carri\u00e8res - Envari Solutions \u00e9nerg\u00e9tiques","robots":{"index":"index","follow":"follow","max-snippet":"max-snippet:-1","max-image-preview":"max-image-preview:large","max-video-preview":"max-video-preview:-1"},"canonical":"https:\/\/staging.envari.com\/fr\/carrieres\/","og_locale":"fr_FR","og_type":"article","og_title":"Carri\u00e8res - Envari Solutions \u00e9nerg\u00e9tiques","og_description":"[vc_row content_width=\u00a0\u00bbgrid\u00a0\u00bb css_animation=\u00a0\u00bbqodef-element-from-fade\u00a0\u00bb el_class=\u00a0\u00bbent-hero grey-text\u00a0\u00bb css=\u00a0\u00bb.vc_custom_1651587557808{background: #ffffff url(https:\/\/envari.com\/wp-content\/uploads\/2022\/05\/careers-banner-1.jpg?id=8174) !important;background-position: center !important;background-repeat: no-repeat !important;background-size: contain !important;}\u00a0\u00bb el_id=\u00a0\u00bbpage-header\u00a0\u00bb][vc_column][vc_column_text css=\u00a0\u00bb.vc_custom_1649344293922{margin-bottom: 20px !important;}\u00a0\u00bb] Carri\u00e8res [\/vc_column_text][vc_row_inner][vc_column_inner el_class=\u00a0\u00bbent-hero-desc\u00a0\u00bb offset=\u00a0\u00bbvc_col-lg-2\/5 vc_col-md-12 vc_col-xs-12&Prime;][vc_column_text]\u00c9nergisez votre avenir : travaillez chez Envari.[\/vc_column_text][\/vc_column_inner][vc_column_inner width=\u00a0\u00bb3\/5&Prime;][\/vc_column_inner][\/vc_row_inner][\/vc_column][\/vc_row][vc_row content_width=\u00a0\u00bbgrid\u00a0\u00bb css=\u00a0\u00bb.vc_custom_1649433763744{padding-top: 50px !important;padding-bottom: 70px !important;background-position: center !important;background-repeat: no-repeat !important;background-size: cover !important;}\u00a0\u00bb el_class=\u00a0\u00bbgrey-titles\u00a0\u00bb][vc_column...","og_url":"https:\/\/staging.envari.com\/fr\/carrieres\/","og_site_name":"Envari Solutions \u00e9nerg\u00e9tiques","article_modified_time":"2025-06-25T15:09:46+00:00","og_image":[{"width":2200,"height":1080,"url":"https:\/\/staging.envari.com\/wp-content\/uploads\/2022\/05\/careers-banner-2.jpg","type":"image\/jpeg"}],"twitter_card":"summary_large_image","twitter_misc":{"Dur\u00e9e de lecture estim\u00e9e":"2 minutes"},"schema":{"@context":"https:\/\/schema.org","@graph":[{"@type":"WebPage","@id":"https:\/\/staging.envari.com\/fr\/carrieres\/","url":"https:\/\/staging.envari.com\/fr\/carrieres\/","name":"Carri\u00e8res - Envari Solutions \u00e9nerg\u00e9tiques","isPartOf":{"@id":"https:\/\/staging.envari.com\/#website"},"primaryImageOfPage":{"@id":"https:\/\/staging.envari.com\/fr\/carrieres\/#primaryimage"},"image":{"@id":"https:\/\/staging.envari.com\/fr\/carrieres\/#primaryimage"},"thumbnailUrl":"https:\/\/envari.com\/wp-content\/uploads\/2022\/05\/careers-banner-2.jpg","datePublished":"2018-11-22T00:38:25+00:00","dateModified":"2025-06-25T15:09:46+00:00","breadcrumb":{"@id":"https:\/\/staging.envari.com\/fr\/carrieres\/#breadcrumb"},"inLanguage":"fr-FR","potentialAction":[{"@type":"ReadAction","target":["https:\/\/staging.envari.com\/fr\/carrieres\/"]}]},{"@type":"ImageObject","inLanguage":"fr-FR","@id":"https:\/\/staging.envari.com\/fr\/carrieres\/#primaryimage","url":"https:\/\/envari.com\/wp-content\/uploads\/2022\/05\/careers-banner-2.jpg","contentUrl":"https:\/\/envari.com\/wp-content\/uploads\/2022\/05\/careers-banner-2.jpg","width":2200,"height":1080},{"@type":"BreadcrumbList","@id":"https:\/\/staging.envari.com\/fr\/carrieres\/#breadcrumb","itemListElement":[{"@type":"ListItem","position":1,"name":"Home","item":"https:\/\/staging.envari.com\/fr\/"},{"@type":"ListItem","position":2,"name":"Carri\u00e8res"}]},{"@type":"WebSite","@id":"https:\/\/staging.envari.com\/#website","url":"https:\/\/staging.envari.com\/","name":"Envari Solutions \u00e9nerg\u00e9tiques","description":"Energy transformation specialists offering a wide range of energy management solutions to commercial, utility and government clients.","potentialAction":[{"@type":"SearchAction","target":{"@type":"EntryPoint","urlTemplate":"https:\/\/staging.envari.com\/?s={search_term_string}"},"query-input":{"@type":"PropertyValueSpecification","valueRequired":true,"valueName":"search_term_string"}}],"inLanguage":"fr-FR"}]}},"_links":{"self":[{"href":"https:\/\/envari.com\/fr\/wp-json\/wp\/v2\/pages\/6699","targetHints":{"allow":["GET"]}}],"collection":[{"href":"https:\/\/envari.com\/fr\/wp-json\/wp\/v2\/pages"}],"about":[{"href":"https:\/\/envari.com\/fr\/wp-json\/wp\/v2\/types\/page"}],"author":[{"embeddable":true,"href":"https:\/\/envari.com\/fr\/wp-json\/wp\/v2\/users\/15"}],"replies":[{"embeddable":true,"href":"https:\/\/envari.com\/fr\/wp-json\/wp\/v2\/comments?post=6699"}],"version-history":[{"count":24,"href":"https:\/\/envari.com\/fr\/wp-json\/wp\/v2\/pages\/6699\/revisions"}],"predecessor-version":[{"id":8185,"href":"https:\/\/envari.com\/fr\/wp-json\/wp\/v2\/pages\/6699\/revisions\/8185"}],"wp:featuredmedia":[{"embeddable":true,"href":"https:\/\/envari.com\/fr\/wp-json\/wp\/v2\/media\/8202"}],"wp:attachment":[{"href":"https:\/\/envari.com\/fr\/wp-json\/wp\/v2\/media?parent=6699"}],"curies":[{"name":"wp","href":"https:\/\/api.w.org\/{rel}","templated":true}]}}